{"id":1064,"date":"2025-02-11T01:04:55","date_gmt":"2025-02-11T09:04:55","guid":{"rendered":"https:\/\/azh5n13ivf.onrocket.site\/?page_id=1064"},"modified":"2025-02-13T17:52:41","modified_gmt":"2025-02-14T01:52:41","slug":"tyroliennes","status":"publish","type":"page","link":"https:\/\/treelofts.com\/fr\/tyroliennes\/","title":{"rendered":"Tyroliennes"},"content":{"rendered":"<div class=\"banner has-hover\" id=\"banner-1556375754\">\n          <div class=\"banner-inner fill\">\n        <div class=\"banner-bg fill\" >\n            <img decoding=\"async\" width=\"1080\" height=\"1080\" src=\"https:\/\/treelofts.com\/wp-content\/uploads\/2025\/02\/Zip-Lines-2.jpg\" class=\"bg attachment-original size-original\" alt=\"\" title=\"\">                        <div class=\"overlay\"><\/div>            \n                    <\/div>\n\t\t\n        <div class=\"banner-layers container\">\n            <div class=\"fill banner-link\"><\/div>            \n\n   <div id=\"text-box-293687083\" class=\"text-box banner-layer x50 md-x50 lg-x50 y50 md-y50 lg-y50 res-text\">\n                                <div class=\"text-box-content text dark\">\n              \n              <div class=\"text-inner text-center\">\n                  \n\n<h3>L'ultime frisson pour votre cabane !<\/h3>\n<h1 class=\"image-with-text__heading h1\"><strong>Tyroliennes<\/strong><\/h1>\n<p>Imaginez votre c\u0153ur battre la chamade alors que vous vous tenez au bord de votre maison dans les arbres, agripp\u00e9 \u00e0 la poign\u00e9e d'une tyrolienne. Vous inspirez profond\u00e9ment, vous vous \u00e9lancez et vous vous envolez \u00e0 travers les arbres, le vent vous fr\u00f4le le visage, le sol d\u00e9file \u00e0 toute vitesse sous vos pieds. C'est rapide, excitant et un voyage pas comme les autres !<\/p>\n<p>L'ajout d'une tyrolienne \u00e0 votre maison dans les arbres transforme votre jardin en un parc d'aventure \u00e0 part enti\u00e8re, plut\u00f4t que d'offrir seulement un chemin de descente diff\u00e9rent. Il s'agit d'une am\u00e9lioration qui offre une excitation permanente pour tous les \u00e2ges, qu'il s'agisse d'un court trajet pour les enfants ou d'une longue tyrolienne \u00e0 grande vitesse pour les membres de la famille qui recherchent des sensations fortes.<\/p>\n\n              <\/div>\n           <\/div>\n                            \n<style>\n#text-box-293687083 {\n  width: 86%;\n}\n#text-box-293687083 .text-box-content {\n  font-size: 100%;\n}\n<\/style>\n    <\/div>\n \n\n        <\/div>\n      <\/div>\n\n            \n<style>\n#banner-1556375754 {\n  padding-top: 800px;\n}\n#banner-1556375754 .overlay {\n  background-color: rgba(0,0,0,.5);\n}\n#banner-1556375754 .banner-bg img {\n  object-position: 56% 66%;\n}\n<\/style>\n  <\/div>\n\n\n\t<div id=\"gap-204410931\" class=\"gap-element clearfix\" style=\"display:block; height:auto;\">\n\t\t\n<style>\n#gap-204410931 {\n  padding-top: 60px;\n}\n<\/style>\n\t<\/div>\n\t\n\n\n\t<section class=\"section\" id=\"section_205874923\">\n\t\t<div class=\"section-bg fill\" >\n\t\t\t\t\t\t\t\t\t\n\t\t\t\n\n\t\t<\/div>\n\n\t\t\n\n\t\t<div class=\"section-content relative\">\n\t\t\t\n\n<div class=\"row row-collapse align-middle\" style=\"max-width:1300px\" id=\"row-2022867113\">\n\n\n\t<div id=\"col-875727602\" class=\"col small-12 large-12\"  >\n\t\t\t\t<div class=\"col-inner\" style=\"background-color:rgb(246, 246, 246);\" >\n\t\t\t\n\t\t\t\n\n<div class=\"row row-collapse align-middle\" style=\"max-width:1300px\" id=\"row-2039394135\">\n\n\n\t<div id=\"col-1608900284\" class=\"col medium-12 small-12 large-6\"  >\n\t\t\t\t<div class=\"col-inner\"  >\n\t\t\t\n\t\t\t\n\n\n  <div class=\"banner has-hover\" id=\"banner-2101281642\">\n          <div class=\"banner-inner fill\">\n        <div class=\"banner-bg fill\" >\n            <img decoding=\"async\" width=\"753\" height=\"800\" src=\"https:\/\/treelofts.com\/wp-content\/uploads\/2025\/02\/Zip-Lines-1-753x800.jpg\" class=\"bg attachment-large size-large\" alt=\"\" title=\"\">                                    \n                    <\/div>\n\t\t\n        <div class=\"banner-layers container\">\n            <div class=\"fill banner-link\"><\/div>            \n\n   <div id=\"text-box-1712411176\" class=\"text-box banner-layer x50 md-x50 lg-x50 y50 md-y50 lg-y50 res-text\">\n                                <div class=\"text-box-content text dark\">\n              \n              <div class=\"text-inner text-center\">\n                  \n\n\n              <\/div>\n           <\/div>\n                            \n<style>\n#text-box-1712411176 {\n  width: 60%;\n}\n#text-box-1712411176 .text-box-content {\n  font-size: 100%;\n}\n@media (min-width:550px) {\n  #text-box-1712411176 {\n    width: 60%;\n  }\n}\n<\/style>\n    <\/div>\n \n\n        <\/div>\n      <\/div>\n\n            \n<style>\n#banner-2101281642 {\n  padding-top: 300px;\n  background-color: rgb(255,255,255);\n}\n#banner-2101281642 .banner-bg img {\n  object-position: 82% 0%;\n}\n@media (min-width:550px) {\n  #banner-2101281642 {\n    padding-top: 400px;\n  }\n}\n@media (min-width:850px) {\n  #banner-2101281642 {\n    padding-top: 500px;\n  }\n}\n<\/style>\n  <\/div>\n\n\n\n\t\t<\/div>\n\t\t\t\t\t<\/div>\n\n\t\n\n\t<div id=\"col-1697775977\" class=\"col medium-12 small-12 large-6\"  >\n\t\t\t\t<div class=\"col-inner\" style=\"background-color:rgb(246, 246, 246);\" >\n\t\t\t\n\t\t\t\n\n\t<div id=\"text-925519400\" class=\"text\">\n\t\t\n\n<h2><strong data-start=\"1112\" data-end=\"1153\">Pourquoi ajouter une tyrolienne \u00e0 votre cabane ?<\/strong><\/h2>\n\t\t\n<style>\n#text-925519400 {\n  font-size: 1.5rem;\n}\n<\/style>\n\t<\/div>\n\t\n<p>Une tyrolienne transforme votre cabane, et n'ajoute pas seulement une valeur de divertissement. Une tyrolienne offre une descente rapide et exaltante, un parcours d'aventure dans l'arri\u00e8re-cour ou une chevauch\u00e9e fantastique \u00e0 travers les bois. Voici les raisons pour lesquelles toute cabane doit \u00eatre \u00e9quip\u00e9e d'une tyrolienne :<\/p>\n<a href=\"https:\/\/treelofts.com\/fr\/nous-contacter\/\" class=\"button white is-outline\"  style=\"border-radius:10px;padding:10px 25px 10px 25px;\">\n\t\t<span>commencez votre voyage dans les arbres d\u00e8s aujourd'hui<\/span>\n\t<\/a>\n\n\n\n\t\t<\/div>\n\t\t\t\t\n<style>\n#col-1697775977 > .col-inner {\n  padding: 40px 30px 30px 30px;\n}\n@media (min-width:550px) {\n  #col-1697775977 > .col-inner {\n    padding: 50px 75px 50px 75px;\n  }\n}\n@media (min-width:850px) {\n  #col-1697775977 > .col-inner {\n    padding: 0px 75px 0px 75px;\n  }\n}\n<\/style>\n\t<\/div>\n\n\t\n\n<\/div>\n\n\t\t<\/div>\n\t\t\t\t\t<\/div>\n\n\t\n\n<\/div>\n\t<div id=\"gap-601502253\" class=\"gap-element clearfix\" style=\"display:block; height:auto;\">\n\t\t\n<style>\n#gap-601502253 {\n  padding-top: 60px;\n}\n<\/style>\n\t<\/div>\n\t\n\n<div class=\"row\"  id=\"row-620966709\">\n\n\n\t<div id=\"col-669257929\" class=\"col small-12 large-12\"  >\n\t\t\t\t<div class=\"col-inner\"  >\n\t\t\t\n\t\t\t\n\n<h3><strong>1. L'exp\u00e9rience du frisson ultime<\/strong><\/h3>\n<p>La pratique consiste \u00e0 descendre d'une cabane dans un arbre ; la descente en tyrolienne, elle, est stup\u00e9fiante ! Chaque fois que vous descendez de la plate-forme, la tyrolienne vous procure une pouss\u00e9e d'exaltation, comme si vous voliez au-dessus de la jungle. Les enfants crient de joie et les adultes se sentent \u00e0 nouveau enfants gr\u00e2ce \u00e0 ce genre d'excitation !<\/p>\n<h3><strong>2. Une alternative amusante et unique aux \u00e9chelles et aux escaliers<\/strong><\/h3>\n<p>Lorsque vous pouvez vous lancer vous-m\u00eame dans une descente \u00e9tonnante, pourquoi suivre le chemin conventionnel ? Chaque descente en tyrolienne - une fa\u00e7on rapide, excitante et participative de quitter votre maison dans les arbres - ressemble \u00e0 une aventure plut\u00f4t qu'\u00e0 une t\u00e2che.<\/p>\n<h3><strong>3. Id\u00e9al pour tous les \u00e2ges<\/strong><\/h3>\n<p>Les adultes adorent les tyroliennes ; elles ne sont pas r\u00e9serv\u00e9es aux enfants ! Il y en a pour tous les \u00e2ges et tous les niveaux, qu'il s'agisse d'une tyrolienne longue et rapide pour les amateurs de sensations fortes ou d'une tyrolienne courte et douce pour les jeunes aventuriers.<\/p>\n<h3><strong>4. Encourager le jeu et l'aventure en plein air<\/strong><\/h3>\n<p>Dans un monde o\u00f9 les appareils r\u00e8gnent sur le divertissement, une tyrolienne permet aux enfants - et aux adultes - de sortir et d'\u00eatre actifs. C'est une excellente approche pour inspirer la forme physique tout en procurant du plaisir, car elle favorise le jeu physique, la d\u00e9couverte de l'ext\u00e9rieur et la passion de l'aventure !<\/p>\n<h3><strong>5. Facile \u00e0 installer, plaisir sans fin<\/strong><\/h3>\n<p>Bien que la construction d'une tyrolienne semble difficile, avec une configuration correcte et des mesures de s\u00e9curit\u00e9, il s'agit d'un ajout assez facile \u00e0 votre maison dans les arbres qui vous permettra de vous amuser pendant des ann\u00e9es.<\/p>\n\n\t\t<\/div>\n\t\t\t\t\t<\/div>\n\n\t\n\n<\/div>\n\n\t\t<\/div>\n\n\t\t\n<style>\n#section_205874923 {\n  padding-top: 60px;\n  padding-bottom: 60px;\n}\n<\/style>\n\t<\/section>\n\t\n\n\t<section class=\"section\" id=\"section_1078156825\">\n\t\t<div class=\"section-bg fill\" >\n\t\t\t\t\t\t\t\t\t\n\t\t\t\n\n\t\t<\/div>\n\n\t\t\n\n\t\t<div class=\"section-content relative\">\n\t\t\t\n\n<div class=\"row row-large align-middle align-center\" style=\"max-width:1400px\" id=\"row-667605618\">\n\n\n\t<div id=\"col-170100614\" class=\"col medium-9 small-12 large-6\"  >\n\t\t\t\t<div class=\"col-inner\"  >\n\t\t\t\n\t\t\t\n\n\n  <div class=\"banner has-hover\" id=\"banner-1042905760\">\n          <div class=\"banner-inner fill\">\n        <div class=\"banner-bg fill\" >\n            <img decoding=\"async\" width=\"510\" height=\"649\" src=\"https:\/\/treelofts.com\/wp-content\/uploads\/2025\/02\/Zip-Lines-3.jpg\" class=\"bg attachment-original size-original\" alt=\"\" title=\"\">                                    \n                    <\/div>\n\t\t\n        <div class=\"banner-layers container\">\n            <div class=\"fill banner-link\"><\/div>            \n\n   <div id=\"text-box-331166997\" class=\"text-box banner-layer x50 md-x50 lg-x50 y50 md-y50 lg-y50 res-text\">\n                                <div class=\"text-box-content text dark\">\n              \n              <div class=\"text-inner text-center\">\n                  \n\n\n              <\/div>\n           <\/div>\n                            \n<style>\n#text-box-331166997 {\n  width: 60%;\n}\n#text-box-331166997 .text-box-content {\n  font-size: 100%;\n}\n@media (min-width:550px) {\n  #text-box-331166997 {\n    width: 60%;\n  }\n}\n<\/style>\n    <\/div>\n \n\n        <\/div>\n      <\/div>\n\n            \n<style>\n#banner-1042905760 {\n  padding-top: 300px;\n}\n#banner-1042905760 .banner-bg img {\n  object-position: 55% 0%;\n}\n@media (min-width:850px) {\n  #banner-1042905760 {\n    padding-top: 102.98%;\n  }\n}\n<\/style>\n  <\/div>\n\n\n\n\t\t<\/div>\n\t\t\t\t\t<\/div>\n\n\t\n\n\t<div id=\"col-607661821\" class=\"col medium-9 small-12 large-6\"  >\n\t\t\t\t<div class=\"col-inner text-left\"  >\n\t\t\t\n\t\t\t\n\n\t<div id=\"text-3195800110\" class=\"text\">\n\t\t\n\n<h2 style=\"text-align: left;\"><strong data-start=\"2694\" data-end=\"2744\">Choisir la bonne tyrolienne pour votre cabane dans les arbres<\/strong><\/h2>\n\t\t\n<style>\n#text-3195800110 {\n  font-size: 1.5rem;\n}\n<\/style>\n\t<\/div>\n\t\n<p style=\"text-align: left;\">Toutes les tyroliennes ne sont pas identiques ! En fonction de la hauteur de votre cabane, de l'espace disponible et du niveau d'adr\u00e9naline souhait\u00e9, vous pouvez choisir parmi de nombreux styles pour cr\u00e9er l'exp\u00e9rience parfaite.<\/p>\n<p style=\"text-align: left;\"><strong>1. Les tyroliennes \u00e0 courte distance - parfaites pour les enfants<\/strong><br \/>Si vous initiez de jeunes enfants \u00e0 la tyrolienne, une tyrolienne de courte distance (20 \u00e0 50 pieds de long) est une excellente alternative. Elle offre un parcours s\u00fbr, r\u00e9glement\u00e9 et excitant, garantissant que les enfants peuvent ressentir l'excitation du vol sans trop de hauteur ou de vitesse. Ces tyroliennes sont souvent \u00e9quip\u00e9es de si\u00e8ges confortables ou de ceintures de s\u00e9curit\u00e9 pour plus de s\u00fbret\u00e9.<\/p>\n<p style=\"text-align: left;\"><strong>2. Tyroliennes longue distance - pour une exp\u00e9rience ultime<\/strong><br \/>Pour ceux qui recherchent une exp\u00e9rience plus exaltante, une tyrolienne longue distance (50-200+ pieds) vous permet de vous \u00e9lever dans les airs pendant un plus long trajet. Les tyroliennes plus longues offrent une plus grande vitesse, un temps d'air plus important et une sensation \u00e9tonnante de planer \u00e0 travers les arbres.<\/p>\n<p style=\"text-align: left;\"><strong>3. Les tyroliennes \u00e0 si\u00e8ge ou \u00e0 harnais - plus de confort et de s\u00e9curit\u00e9<\/strong><br \/>Certaines tyroliennes sont \u00e9quip\u00e9es d'un si\u00e8ge ou d'un harnais int\u00e9gr\u00e9, ce qui rend la descente plus confortable et plus s\u00fbre, m\u00eame si certaines n'ont qu'un guidon \u00e0 tenir. Les plus jeunes ou ceux qui pr\u00e9f\u00e8rent glisser tranquillement au lieu de s'agripper fermement \u00e0 la vie trouveront ces choix parfaits !<\/p>\n<p style=\"text-align: left;\"><strong>4. Des tyroliennes de qualit\u00e9 professionnelle - pour une aventure extr\u00eame<\/strong><br \/>Les tyroliennes de qualit\u00e9 professionnelle, \u00e9quip\u00e9es de fils d'acier, de syst\u00e8mes de poulies modernes et de m\u00e9canismes de freinage pour un parcours plus fluide, plus rapide et plus excitant, offrent \u00e0 ceux qui recherchent une v\u00e9ritable exp\u00e9rience de parc d'aventure. Ces tyroliennes procurent la meilleure pouss\u00e9e d'adr\u00e9naline, mais n\u00e9cessitent un dispositif plus complexe.<\/p>\n<a href=\"https:\/\/treelofts.com\/fr\/nous-contacter\/\" target=\"_blank\" class=\"button secondary is-link box-shadow-1-hover\" rel=\"noopener\"  >\n\t\t<span>Contactez nous<\/span>\n\t<i class=\"icon-angle-right\" aria-hidden=\"true\" ><\/i><\/a>\n\n\n\n\t\t<\/div>\n\t\t\t\t\n<style>\n#col-607661821 > .col-inner {\n  padding: 0px 0px 0px 0px;\n}\n@media (min-width:850px) {\n  #col-607661821 > .col-inner {\n    padding: 0px 50px 0px 50px;\n  }\n}\n<\/style>\n\t<\/div>\n\n\t\n\n<\/div>\n<div class=\"row row-large align-middle align-center\" style=\"max-width:1400px\" id=\"row-1590422653\">\n\n\n\t<div id=\"col-152323848\" class=\"col medium-9 small-12 large-6\"  >\n\t\t\t\t<div class=\"col-inner text-left\"  >\n\t\t\t\n\t\t\t\n\n\t<div id=\"text-234530867\" class=\"text\">\n\t\t\n\n<h2 style=\"text-align: left;\" data-start=\"4388\" data-end=\"4431\"><strong data-start=\"4391\" data-end=\"4429\">Comment assurer la s\u00e9curit\u00e9 et la stabilit\u00e9\uff1f ?<\/strong><\/h2>\n\t\t\n<style>\n#text-234530867 {\n  font-size: 1.5rem;\n}\n<\/style>\n\t<\/div>\n\t\n<p style=\"text-align: left;\" data-start=\"0\" data-end=\"176\"><strong>M\u00eame si la s\u00e9curit\u00e9 doit toujours primer, les tyroliennes sont passionnantes. Une exp\u00e9rience s\u00fbre et agr\u00e9able d\u00e9pend d'une installation correcte, d'un entretien de routine et du choix de l'\u00e9quipement.<\/strong><\/p>\n<h3 style=\"text-align: left;\" data-start=\"178\" data-end=\"218\"><strong data-start=\"182\" data-end=\"216\">1. Choisir des points d'ancrage solides<\/strong><\/h3>\n<p style=\"text-align: left;\" data-start=\"219\" data-end=\"514\">Votre tyrolienne doit \u00eatre fix\u00e9e \u00e0 un syst\u00e8me de support solide ou \u00e0 des arbres robustes et sains. Les arbres doivent \u00eatre solides, matures et ne pr\u00e9senter aucun signe d'affaiblissement ou de pourriture. Pour ceux qui utilisent des poteaux ou des poutres, ceux-ci doivent \u00eatre solidement plant\u00e9s dans le sol pour garantir la stabilit\u00e9.<\/p>\n<h3 style=\"text-align: left;\" data-start=\"516\" data-end=\"555\"><strong data-start=\"520\" data-end=\"553\">2. Utiliser un \u00e9quipement de haute qualit\u00e9<\/strong><\/h3>\n<p style=\"text-align: left;\" data-start=\"556\" data-end=\"630\">Ne jamais sacrifier la s\u00e9curit\u00e9 ! S\u00e9lectionner <strong data-start=\"589\" data-end=\"614\">kits de tyrolienne premium<\/strong> qui comprennent<\/p>\n<ul style=\"text-align: left;\" data-start=\"631\" data-end=\"909\">\n<li data-start=\"631\" data-end=\"702\"><strong data-start=\"633\" data-end=\"663\">Durable et r\u00e9sistant \u00e0 la rouille<\/strong> c\u00e2bles en acier inoxydable ou galvanis\u00e9s<\/li>\n<li data-start=\"703\" data-end=\"772\"><strong data-start=\"705\" data-end=\"750\">Tendeurs, boulons et pinces robustes<\/strong> pour un montage s\u00fbr<\/li>\n<li data-start=\"773\" data-end=\"837\"><strong data-start=\"775\" data-end=\"795\">Poulies puissantes<\/strong> con\u00e7u pour des d\u00e9placements contr\u00f4l\u00e9s et fluides<\/li>\n<li data-start=\"838\" data-end=\"909\"><strong data-start=\"840\" data-end=\"866\">Syst\u00e8mes de freinage en option<\/strong> pour un contr\u00f4le accru \u00e0 la fin de la course<\/li>\n<\/ul>\n<h3 style=\"text-align: left;\" data-start=\"911\" data-end=\"950\"><strong data-start=\"915\" data-end=\"948\">3. Assurer une zone d'atterrissage s\u00fbre<\/strong><\/h3>\n<p style=\"text-align: left;\" data-start=\"951\" data-end=\"1074\">La fin de la tyrolienne doit avoir un <strong data-start=\"987\" data-end=\"1015\">aire d'atterrissage d\u00e9gag\u00e9e et s\u00fbre<\/strong> sans surfaces dures, arbres ou rochers. Envisagez d'ajouter :<\/p>\n<ul style=\"text-align: left;\" data-start=\"1075\" data-end=\"1274\">\n<li data-start=\"1075\" data-end=\"1129\"><strong data-start=\"1077\" data-end=\"1108\">Tapis en caoutchouc, sable ou paillis<\/strong> pour un atterrissage en douceur<\/li>\n<li data-start=\"1130\" data-end=\"1188\"><strong data-start=\"1132\" data-end=\"1164\">Une plate-forme ou une zone de ralentissement<\/strong> pour \u00e9viter les arr\u00eats brusques<\/li>\n<li data-start=\"1189\" data-end=\"1274\"><strong data-start=\"1191\" data-end=\"1214\">Un m\u00e9canisme de freinage<\/strong> (comme un \u00e9lastique ou un frein \u00e0 ressort) pour les atterrissages r\u00e9glement\u00e9s<\/li>\n<\/ul>\n<h3 style=\"text-align: left;\" data-start=\"1276\" data-end=\"1315\"><strong data-start=\"1280\" data-end=\"1313\">4. Contr\u00f4les d'entretien r\u00e9guliers<\/strong><\/h3>\n<p style=\"text-align: left;\" data-start=\"1316\" data-end=\"1413\">Des inspections r\u00e9guli\u00e8res permettent de s'assurer que les tyroliennes restent en bon \u00e9tat. <strong data-start=\"1370\" data-end=\"1399\">s\u00fbr et pleinement fonctionnel<\/strong>. V\u00e9rifier :<\/p>\n<ul style=\"text-align: left;\" data-start=\"1414\" data-end=\"1582\">\n<li data-start=\"1414\" data-end=\"1447\">Boulons ou connecteurs desserr\u00e9s<\/li>\n<li data-start=\"1448\" data-end=\"1485\">C\u00e2bles effiloch\u00e9s ou poulies us\u00e9es<\/li>\n<li data-start=\"1486\" data-end=\"1539\">Mouvement des arbres ou instabilit\u00e9 des points d'ancrage<\/li>\n<li data-start=\"1540\" data-end=\"1582\">Obstacles \u00e9ventuels sur le parcours de la tyrolienne<\/li>\n<\/ul>\n<h3 style=\"text-align: left;\" data-start=\"1584\" data-end=\"1628\"><strong data-start=\"1588\" data-end=\"1626\">5. Fixer des r\u00e8gles claires pour rouler en toute s\u00e9curit\u00e9<\/strong><\/h3>\n<p style=\"text-align: left;\" data-start=\"1629\" data-end=\"1698\">\u00c9tablir <strong data-start=\"1639\" data-end=\"1669\">des lignes directrices explicites en mati\u00e8re de s\u00e9curit\u00e9<\/strong> pour aider \u00e0 pr\u00e9venir les accidents :<\/p>\n<ul data-start=\"1699\" data-end=\"1911\">\n<li style=\"text-align: left;\" data-start=\"1699\" data-end=\"1757\">Il faut toujours s'asseoir correctement ou utiliser un harnais pour assurer la stabilit\u00e9.<\/li>\n<li style=\"text-align: left;\" data-start=\"1758\" data-end=\"1805\">Tenir les mains et les pieds \u00e0 l'\u00e9cart du c\u00e2ble<\/li>\n<li style=\"text-align: left;\" data-start=\"1806\" data-end=\"1859\">Attendez le feu vert avant de commencer.<\/li>\n<li style=\"text-align: left;\" data-start=\"1860\" data-end=\"1911\">Ne jamais d\u00e9passer la capacit\u00e9 de poids de la tyrolienne<\/li>\n<\/ul>\n<a href=\"https:\/\/treelofts.com\/fr\/nous-contacter\/\" target=\"_blank\" class=\"button secondary is-link box-shadow-1-hover\" rel=\"noopener\"  >\n\t\t<span>Contactez nous<\/span>\n\t<i class=\"icon-angle-right\" aria-hidden=\"true\" ><\/i><\/a>\n\n\n\n\t\t<\/div>\n\t\t\t\t\n<style>\n#col-152323848 > .col-inner {\n  padding: 0px 0px 0px 0px;\n}\n@media (min-width:850px) {\n  #col-152323848 > .col-inner {\n    padding: 0px 50px 0px 50px;\n  }\n}\n<\/style>\n\t<\/div>\n\n\t\n\n\t<div id=\"col-1666254029\" class=\"col medium-9 small-12 large-6 medium-col-first\"  >\n\t\t\t\t<div class=\"col-inner\"  >\n\t\t\t\n\t\t\t\n\n\n  <div class=\"banner has-hover\" id=\"banner-94959341\">\n          <div class=\"banner-inner fill\">\n        <div class=\"banner-bg fill\" >\n            <img decoding=\"async\" width=\"508\" height=\"648\" src=\"https:\/\/treelofts.com\/wp-content\/uploads\/2025\/02\/Zip-Lines-2-1.jpg\" class=\"bg attachment-original size-original\" alt=\"\" title=\"\">                                    \n                    <\/div>\n\t\t\n        <div class=\"banner-layers container\">\n            <div class=\"fill banner-link\"><\/div>            \n\n   <div id=\"text-box-431020938\" class=\"text-box banner-layer x50 md-x50 lg-x50 y50 md-y50 lg-y50 res-text\">\n                                <div class=\"text-box-content text dark\">\n              \n              <div class=\"text-inner text-center\">\n                  \n\n\n              <\/div>\n           <\/div>\n                            \n<style>\n#text-box-431020938 {\n  width: 60%;\n}\n#text-box-431020938 .text-box-content {\n  font-size: 100%;\n}\n@media (min-width:550px) {\n  #text-box-431020938 {\n    width: 60%;\n  }\n}\n<\/style>\n    <\/div>\n \n\n        <\/div>\n      <\/div>\n\n            \n<style>\n#banner-94959341 {\n  padding-top: 300px;\n}\n#banner-94959341 .banner-bg img {\n  object-position: 48% 68%;\n}\n@media (min-width:850px) {\n  #banner-94959341 {\n    padding-top: 126.23%;\n  }\n}\n<\/style>\n  <\/div>\n\n\n\n\t\t<\/div>\n\t\t\t\t\t<\/div>\n\n\t\n\n<\/div>\n\n\t\t<\/div>\n\n\t\t\n<style>\n#section_1078156825 {\n  padding-top: 0px;\n  padding-bottom: 0px;\n}\n<\/style>\n\t<\/section>\n\t\n<div class=\"row\"  id=\"row-214070835\">\n\n\n\t<div id=\"col-1573725195\" class=\"col small-12 large-12\"  >\n\t\t\t\t<div class=\"col-inner\"  >\n\t\t\t\n\t\t\t\n\n<p>Une tyrolienne offre une exp\u00e9rience plut\u00f4t qu'un simple \u00e9l\u00e9ment de votre cabane. Une tyrolienne transforme chaque visite \u00e0 la cabane en une aventure inoubliable, qu'il s'agisse d'une descente rapide et amusante ou d'un parcours exaltant \u00e0 grande vitesse. C'est l'approche id\u00e9ale pour apporter de la joie, de la vitalit\u00e9 et de l'excitation \u00e0 votre espace ext\u00e9rieur.<\/p>\n<p>Chez Treelofts, nous pouvons vous aider \u00e0 concevoir une exp\u00e9rience s\u00e9curitaire et palpitante en vous offrant des recommandations professionnelles sur le choix de la tyrolienne id\u00e9ale. Bien que nous ne fournissions pas de services d'installation, nous vous aiderons \u00e0 s\u00e9lectionner les outils appropri\u00e9s afin que vous puissiez mettre en place votre aventure de tyrolienne dans votre jardin.<\/p>\n<p><strong>Pourquoi alors accepter de descendre d'une \u00e9chelle ? Litt\u00e9ralement, prolongez votre exp\u00e9rience de la cabane au niveau suivant et laissez l'aventure commencer !<\/strong><\/p>\n\n\t\t<\/div>\n\t\t\t\t\n<style>\n#col-1573725195 > .col-inner {\n  padding: 20px 0px 20px 0px;\n}\n<\/style>\n\t<\/div>\n\n\t\n\n<\/div>\n\n  <div class=\"banner has-hover\" id=\"banner-995801250\">\n          <div class=\"banner-inner fill\">\n        <div class=\"banner-bg fill\" >\n            <img decoding=\"async\" width=\"1080\" height=\"1080\" src=\"https:\/\/treelofts.com\/wp-content\/uploads\/2025\/02\/Tree-Climber-7.jpg\" class=\"bg attachment-original size-original\" alt=\"\" title=\"\">                        <div class=\"overlay\"><\/div>            \n                    <\/div>\n\t\t\n        <div class=\"banner-layers container\">\n            <div class=\"fill banner-link\"><\/div>            \n\n   <div id=\"text-box-1171575993\" class=\"text-box banner-layer x50 md-x50 lg-x50 y50 md-y50 lg-y50 res-text\">\n                                <div class=\"text-box-content text dark\">\n              \n              <div class=\"text-inner text-center\">\n                  \n\n<p>Donnons vie \u00e0 votre vision<\/p>\n<h2><strong>Fabriquer des cabanes de r\u00eave depuis 2013<\/strong><\/h2>\n<a href=\"https:\/\/treelofts.com\/fr\/nous-contacter\/\" class=\"button white is-outline\"  >\n\t\t<span>commencez votre voyage dans les arbres d\u00e8s aujourd'hui<\/span>\n\t<\/a>\n\n\n\n              <\/div>\n           <\/div>\n                            \n<style>\n#text-box-1171575993 {\n  width: 60%;\n}\n#text-box-1171575993 .text-box-content {\n  font-size: 100%;\n}\n<\/style>\n    <\/div>\n \n\n        <\/div>\n      <\/div>\n\n            \n<style>\n#banner-995801250 {\n  padding-top: 350px;\n}\n#banner-995801250 .overlay {\n  background-color: rgba(0, 0, 0, 0.17);\n}\n#banner-995801250 .banner-bg img {\n  object-position: 48% 28%;\n}\n<\/style>\n  <\/div>\n\n\n<div class=\"woocommerce columns-4\"><\/div>\n\n<div class=\"row\"  id=\"row-849419330\">\n\n\n\n<\/div>","protected":false},"excerpt":{"rendered":"","protected":false},"author":5,"featured_media":0,"parent":0,"menu_order":0,"comment_status":"closed","ping_status":"closed","template":"","meta":{"footnotes":""},"class_list":["post-1064","page","type-page","status-publish","hentry"],"_links":{"self":[{"href":"https:\/\/treelofts.com\/fr\/wp-json\/wp\/v2\/pages\/1064","targetHints":{"allow":["GET"]}}],"collection":[{"href":"https:\/\/treelofts.com\/fr\/wp-json\/wp\/v2\/pages"}],"about":[{"href":"https:\/\/treelofts.com\/fr\/wp-json\/wp\/v2\/types\/page"}],"author":[{"embeddable":true,"href":"https:\/\/treelofts.com\/fr\/wp-json\/wp\/v2\/users\/5"}],"replies":[{"embeddable":true,"href":"https:\/\/treelofts.com\/fr\/wp-json\/wp\/v2\/comments?post=1064"}],"version-history":[{"count":0,"href":"https:\/\/treelofts.com\/fr\/wp-json\/wp\/v2\/pages\/1064\/revisions"}],"wp:attachment":[{"href":"https:\/\/treelofts.com\/fr\/wp-json\/wp\/v2\/media?parent=1064"}],"curies":[{"name":"wp","href":"https:\/\/api.w.org\/{rel}","templated":true}]}}