{"id":1131,"date":"2025-02-11T20:22:20","date_gmt":"2025-02-12T04:22:20","guid":{"rendered":"https:\/\/azh5n13ivf.onrocket.site\/?page_id=1131"},"modified":"2025-02-13T19:29:52","modified_gmt":"2025-02-14T03:29:52","slug":"portefeuille-de-la-maison-de-larbre","status":"publish","type":"page","link":"https:\/\/treelofts.com\/fr\/portefeuille-de-la-maison-de-larbre\/","title":{"rendered":"Voir le portefeuille"},"content":{"rendered":"<section class=\"section dark has-parallax\" id=\"section_1836670556\">\n\t\t<div class=\"section-bg fill\" data-parallax-container=\".section\" data-parallax-background data-parallax=\"-7\">\n\t\t\t<img decoding=\"async\" width=\"1024\" height=\"683\" src=\"https:\/\/treelofts.com\/wp-content\/uploads\/2025\/02\/Enchanted-Treehouses-3.jpg\" class=\"bg attachment- size-\" alt=\"\" title=\"\">\t\t\t\t\t\t<div class=\"section-bg-overlay absolute fill\"><\/div>\n\t\t\t\n\n\t\t<\/div>\n\n\t\t\n\n\t\t<div class=\"section-content relative\">\n\t\t\t\n\n\t<div id=\"gap-503758563\" class=\"gap-element clearfix\" style=\"display:block; height:auto;\">\n\t\t\n<style>\n#gap-503758563 {\n  padding-top: 30px;\n}\n<\/style>\n\t<\/div>\n\t\n\n<div class=\"row align-center\"  id=\"row-2115478634\">\n\n\n\t<div id=\"col-1829204320\" class=\"col medium-10 small-12 large-11\"  >\n\t\t\t\t<div class=\"col-inner text-center\"  >\n\t\t\t\n\t\t\t\n\n<h3>D\u00e9couvrez nos projets de cabanes les plus inspirants<\/h3>\n\t<div id=\"text-1095657616\" class=\"text\">\n\t\t\n\n<h1><strong>Portefeuille Treehouse<\/strong><\/h1>\n\t\t\n<style>\n#text-1095657616 {\n  font-size: 2rem;\n}\n<\/style>\n\t<\/div>\n\t\n<p>Les cabanes dans les arbres sont des escapades enchanteresses, des havres de paix et des cachettes audacieuses, et pas seulement des plates-formes en bois dans les bois. Il n'y a pas de limite \u00e0 ce qu'une cabane peut \u00eatre - vous r\u00eavez d'une location haut de gamme au sommet d'un arbre, d'un clubhouse pour les enfants dans l'arri\u00e8re-cour ou d'un projet commercial de cabane int\u00e9ressant ? Des conceptions basiques et utilitaires aux chefs-d'\u0153uvre complexes \u00e0 plusieurs niveaux, notre galerie offre un large \u00e9ventail de formes de cabanes.<\/p>\n<a href=\"https:\/\/treelofts.com\/fr\/nous-contacter\/\" class=\"button primary\"  style=\"border-radius:22px;padding:5px 25px 5px 25px;\">\n\t\t<span>commencez votre voyage dans les arbres d\u00e8s aujourd'hui<\/span>\n\t<\/a>\n\n\n\n\t\t<\/div>\n\t\t\t\t\t<\/div>\n\n\t\n\n<\/div>\n\n\t\t<\/div>\n\n\t\t\n<style>\n#section_1836670556 {\n  padding-top: 30px;\n  padding-bottom: 30px;\n  min-height: 500px;\n}\n#section_1836670556 .section-bg-overlay {\n  background-color: rgba(0,0,0,.5);\n}\n#section_1836670556 .section-bg img {\n  object-position: 47% 100%;\n}\n@media (min-width:550px) {\n  #section_1836670556 {\n    min-height: 600px;\n  }\n  #section_1836670556 .section-bg-overlay {\n    background-color: rgba(0, 0, 0, 0.09);\n  }\n}\n@media (min-width:850px) {\n  #section_1836670556 .section-bg-overlay {\n    background-color: rgba(0,0,0,.5);\n  }\n}\n<\/style>\n\t<\/section>\n\t\n\n\t<section class=\"section\" id=\"section_1419895124\">\n\t\t<div class=\"section-bg fill\" >\n\t\t\t\t\t\t\t\t\t\n\t\t\t\n\n\t\t<\/div>\n\n\t\t\n\n\t\t<div class=\"section-content relative\">\n\t\t\t\n\n\t<div id=\"gap-1619990965\" class=\"gap-element clearfix\" style=\"display:block; height:auto;\">\n\t\t\n<style>\n#gap-1619990965 {\n  padding-top: 30px;\n}\n<\/style>\n\t<\/div>\n\t\n\n<div class=\"row align-center\"  id=\"row-107006963\">\n\n\n\t<div id=\"col-654076089\" class=\"col medium-10 small-12 large-9\"  >\n\t\t\t\t<div class=\"col-inner text-center\"  >\n\t\t\t\n\t\t\t\n\n<p>Chaque cabane doit, \u00e0 notre avis, refl\u00e9ter le style et l'objectif individuels de son propri\u00e9taire. Certaines sont destin\u00e9es au plaisir, d'autres aux loisirs, et d'autres encore \u00e0 une entreprise commerciale \u00e0 plein temps. Les projets pr\u00e9sent\u00e9s ici vous inspireront et vous permettront de concr\u00e9tiser vos id\u00e9es de cabanes, quelles qu'elles soient.<\/p>\n\n\t\t<\/div>\n\t\t\t\t\t<\/div>\n\n\t\n\n<\/div>\n\n\t\t<\/div>\n\n\t\t\n<style>\n#section_1419895124 {\n  padding-top: 20px;\n  padding-bottom: 20px;\n}\n@media (min-width:550px) {\n  #section_1419895124 {\n    padding-top: 20px;\n    padding-bottom: 20px;\n  }\n}\n<\/style>\n\t<\/section>\n\t\n\n\t<section class=\"section\" id=\"section_1240995054\">\n\t\t<div class=\"section-bg fill\" >\n\t\t\t\t\t\t\t\t\t\n\t\t\t\n\n\t\t<\/div>\n\n\t\t\n\n\t\t<div class=\"section-content relative\">\n\t\t\t\n\n<div class=\"row row-large\" style=\"max-width:1400px\" id=\"row-441304671\">\n\n\n\t<div id=\"col-1987946717\" class=\"col medium-6 small-12 large-6\"  >\n\t\t\t\t<div class=\"col-inner\"  >\n\t\t\t\n\t\t\t\n\n\t<div class=\"box has-hover   has-hover box-text-bottom\" >\n\n\t\t<div class=\"box-image\" >\n\t\t\t<a href=\"https:\/\/treelofts.com\/fr\/les-cabanes-du-clubhouse\/\" >\t\t\t<div class=\"image-zoom image-cover\" style=\"padding-top:56.25%;\">\n\t\t\t\t<img decoding=\"async\" width=\"683\" height=\"1024\" src=\"https:\/\/treelofts.com\/wp-content\/uploads\/2025\/02\/How-to-Build-a-Modern-Tree-House-Step-by-Step-Compliance-with-2024-Building-Codes-2.jpg\" class=\"attachment- size-\" alt=\"\" srcset=\"https:\/\/treelofts.com\/wp-content\/uploads\/2025\/02\/How-to-Build-a-Modern-Tree-House-Step-by-Step-Compliance-with-2024-Building-Codes-2.jpg 683w, https:\/\/treelofts.com\/wp-content\/uploads\/2025\/02\/How-to-Build-a-Modern-Tree-House-Step-by-Step-Compliance-with-2024-Building-Codes-2-267x400.jpg 267w, https:\/\/treelofts.com\/wp-content\/uploads\/2025\/02\/How-to-Build-a-Modern-Tree-House-Step-by-Step-Compliance-with-2024-Building-Codes-2-534x800.jpg 534w\" sizes=\"(max-width: 683px) 100vw, 683px\" title=\"\">\t\t\t\t\t\t\t\t\t\t\t<\/div>\n\t\t\t<\/a>\t\t<\/div>\n\n\t\t<div class=\"box-text text-center\" >\n\t\t\t<div class=\"box-text-inner\">\n\t\t\t\t\n\n<h6>Classique et intemporel<\/h6>\n<h3><strong><span style=\"font-size: 150%;\">Les cabanes du Clubhouse<\/span><\/strong><\/h3>\n\t<div id=\"gap-238817119\" class=\"gap-element clearfix\" style=\"display:block; height:auto;\">\n\t\t\n<style>\n#gap-238817119 {\n  padding-top: 10px;\n}\n<\/style>\n\t<\/div>\n\t\n\n<p style=\"text-align: left;\">Une cabane classique a un c\u00f4t\u00e9 nostalgique et unique. Construites pour le plaisir, l'aventure et les exp\u00e9riences de toute une vie, ces cabanes sont id\u00e9ales pour l'agrandissement d'un jardin.<\/p>\n<p style=\"text-align: left;\">Des plates-formes spacieuses, des entr\u00e9es imaginatives et des \u00e9l\u00e9ments fantaisistes tels que des \u00e9chelles de corde, des toboggans et des tours d'observation abondent dans les cabanes dans les arbres. Ces cabanes offrent une construction solide et bien \u00e9quilibr\u00e9e et font revivre l'excitation de l'exploration de l'enfance, qu'il s'agisse d'un endroit o\u00f9 les enfants se retrouvent ou d'un refuge confortable pour les r\u00e9unions de famille.<\/p>\n<a href=\"https:\/\/treelofts.com\/fr\/les-cabanes-du-clubhouse\/\" target=\"_blank\" class=\"button primary is-underline box-shadow-1-hover\" rel=\"noopener\"  >\n\t\t<span>voir plus<\/span>\n\t<\/a>\n\n\n\n\t\t\t<\/div>\n\t\t<\/div>\n\t<\/div>\n\t\n\t<div class=\"box has-hover   has-hover box-text-bottom\" >\n\n\t\t<div class=\"box-image\" >\n\t\t\t<a href=\"https:\/\/treelofts.com\/fr\/rental-and-retreat-treehouses\/\" >\t\t\t<div class=\"image-zoom image-cover\" style=\"padding-top:56.25%;\">\n\t\t\t\t<img decoding=\"async\" width=\"1242\" height=\"1656\" src=\"https:\/\/treelofts.com\/wp-content\/uploads\/2025\/02\/Tree-House-1.jpeg\" class=\"attachment- size-\" alt=\"\" srcset=\"https:\/\/treelofts.com\/wp-content\/uploads\/2025\/02\/Tree-House-1.jpeg 1242w, https:\/\/treelofts.com\/wp-content\/uploads\/2025\/02\/Tree-House-1-300x400.jpeg 300w, https:\/\/treelofts.com\/wp-content\/uploads\/2025\/02\/Tree-House-1-600x800.jpeg 600w, https:\/\/treelofts.com\/wp-content\/uploads\/2025\/02\/Tree-House-1-768x1024.jpeg 768w, https:\/\/treelofts.com\/wp-content\/uploads\/2025\/02\/Tree-House-1-1152x1536.jpeg 1152w, https:\/\/treelofts.com\/wp-content\/uploads\/2025\/02\/Tree-House-1-1000x1333.jpeg 1000w\" sizes=\"(max-width: 1242px) 100vw, 1242px\" title=\"\">\t\t\t\t\t\t\t\t\t\t\t<\/div>\n\t\t\t<\/a>\t\t<\/div>\n\n\t\t<div class=\"box-text text-center\" >\n\t\t\t<div class=\"box-text-inner\">\n\t\t\t\t\n\n<h6>Le confort au service de la nature<\/h6>\n<h3><strong><span style=\"font-size: 150%;\">Maisons de retraite dans les arbres<\/span><\/strong><\/h3>\n\t<div id=\"gap-1297703482\" class=\"gap-element clearfix\" style=\"display:block; height:auto;\">\n\t\t\n<style>\n#gap-1297703482 {\n  padding-top: 10px;\n}\n<\/style>\n\t<\/div>\n\t\n\n<p style=\"text-align: left;\">Imaginez que vous vous r\u00e9veillez avec une vue magnifique sur la cime des arbres, des oiseaux qui gazouillent au loin et la lumi\u00e8re du soleil qui traverse le feuillage. Alliant confort moderne et aventure rustique, les cabanes dans les arbres sont con\u00e7ues pour offrir aux visiteurs un voyage extraordinaire dans la nature.<\/p>\n<p style=\"text-align: left;\">Ces cabanes comprennent des \u00e9l\u00e9ments de premi\u00e8re qualit\u00e9, notamment des fen\u00eatres panoramiques, des espaces int\u00e9rieurs confortables et de grandes terrasses de d\u00e9tente. Nombre d'entre elles disposent de luxes tels que des hamacs, des foyers et m\u00eame des baignoires ext\u00e9rieures priv\u00e9es. Qu'elles soient utilis\u00e9es dans le cadre de stations de glamping ou de retraites \u00e9cologiques, ces cabanes attirent les visiteurs \u00e0 la recherche de quelque chose de diff\u00e9rent et d'immersif.<\/p>\n<a href=\"https:\/\/treelofts.com\/fr\/rental-and-retreat-treehouses\/\" target=\"_blank\" class=\"button primary is-underline box-shadow-1-hover\" rel=\"noopener\"  >\n\t\t<span>voir plus<\/span>\n\t<\/a>\n\n\n\n\t\t\t<\/div>\n\t\t<\/div>\n\t<\/div>\n\t\n\t<div class=\"box has-hover   has-hover box-text-bottom\" >\n\n\t\t<div class=\"box-image\" >\n\t\t\t<a href=\"https:\/\/treelofts.com\/fr\/serres-commerciales\/\" >\t\t\t<div class=\"image-zoom image-cover\" style=\"padding-top:56.25%;\">\n\t\t\t\t<img decoding=\"async\" width=\"1024\" height=\"683\" src=\"https:\/\/treelofts.com\/wp-content\/uploads\/2025\/02\/Tree-House-119.jpg\" class=\"attachment- size-\" alt=\"\" srcset=\"https:\/\/treelofts.com\/wp-content\/uploads\/2025\/02\/Tree-House-119.jpg 1024w, https:\/\/treelofts.com\/wp-content\/uploads\/2025\/02\/Tree-House-119-600x400.jpg 600w, https:\/\/treelofts.com\/wp-content\/uploads\/2025\/02\/Tree-House-119-768x512.jpg 768w, https:\/\/treelofts.com\/wp-content\/uploads\/2025\/02\/Tree-House-119-1000x667.jpg 1000w\" sizes=\"(max-width: 1024px) 100vw, 1024px\" title=\"\">\t\t\t\t\t\t\t\t\t\t\t<\/div>\n\t\t\t<\/a>\t\t<\/div>\n\n\t\t<div class=\"box-text text-center\" >\n\t\t\t<div class=\"box-text-inner\">\n\t\t\t\t\n\n<h6>Amener les entreprises \u00e0 la cime des arbres<\/h6>\n<h3><strong><span style=\"font-size: 150%;\">Projets de cabanes commerciales<\/span><\/strong><\/h3>\n\t<div id=\"gap-1770052387\" class=\"gap-element clearfix\" style=\"display:block; height:auto;\">\n\t\t\n<style>\n#gap-1770052387 {\n  padding-top: 10px;\n}\n<\/style>\n\t<\/div>\n\t\n\n<p style=\"text-align: left;\">Les cabanes dans les arbres ne sont pas seulement destin\u00e9es \u00e0 un usage personnel, mais constituent \u00e9galement une perspective commerciale rentable. Offrant aux clients une exp\u00e9rience naturelle \u00e9tonnante, nos projets commerciaux de cabanes dans les arbres sont destin\u00e9s aux centres de vill\u00e9giature, aux parcs d'aventure, aux restaurants et aux lieux d'\u00e9v\u00e9nements.<\/p>\n<p style=\"text-align: left;\">La durabilit\u00e9, l'accessibilit\u00e9 et le confort des visiteurs sont les principales pr\u00e9occupations lors de la conception de ces grandes cabanes dans les arbres. Qu'il s'agisse d'un pavillon \u00e0 plusieurs chambres, d'une salle \u00e0 manger dans les bois ou d'une suite d'h\u00f4tel haut de gamme au sommet d'un arbre, ces cabanes allient g\u00e9nie technique et conception \u00e9tonnante.<\/p>\n<p style=\"text-align: left;\">Parfaites pour les entreprises qui cherchent \u00e0 cr\u00e9er une retraite unique dans la nature, de nombreuses cabanes commerciales offrent \u00e9galement des passerelles, des ponts suspendus et des salons ext\u00e9rieurs.<\/p>\n<a href=\"https:\/\/treelofts.com\/fr\/serres-commerciales\/\" target=\"_blank\" class=\"button primary is-underline box-shadow-1-hover\" rel=\"noopener\"  >\n\t\t<span>voir plus<\/span>\n\t<\/a>\n\n\n\n\t\t\t<\/div>\n\t\t<\/div>\n\t<\/div>\n\t\n\n\t\t<\/div>\n\t\t\t\t\t<\/div>\n\n\t\n\n\t<div id=\"col-1328626026\" class=\"col medium-6 small-12 large-6\"  >\n\t\t\t\t<div class=\"col-inner\"  >\n\t\t\t\n\t\t\t\n\n\t<div class=\"box has-hover   has-hover box-text-bottom\" >\n\n\t\t<div class=\"box-image\" >\n\t\t\t<a href=\"https:\/\/treelofts.com\/fr\/basic-backyard-treehouses\/\" >\t\t\t<div class=\"image-zoom image-cover\" style=\"padding-top:56.25%;\">\n\t\t\t\t<img decoding=\"async\" width=\"1024\" height=\"683\" src=\"https:\/\/treelofts.com\/wp-content\/uploads\/2025\/02\/How-to-Build-a-Modern-Tree-House-Step-by-Step-Compliance-with-2024-Building-Codes-1.jpg\" class=\"attachment- size-\" alt=\"\" srcset=\"https:\/\/treelofts.com\/wp-content\/uploads\/2025\/02\/How-to-Build-a-Modern-Tree-House-Step-by-Step-Compliance-with-2024-Building-Codes-1.jpg 1024w, https:\/\/treelofts.com\/wp-content\/uploads\/2025\/02\/How-to-Build-a-Modern-Tree-House-Step-by-Step-Compliance-with-2024-Building-Codes-1-600x400.jpg 600w, https:\/\/treelofts.com\/wp-content\/uploads\/2025\/02\/How-to-Build-a-Modern-Tree-House-Step-by-Step-Compliance-with-2024-Building-Codes-1-768x512.jpg 768w, https:\/\/treelofts.com\/wp-content\/uploads\/2025\/02\/How-to-Build-a-Modern-Tree-House-Step-by-Step-Compliance-with-2024-Building-Codes-1-1000x667.jpg 1000w\" sizes=\"(max-width: 1024px) 100vw, 1024px\" title=\"\">\t\t\t\t\t\t\t\t\t\t\t<\/div>\n\t\t\t<\/a>\t\t<\/div>\n\n\t\t<div class=\"box-text text-center\" >\n\t\t\t<div class=\"box-text-inner\">\n\t\t\t\t\n\n<h6>Simple et magique<\/h6>\n<h3><strong><span style=\"font-size: 150%;\">Cabanes de base sur mesure<\/span><\/strong><\/h3>\n\t<div id=\"gap-434186046\" class=\"gap-element clearfix\" style=\"display:block; height:auto;\">\n\t\t\n<style>\n#gap-434186046 {\n  padding-top: 10px;\n}\n<\/style>\n\t<\/div>\n\t\n\n<p style=\"text-align: left;\">Toutes les cabanes ne doivent pas \u00eatre somptueuses pour \u00eatre remarquables. Les cabanes sur mesure mettent l'accent sur la simplicit\u00e9, la robustesse et l'attrait classique. Les familles qui souhaitent un endroit confortable cach\u00e9 dans les bois ainsi que les bricoleurs \u00e0 la recherche d'une entreprise amusante et raisonnable trouveront ces maisons id\u00e9ales.<\/p>\n<p style=\"text-align: left;\">Qu'elles soient perch\u00e9es en haut des arbres ou juste au-dessus du sol, ces cabanes montrent que m\u00eame les conceptions les plus simples peuvent rendre quelqu'un tr\u00e8s heureux.<\/p>\n<a href=\"https:\/\/treelofts.com\/fr\/basic-backyard-treehouses\/\" target=\"_blank\" class=\"button primary is-underline box-shadow-1-hover\" rel=\"noopener\"  >\n\t\t<span>voir plus<\/span>\n\t<\/a>\n\n\n\n\t\t\t<\/div>\n\t\t<\/div>\n\t<\/div>\n\t\n\t<div class=\"box has-hover   has-hover box-text-bottom\" >\n\n\t\t<div class=\"box-image\" >\n\t\t\t<a href=\"https:\/\/treelofts.com\/fr\/advanced-residential-custom-treehouses\/\" >\t\t\t<div class=\"image-zoom image-cover\" style=\"padding-top:56.25%;\">\n\t\t\t\t<img decoding=\"async\" width=\"474\" height=\"474\" src=\"https:\/\/treelofts.com\/wp-content\/uploads\/2025\/02\/Treehouse-Designs.jpg\" class=\"attachment- size-\" alt=\"\" srcset=\"https:\/\/treelofts.com\/wp-content\/uploads\/2025\/02\/Treehouse-Designs.jpg 474w, https:\/\/treelofts.com\/wp-content\/uploads\/2025\/02\/Treehouse-Designs-400x400.jpg 400w, https:\/\/treelofts.com\/wp-content\/uploads\/2025\/02\/Treehouse-Designs-280x280.jpg 280w, https:\/\/treelofts.com\/wp-content\/uploads\/2025\/02\/Treehouse-Designs-100x100.jpg 100w\" sizes=\"(max-width: 474px) 100vw, 474px\" title=\"\">\t\t\t\t\t\t\t\t\t\t\t<\/div>\n\t\t\t<\/a>\t\t<\/div>\n\n\t\t<div class=\"box-text text-center\" >\n\t\t\t<div class=\"box-text-inner\">\n\t\t\t\t\n\n<h6>Con\u00e7u pour impressionner<\/h6>\n<h3><strong><span style=\"font-size: 150%;\">Cabanes sur mesure avanc\u00e9es<\/span><\/strong><\/h3>\n\t<div id=\"gap-1056397303\" class=\"gap-element clearfix\" style=\"display:block; height:auto;\">\n\t\t\n<style>\n#gap-1056397303 {\n  padding-top: 10px;\n}\n<\/style>\n\t<\/div>\n\t\n\n<p style=\"text-align: left;\">Les cabanes dans les arbres personnalis\u00e9es de pointe permettent \u00e0 ceux qui aiment les grandes id\u00e9es et l'ing\u00e9niosit\u00e9 audacieuse de vivre dans les arbres \u00e0 un niveau tout \u00e0 fait nouveau. Ces b\u00e2timents sont uniques en raison de leurs \u00e9l\u00e9ments architecturaux artistiques, de leurs escaliers complexes et de leurs plates-formes \u00e0 plusieurs niveaux qui les distinguent les uns des autres.<\/p>\n<p>\u00a0<\/p>\n<p style=\"text-align: left;\">Ces cabanes, qui vont d'un espace de vie octogonal \u00e0 un loft secret pour l'observation des \u00e9toiles, en passant par un pont flottant reliant deux arbres, sont cr\u00e9\u00e9es gr\u00e2ce \u00e0 une conception habile et \u00e0 une ex\u00e9cution exquise. Chaque projet repousse les limites du r\u00e9alisable pour produire des \u0153uvres d'art \u00e9tonnantes et utiles loin au-dessus de la terre.<\/p>\n<a href=\"https:\/\/treelofts.com\/fr\/advanced-residential-custom-treehouses\/\" target=\"_blank\" class=\"button primary is-underline box-shadow-1-hover\" rel=\"noopener\"  >\n\t\t<span>voir plus<\/span>\n\t<\/a>\n\n\n\n\t\t\t<\/div>\n\t\t<\/div>\n\t<\/div>\n\t\n\t<div class=\"box has-hover   has-hover box-text-bottom\" >\n\n\t\t<div class=\"box-image\" >\n\t\t\t<a href=\"https:\/\/treelofts.com\/fr\/maisons-de-jeux-dans-les-arbres-2\/\" >\t\t\t<div class=\"image-zoom image-cover\" style=\"padding-top:56.25%;\">\n\t\t\t\t<img decoding=\"async\" width=\"1024\" height=\"586\" src=\"https:\/\/treelofts.com\/wp-content\/uploads\/2025\/02\/Tree-House-1.jpg\" class=\"attachment- size-\" alt=\"\" srcset=\"https:\/\/treelofts.com\/wp-content\/uploads\/2025\/02\/Tree-House-1.jpg 1024w, https:\/\/treelofts.com\/wp-content\/uploads\/2025\/02\/Tree-House-1-699x400.jpg 699w, https:\/\/treelofts.com\/wp-content\/uploads\/2025\/02\/Tree-House-1-768x440.jpg 768w, https:\/\/treelofts.com\/wp-content\/uploads\/2025\/02\/Tree-House-1-1000x572.jpg 1000w\" sizes=\"(max-width: 1024px) 100vw, 1024px\" title=\"\">\t\t\t\t\t\t\t\t\t\t\t<\/div>\n\t\t\t<\/a>\t\t<\/div>\n\n\t\t<div class=\"box-text text-center\" >\n\t\t\t<div class=\"box-text-inner\">\n\t\t\t\t\n\n<h6>Aventure pour les jeunes et les moins jeunes<\/h6>\n<h3><strong><span style=\"font-size: 150%;\">Les cabanes dans les arbres de Playscape<\/span><\/strong><\/h3>\n\t<div id=\"gap-1739180261\" class=\"gap-element clearfix\" style=\"display:block; height:auto;\">\n\t\t\n<style>\n#gap-1739180261 {\n  padding-top: 10px;\n}\n<\/style>\n\t<\/div>\n\t\n\n<p style=\"text-align: left;\">Les cabanes Playscape sont id\u00e9ales pour ceux qui pensent que les cabanes doivent \u00eatre synonymes d'amusement, d'excitation et de d\u00e9couverte. Con\u00e7ues pour les enfants (et les adultes audacieux), elles transforment le jardin en une zone d'aventure pleine d'action.<\/p>\n<p style=\"text-align: left;\">Encourageant le jeu actif et la cr\u00e9ativit\u00e9 en plein air, les cabanes de jeux comportent souvent des ponts de corde, des murs d'escalade, des toboggans, des tyroliennes et des passages secrets. La s\u00e9curit\u00e9 est primordiale : des \u00e9chelles solides, des plates-formes renforc\u00e9es et des garde-corps s\u00fbrs garantissent de nombreuses heures de plaisir sans souci.<\/p>\n<p style=\"text-align: left;\">Une cabane de jeux est un investissement dans le bonheur, l'imagination et l'aventure, qu'il s'agisse de la maison de jeux de vos enfants ou d'un espace d'activit\u00e9s en plein air unique.<\/p>\n<a href=\"https:\/\/treelofts.com\/fr\/maisons-de-jeux-dans-les-arbres-2\/\" target=\"_blank\" class=\"button primary is-underline box-shadow-1-hover\" rel=\"noopener\"  >\n\t\t<span>voir plus<\/span>\n\t<\/a>\n\n\n\n\t\t\t<\/div>\n\t\t<\/div>\n\t<\/div>\n\t\n\n\t\t<\/div>\n\t\t\t\t\t<\/div>\n\n\t\n\n\n<style>\n#row-441304671 > .col > .col-inner {\n  padding: 0px 0px 0px 0px;\n}\n<\/style>\n<\/div>\n\n\t\t<\/div>\n\n\t\t\n<style>\n#section_1240995054 {\n  padding-top: 30px;\n  padding-bottom: 30px;\n}\n<\/style>\n\t<\/section>\n\t\n\n\t<section class=\"section dark has-parallax\" id=\"section_687646384\">\n\t\t<div class=\"section-bg fill\" data-parallax-container=\".section\" data-parallax-background data-parallax=\"-9\">\n\t\t\t<img decoding=\"async\" width=\"1024\" height=\"683\" src=\"https:\/\/treelofts.com\/wp-content\/uploads\/2025\/02\/Tree-House-109.jpg\" class=\"bg attachment- size-\" alt=\"\" title=\"\">\t\t\t\t\t\t<div class=\"section-bg-overlay absolute fill\"><\/div>\n\t\t\t\n\n\t\t<\/div>\n\n\t\t\n\n\t\t<div class=\"section-content relative\">\n\t\t\t\n\n\t<div id=\"gap-2048051370\" class=\"gap-element clearfix\" style=\"display:block; height:auto;\">\n\t\t\n<style>\n#gap-2048051370 {\n  padding-top: 30px;\n}\n<\/style>\n\t<\/div>\n\t\n\n<div class=\"row align-center\"  id=\"row-1513958974\">\n\n\n\t<div id=\"col-1528332150\" class=\"col medium-9 small-12 large-9\"  >\n\t\t\t\t<div class=\"col-inner text-center\"  >\n\t\t\t\n\t\t\t\n\n<p>Donnons vie \u00e0 votre vision<\/p>\n\t<div id=\"text-2601269004\" class=\"text\">\n\t\t\n\n<h2><strong>Fabriquer des cabanes de r\u00eave depuis 2013<\/strong><\/h2>\n<p class=\"lead\">\u00a0<\/p>\n\t\t\n<style>\n#text-2601269004 {\n  font-size: 1.5rem;\n}\n<\/style>\n\t<\/div>\n\t\n<a href=\"https:\/\/treelofts.com\/fr\/nous-contacter\/\" class=\"button primary\"  style=\"border-radius:22px;\">\n\t\t<span>commencez votre voyage dans les arbres d\u00e8s aujourd'hui<\/span>\n\t<\/a>\n\n\n\n\t\t<\/div>\n\t\t\t\t\t<\/div>\n\n\t\n\n<\/div>\n\n\t\t<\/div>\n\n\t\t\n<style>\n#section_687646384 {\n  padding-top: 30px;\n  padding-bottom: 30px;\n  min-height: 300px;\n  background-color: rgb(0, 0, 0);\n}\n#section_687646384 .section-bg-overlay {\n  background-color: rgba(0, 0, 0, 0.01);\n}\n#section_687646384 .section-bg img {\n  object-position: 59% 0%;\n}\n@media (min-width:550px) {\n  #section_687646384 {\n    min-height: 400px;\n  }\n}\n<\/style>\n\t<\/section>\n\t\n<div class=\"woocommerce columns-4\"><\/div>\n\n<div class=\"row\"  id=\"row-1959037230\">\n\n\n\n<\/div>","protected":false},"excerpt":{"rendered":"","protected":false},"author":5,"featured_media":0,"parent":0,"menu_order":0,"comment_status":"closed","ping_status":"closed","template":"","meta":{"footnotes":""},"class_list":["post-1131","page","type-page","status-publish","hentry"],"_links":{"self":[{"href":"https:\/\/treelofts.com\/fr\/wp-json\/wp\/v2\/pages\/1131","targetHints":{"allow":["GET"]}}],"collection":[{"href":"https:\/\/treelofts.com\/fr\/wp-json\/wp\/v2\/pages"}],"about":[{"href":"https:\/\/treelofts.com\/fr\/wp-json\/wp\/v2\/types\/page"}],"author":[{"embeddable":true,"href":"https:\/\/treelofts.com\/fr\/wp-json\/wp\/v2\/users\/5"}],"replies":[{"embeddable":true,"href":"https:\/\/treelofts.com\/fr\/wp-json\/wp\/v2\/comments?post=1131"}],"version-history":[{"count":0,"href":"https:\/\/treelofts.com\/fr\/wp-json\/wp\/v2\/pages\/1131\/revisions"}],"wp:attachment":[{"href":"https:\/\/treelofts.com\/fr\/wp-json\/wp\/v2\/media?parent=1131"}],"curies":[{"name":"wp","href":"https:\/\/api.w.org\/{rel}","templated":true}]}}