{"id":1165,"date":"2025-02-11T23:11:14","date_gmt":"2025-02-12T07:11:14","guid":{"rendered":"https:\/\/azh5n13ivf.onrocket.site\/?page_id=1165"},"modified":"2025-02-13T00:00:49","modified_gmt":"2025-02-13T08:00:49","slug":"options","status":"publish","type":"page","link":"https:\/\/treelofts.com\/fr\/options\/","title":{"rendered":"Options"},"content":{"rendered":"<div class=\"banner has-hover\" id=\"banner-678614694\">\n          <div class=\"banner-inner fill\">\n        <div class=\"banner-bg fill\" >\n            <img decoding=\"async\" width=\"1245\" height=\"1659\" src=\"https:\/\/treelofts.com\/wp-content\/uploads\/2025\/02\/Tree-House-2-1.webp\" class=\"bg attachment-original size-original\" alt=\"Pourquoi les cabanes de luxe dans les arbres sont-elles la nouvelle tendance en mati\u00e8re de voyage ?\" title=\"\">                        <div class=\"overlay\"><\/div>            \n                    <\/div>\n\t\t\n        <div class=\"banner-layers container\">\n            <div class=\"fill banner-link\"><\/div>            \n\n   <div id=\"text-box-115341169\" class=\"text-box banner-layer x50 md-x50 lg-x50 y50 md-y50 lg-y50 res-text\">\n                                <div class=\"text-box-content text dark\">\n              \n              <div class=\"text-inner text-center\">\n                  \n\n<h3>Personnalisez votre cabane de r\u00eave<\/h3>\n<h1><strong>Accessoires et options<\/strong><\/h1>\n<p>Une cabane est une \u00e9vasion, une aventure, une cachette ou m\u00eame un lieu de vill\u00e9giature luxueux, et pas seulement une construction dans les bois. Les accessoires ad\u00e9quats transformeront votre cabane de base de jardin de simple \u00e0 \u00e9tonnante, que votre conception exige une magnifique \u00e9vasion \u00e0 la cime des arbres. Imaginez des murs d'escalade, des hamacs confortables, des ponts suspendus et m\u00eame des trappes secr\u00e8tes - chaque aspect transformant votre cabane en un environnement unique. Avec autant de choix, vous pouvez cr\u00e9er une cabane dans les arbres qui refl\u00e8te votre cr\u00e9ativit\u00e9, vos besoins et votre sens de l'amusement.<\/p>\n<a href=\"https:\/\/treelofts.com\/fr\/nous-contacter\/\" class=\"button primary is-underline\"  >\n\t\t<span>commencez votre voyage dans les arbres d\u00e8s aujourd'hui<\/span>\n\t<\/a>\n\n\n\n              <\/div>\n           <\/div>\n                            \n<style>\n#text-box-115341169 {\n  width: 84%;\n}\n#text-box-115341169 .text-box-content {\n  font-size: 100%;\n}\n<\/style>\n    <\/div>\n \n\n        <\/div>\n      <\/div>\n\n            \n<style>\n#banner-678614694 {\n  padding-top: 688px;\n}\n#banner-678614694 .overlay {\n  background-color: rgba(0,0,0,.5);\n}\n#banner-678614694 .banner-bg img {\n  object-position: 48% 58%;\n}\n@media (min-width:550px) {\n  #banner-678614694 {\n    padding-top: 800px;\n  }\n}\n<\/style>\n  <\/div>\n\n\n\n\t<section class=\"section\" id=\"section_1855380215\">\n\t\t<div class=\"section-bg fill\" >\n\t\t\t\t\t\t\t\t\t\n\t\t\t\n\n\t\t<\/div>\n\n\t\t\n\n\t\t<div class=\"section-content relative\">\n\t\t\t\n\n\t<div id=\"gap-1258468000\" class=\"gap-element clearfix\" style=\"display:block; height:auto;\">\n\t\t\n<style>\n#gap-1258468000 {\n  padding-top: 30px;\n}\n<\/style>\n\t<\/div>\n\t\n\n<div class=\"row align-center\"  id=\"row-920818850\">\n\n\n\t<div id=\"col-1022954059\" class=\"col medium-10 small-12 large-11\"  >\n\t\t\t\t<div class=\"col-inner text-center\"  >\n\t\t\t\n\t\t\t\n\n<h6>Jeux et frissons \u00e0 la cime des arbres<\/h6>\n<h2><strong><span style=\"font-size: 150%;\">Faites-en une aventure<\/span><\/strong><\/h2>\n<p>Les compl\u00e9ments ax\u00e9s sur l'aventure sont essentiels pour tous ceux qui pensent que les cabanes doivent \u00eatre aussi passionnantes que belles. Les ponts de cordes apportent du mouvement et de l'excitation, am\u00e9liorant ainsi l'aventure de type Indiana Jones que votre cabane offre lorsque vous marchez entre les plates-formes. Les murs d'escalade et les filets de chargement permettent aux enfants et aux adultes de tester leur agilit\u00e9 et offrent un nouveau degr\u00e9 de plaisir et de d\u00e9fi. Installez un toboggan ou une perche de pompier pour avoir une approche unique de la sortie de votre cabane. Rien n'incarne mieux l'aventure que de descendre en zigzaguant depuis la cime des arbres.<\/p>\n<p>Les tyroliennes vous permettent de glisser entre les arbres ou de descendre vers la terre avec une pouss\u00e9e d'adr\u00e9naline, ce qui accro\u00eet l'excitation des cabanes dans les arbres. Qu'il s'agisse d'une balan\u00e7oire en bois classique, d'une \u00e9norme balan\u00e7oire en corde ou d'une amusante balan\u00e7oire en pneu suspendue \u00e0 une branche solide, les balan\u00e7oires sont \u00e9galement assez \u00e9tonnantes. Inclure le mouvement dans votre maison dans les arbres lui donne plus de vie et combine les loisirs et le plaisir en un.<\/p>\n<a href=\"https:\/\/treelofts.com\/fr\/nous-contacter\/\" target=\"_blank\" class=\"button primary is-underline box-shadow-1-hover\" rel=\"noopener\"  >\n\t\t<span>nous contacter<\/span>\n\t<\/a>\n\n\n\n\t\t<\/div>\n\t\t\t\t\t<\/div>\n\n\t\n\n<\/div>\n\n\t\t<\/div>\n\n\t\t\n<style>\n#section_1855380215 {\n  padding-top: 30px;\n  padding-bottom: 30px;\n}\n<\/style>\n\t<\/section>\n\t\n\n\t<section class=\"section\" id=\"section_36039218\">\n\t\t<div class=\"section-bg fill\" >\n\t\t\t\t\t\t\t\t\t\n\t\t\t\n\n\t\t<\/div>\n\n\t\t\n\n\t\t<div class=\"section-content relative\">\n\t\t\t\n\n<div class=\"row row-large align-middle align-center\" style=\"max-width:1400px\" id=\"row-2050778637\">\n\n\n\t<div id=\"col-522693513\" class=\"col medium-9 small-12 large-6\"  >\n\t\t\t\t<div class=\"col-inner\"  >\n\t\t\t\n\t\t\t\n\n\n  <div class=\"banner has-hover\" id=\"banner-1480901539\">\n          <div class=\"banner-inner fill\">\n        <div class=\"banner-bg fill\" >\n            <img decoding=\"async\" width=\"899\" height=\"1199\" src=\"https:\/\/treelofts.com\/wp-content\/uploads\/2025\/02\/tree-house-1-1.jpeg\" class=\"bg attachment-original size-original\" alt=\"\" title=\"\">                                    \n                    <\/div>\n\t\t\n        <div class=\"banner-layers container\">\n            <div class=\"fill banner-link\"><\/div>            \n\n   <div id=\"text-box-158266377\" class=\"text-box banner-layer x50 md-x50 lg-x50 y50 md-y50 lg-y50 res-text\">\n                                <div class=\"text-box-content text dark\">\n              \n              <div class=\"text-inner text-center\">\n                  \n\n\n              <\/div>\n           <\/div>\n                            \n<style>\n#text-box-158266377 {\n  width: 60%;\n}\n#text-box-158266377 .text-box-content {\n  font-size: 100%;\n}\n@media (min-width:550px) {\n  #text-box-158266377 {\n    width: 60%;\n  }\n}\n<\/style>\n    <\/div>\n \n\n        <\/div>\n      <\/div>\n\n            \n<style>\n#banner-1480901539 {\n  padding-top: 300px;\n}\n#banner-1480901539 .banner-bg img {\n  object-position: 49% 27%;\n}\n@media (min-width:850px) {\n  #banner-1480901539 {\n    padding-top: 70%;\n  }\n}\n<\/style>\n  <\/div>\n\n\n\n\t\t<\/div>\n\t\t\t\t\t<\/div>\n\n\t\n\n\t<div id=\"col-187943673\" class=\"col medium-9 small-12 large-6\"  >\n\t\t\t\t<div class=\"col-inner text-left\"  >\n\t\t\t\n\t\t\t\n\n<h6>Confort et habitabilit\u00e9<\/h6>\n<h3><strong><span style=\"font-size: 160%;\">Transformez-la en une retraite douillette<\/span><\/strong><\/h3>\n<p>Une cabane doit \u00eatre un endroit o\u00f9 l'on peut se d\u00e9tendre, se reposer et profiter de l'environnement. Bien qu'elles offrent une vue imprenable sur la cime des arbres ou le ciel \u00e9toil\u00e9, les fen\u00eatres et les lucarnes apportent de la lumi\u00e8re naturelle et de l'air frais. Parfaits pour le caf\u00e9 du matin ou les loisirs du soir, les terrasses et les balcons vous permettent de sortir et de profiter des images et des sons de la nature. L'ajout d'un hamac ou d'un fauteuil suspendu cr\u00e9e instantan\u00e9ment un refuge calme et oscillant o\u00f9 vous pouvez vous d\u00e9tendre, faire une sieste ou simplement savourer l'instant pr\u00e9sent.<\/p>\n<p>L'isolation et l'imperm\u00e9abilisation vous permettent d'utiliser votre cabane tout au long de l'ann\u00e9e, en conservant sa chaleur en hiver et sa fra\u00eecheur en \u00e9t\u00e9. L'isolation et les caract\u00e9ristiques architecturales appropri\u00e9es permettront \u00e0 votre cabane de rester agr\u00e9able en toute saison, qu'il s'agisse d'un refuge id\u00e9al pour les soir\u00e9es froides ou d'un environnement ouvert et ventil\u00e9 pour les mois les plus chauds.<\/p>\n<a href=\"https:\/\/treelofts.com\/fr\/nous-contacter\/\" target=\"_blank\" class=\"button secondary is-link box-shadow-1-hover\" rel=\"noopener\"  >\n\t\t<span>nous contacter<\/span>\n\t<i class=\"icon-angle-right\" aria-hidden=\"true\" ><\/i><\/a>\n\n\n\n\t\t<\/div>\n\t\t\t\t\n<style>\n#col-187943673 > .col-inner {\n  padding: 0px 0px 0px 0px;\n}\n@media (min-width:850px) {\n  #col-187943673 > .col-inner {\n    padding: 0px 50px 0px 50px;\n  }\n}\n<\/style>\n\t<\/div>\n\n\t\n\n<\/div>\n<div class=\"row row-large align-middle align-center\" style=\"max-width:1400px\" id=\"row-792926246\">\n\n\n\t<div id=\"col-1050196002\" class=\"col medium-9 small-12 large-6\"  >\n\t\t\t\t<div class=\"col-inner text-left\"  >\n\t\t\t\n\t\t\t\n\n<h6>Des ajouts intelligents pour plus de facilit\u00e9 et de commodit\u00e9<\/h6>\n<h3><strong><span style=\"font-size: 150%;\">Am\u00e9liorer la fonctionnalit\u00e9<\/span><\/strong><\/h3>\n<p>Les cabanes dans les arbres doivent \u00eatre utiles, m\u00eame si elles peuvent \u00eatre imaginatives et fantaisistes. Une conception bien pens\u00e9e int\u00e8gre des \u00e9l\u00e9ments judicieux destin\u00e9s \u00e0 simplifier la vie. Au lieu de grimper \u00e0 pleines mains, des syst\u00e8mes de poulies et des paniers en corde vous permettent de monter et de descendre des marchandises, de la nourriture ou m\u00eame des livres. Pratique et divertissant, il est agr\u00e9able de rassembler des aliments pour un pique-nique ou de descendre un panier de jouets pour les enfants.<\/p>\n<p>Apr\u00e8s le coucher du soleil, l'\u00e9clairage solaire et les lampes \u00e0 piles maintiennent votre cabane bien \u00e9clair\u00e9e, ce qui augmente son utilisation dans la soir\u00e9e. Un espace bien \u00e9clair\u00e9 fait toute la diff\u00e9rence, que vous passiez la nuit dans les arbres ou que vous souhaitiez simplement savourer le calme de la soir\u00e9e. Il est \u00e9galement essentiel de disposer d'une approche s\u00fbre et \u00e0 la mode pour acc\u00e9der \u00e0 votre cabane. Des \u00e9chelles et des escaliers solides offrent un acc\u00e8s s\u00fbr ; les choix vont des marches traditionnelles en bois aux escaliers en colima\u00e7on ou aux \u00e9chelles de corde pour une ambiance plus audacieuse. \u00c0 l'int\u00e9rieur, des options de rangement astucieuses et des chaises int\u00e9gr\u00e9es permettent de maintenir l'organisation sans sacrifier trop d'espace.<\/p>\n<a href=\"https:\/\/treelofts.com\/fr\/nous-contacter\/\" target=\"_blank\" class=\"button secondary is-link box-shadow-1-hover\" rel=\"noopener\"  >\n\t\t<span>nous contacter<\/span>\n\t<i class=\"icon-angle-right\" aria-hidden=\"true\" ><\/i><\/a>\n\n\n\n\t\t<\/div>\n\t\t\t\t\n<style>\n#col-1050196002 > .col-inner {\n  padding: 0px 0px 0px 0px;\n}\n@media (min-width:850px) {\n  #col-1050196002 > .col-inner {\n    padding: 0px 50px 0px 50px;\n  }\n}\n<\/style>\n\t<\/div>\n\n\t\n\n\t<div id=\"col-1992176410\" class=\"col medium-9 small-12 large-6 medium-col-first\"  >\n\t\t\t\t<div class=\"col-inner\"  >\n\t\t\t\n\t\t\t\n\n\n  <div class=\"banner has-hover\" id=\"banner-1167384309\">\n          <div class=\"banner-inner fill\">\n        <div class=\"banner-bg fill\" >\n            <img decoding=\"async\" width=\"1024\" height=\"1366\" src=\"https:\/\/treelofts.com\/wp-content\/uploads\/2025\/02\/Scandinavian-style-tree-house-3.webp\" class=\"bg attachment-original size-original\" alt=\"\" title=\"\">                                    \n                    <\/div>\n\t\t\n        <div class=\"banner-layers container\">\n            <div class=\"fill banner-link\"><\/div>            \n\n   <div id=\"text-box-377986350\" class=\"text-box banner-layer x50 md-x50 lg-x50 y50 md-y50 lg-y50 res-text\">\n                                <div class=\"text-box-content text dark\">\n              \n              <div class=\"text-inner text-center\">\n                  \n\n\n              <\/div>\n           <\/div>\n                            \n<style>\n#text-box-377986350 {\n  width: 60%;\n}\n#text-box-377986350 .text-box-content {\n  font-size: 100%;\n}\n@media (min-width:550px) {\n  #text-box-377986350 {\n    width: 60%;\n  }\n}\n<\/style>\n    <\/div>\n \n\n        <\/div>\n      <\/div>\n\n            \n<style>\n#banner-1167384309 {\n  padding-top: 300px;\n}\n#banner-1167384309 .banner-bg img {\n  object-position: 48% 68%;\n}\n@media (min-width:850px) {\n  #banner-1167384309 {\n    padding-top: 83.28%;\n  }\n}\n<\/style>\n  <\/div>\n\n\n\n\t\t<\/div>\n\t\t\t\t\t<\/div>\n\n\t\n\n<\/div>\n\n\t\t<\/div>\n\n\t\t\n<style>\n#section_36039218 {\n  padding-top: 0px;\n  padding-bottom: 0px;\n}\n<\/style>\n\t<\/section>\n\t\n\n\t<section class=\"section\" id=\"section_750614746\">\n\t\t<div class=\"section-bg fill\" >\n\t\t\t\t\t\t\t\t\t\n\t\t\t\n\n\t\t<\/div>\n\n\t\t\n\n\t\t<div class=\"section-content relative\">\n\t\t\t\n\n<div class=\"row row-large align-middle align-center\" style=\"max-width:1400px\" id=\"row-1685376425\">\n\n\n\t<div id=\"col-91552820\" class=\"col medium-9 small-12 large-6\"  >\n\t\t\t\t<div class=\"col-inner\"  >\n\t\t\t\n\t\t\t\n\n\n  <div class=\"banner has-hover\" id=\"banner-181263071\">\n          <div class=\"banner-inner fill\">\n        <div class=\"banner-bg fill\" >\n            <img decoding=\"async\" width=\"1284\" height=\"1696\" src=\"https:\/\/treelofts.com\/wp-content\/uploads\/2025\/02\/Tree-House-Plans-6.webp\" class=\"bg attachment-original size-original\" alt=\"\" title=\"\">                                    \n                    <\/div>\n\t\t\n        <div class=\"banner-layers container\">\n            <div class=\"fill banner-link\"><\/div>            \n\n   <div id=\"text-box-1236613645\" class=\"text-box banner-layer x50 md-x50 lg-x50 y50 md-y50 lg-y50 res-text\">\n                                <div class=\"text-box-content text dark\">\n              \n              <div class=\"text-inner text-center\">\n                  \n\n\n              <\/div>\n           <\/div>\n                            \n<style>\n#text-box-1236613645 {\n  width: 60%;\n}\n#text-box-1236613645 .text-box-content {\n  font-size: 100%;\n}\n@media (min-width:550px) {\n  #text-box-1236613645 {\n    width: 60%;\n  }\n}\n<\/style>\n    <\/div>\n \n\n        <\/div>\n      <\/div>\n\n            \n<style>\n#banner-181263071 {\n  padding-top: 300px;\n}\n#banner-181263071 .banner-bg img {\n  object-position: 51% 0%;\n}\n@media (min-width:850px) {\n  #banner-181263071 {\n    padding-top: 68.7%;\n  }\n}\n<\/style>\n  <\/div>\n\n\n\n\t\t<\/div>\n\t\t\t\t\t<\/div>\n\n\t\n\n\t<div id=\"col-498835142\" class=\"col medium-9 small-12 large-6\"  >\n\t\t\t\t<div class=\"col-inner text-left\"  >\n\t\t\t\n\t\t\t\n\n<h6>Les petits d\u00e9tails comptent<\/h6>\n<h3><strong><span style=\"font-size: 150%;\">Ajouter de la personnalit\u00e9 et des touches uniques<\/span><\/strong><\/h3>\n<p>Une cabane doit se sentir particuli\u00e8rement \u00e0 vous, et des touches innovantes et des \u00e9l\u00e9ments de personnalisation vous aideront \u00e0 y parvenir. Alors que les garnitures d\u00e9coratives et les sculptures en bois peuvent donner un aspect rustique ou excentrique, l'ajout de portes et de volets de cabane donne un air de cabane. Votre cabane vous surprendra avec des trappes secr\u00e8tes, des compartiments secrets et des combles douillets, ce qui renforcera son caract\u00e8re excitant.<\/p>\n<p>Les d\u00e9corations \u00e0 th\u00e8me donnent \u00e0 la pi\u00e8ce une inspiration plus cr\u00e9ative. Les possibilit\u00e9s sont innombrables : une cabane de pirate avec un m\u00e2t et des balustrades en bois, un hameau de conte de f\u00e9es avec des lumi\u00e8res scintillantes et des murs couverts de lierre, ou une retraite dans la jungle avec des d\u00e9tails en bambou et des plantes grimpantes. Une signal\u00e9tique personnalis\u00e9e comprenant des noms, des citations ou des embl\u00e8mes familiaux apporte une derni\u00e8re touche qui distingue v\u00e9ritablement l'espace des autres.<\/p>\n<a href=\"https:\/\/treelofts.com\/fr\/nous-contacter\/\" target=\"_blank\" class=\"button secondary is-link box-shadow-1-hover\" rel=\"noopener\"  >\n\t\t<span>nous contacter<\/span>\n\t<i class=\"icon-angle-right\" aria-hidden=\"true\" ><\/i><\/a>\n\n\n\n\t\t<\/div>\n\t\t\t\t\n<style>\n#col-498835142 > .col-inner {\n  padding: 0px 0px 0px 0px;\n}\n@media (min-width:850px) {\n  #col-498835142 > .col-inner {\n    padding: 0px 50px 0px 50px;\n  }\n}\n<\/style>\n\t<\/div>\n\n\t\n\n<\/div>\n\n\t\t<\/div>\n\n\t\t\n<style>\n#section_750614746 {\n  padding-top: 0px;\n  padding-bottom: 0px;\n}\n<\/style>\n\t<\/section>\n\t\n\n\t<section class=\"section\" id=\"section_1661127956\">\n\t\t<div class=\"section-bg fill\" >\n\t\t\t\t\t\t\t\t\t\n\t\t\t\n\n\t\t<\/div>\n\n\t\t\n\n\t\t<div class=\"section-content relative\">\n\t\t\t\n\n\t<div id=\"gap-231401716\" class=\"gap-element clearfix\" style=\"display:block; height:auto;\">\n\t\t\n<style>\n#gap-231401716 {\n  padding-top: 30px;\n}\n<\/style>\n\t<\/div>\n\t\n\n<div class=\"row align-center\"  id=\"row-281092874\">\n\n\n\t<div id=\"col-1560085131\" class=\"col medium-10 small-12 large-11\"  >\n\t\t\t\t<div class=\"col-inner text-center\"  >\n\t\t\t\n\t\t\t\n\n\t<div id=\"text-1424838268\" class=\"text\">\n\t\t\n\n<h2 data-start=\"4591\" data-end=\"4624\"><strong data-start=\"4594\" data-end=\"4622\">Votre maison, \u00e0 votre fa\u00e7on<\/strong><\/h2>\n\t\t\n<style>\n#text-1424838268 {\n  font-size: 1.63rem;\n}\n<\/style>\n\t<\/div>\n\t\n<p>Deux cabanes ne doivent pas \u00eatre identiques. Les accessoires et les d\u00e9cisions de conception appropri\u00e9s peuvent vous aider \u00e0 r\u00e9aliser votre id\u00e9e, qu'il s'agisse d'une \u00e9vasion utilitaire en plein air, d'une retraite calme ou d'un centre d'aventure plein d'action. Plus qu'un simple b\u00e2timent, une cabane est une exp\u00e9rience, des vacances et une expression cr\u00e9ative de ce qui vous fait plaisir. Commencez \u00e0 concevoir, \u00e9tudiez les options et cr\u00e9ez une cabane aussi unique que votre imagination.<\/p>\n<a href=\"https:\/\/treelofts.com\/fr\/nous-contacter\/\" target=\"_blank\" class=\"button primary is-underline box-shadow-1-hover\" rel=\"noopener\"  >\n\t\t<span>nous contacter<\/span>\n\t<\/a>\n\n\n\n\t\t<\/div>\n\t\t\t\t\t<\/div>\n\n\t\n\n<\/div>\n\n\t\t<\/div>\n\n\t\t\n<style>\n#section_1661127956 {\n  padding-top: 30px;\n  padding-bottom: 30px;\n}\n<\/style>\n\t<\/section>\n\t\n\n  <div class=\"banner has-hover\" id=\"banner-1624879704\">\n          <div class=\"banner-inner fill\">\n        <div class=\"banner-bg fill\" >\n            <img decoding=\"async\" width=\"1020\" height=\"681\" src=\"https:\/\/treelofts.com\/wp-content\/uploads\/2025\/02\/Build-the-perfect-treehouse-with-just-15K-budget-friendly-Treehouse-Kit-with-our-customer-examples-2.jpg\" class=\"bg attachment-large size-large\" alt=\"\" title=\"\">                        <div class=\"overlay\"><\/div>            \n                    <\/div>\n\t\t\n        <div class=\"banner-layers container\">\n            <div class=\"fill banner-link\"><\/div>            \n\n   <div id=\"text-box-1473674667\" class=\"text-box banner-layer x50 md-x50 lg-x50 y50 md-y50 lg-y50 res-text\">\n                                <div class=\"text-box-content text dark\">\n              \n              <div class=\"text-inner text-center\">\n                  \n\n<p>Donnons vie \u00e0 votre vision<\/p>\n<h2><strong>Fabriquer des cabanes de r\u00eave depuis 2013<\/strong><\/h2>\n<a href=\"https:\/\/treelofts.com\/fr\/nous-contacter\/\" class=\"button white is-outline\"  >\n\t\t<span>commencez votre voyage dans les arbres d\u00e8s aujourd'hui<\/span>\n\t<\/a>\n\n\n\n              <\/div>\n           <\/div>\n                            \n<style>\n#text-box-1473674667 {\n  width: 60%;\n}\n#text-box-1473674667 .text-box-content {\n  font-size: 100%;\n}\n<\/style>\n    <\/div>\n \n\n        <\/div>\n      <\/div>\n\n            \n<style>\n#banner-1624879704 {\n  padding-top: 350px;\n}\n#banner-1624879704 .overlay {\n  background-color: rgba(0, 0, 0, 0.17);\n}\n#banner-1624879704 .banner-bg img {\n  object-position: 51% 17%;\n}\n<\/style>\n  <\/div>\n\n\n<div class=\"woocommerce columns-4\"><\/div>\n\n<div class=\"row\"  id=\"row-1655272791\">\n\n\n\n<\/div>","protected":false},"excerpt":{"rendered":"","protected":false},"author":5,"featured_media":0,"parent":0,"menu_order":0,"comment_status":"closed","ping_status":"closed","template":"","meta":{"footnotes":""},"class_list":["post-1165","page","type-page","status-publish","hentry"],"_links":{"self":[{"href":"https:\/\/treelofts.com\/fr\/wp-json\/wp\/v2\/pages\/1165","targetHints":{"allow":["GET"]}}],"collection":[{"href":"https:\/\/treelofts.com\/fr\/wp-json\/wp\/v2\/pages"}],"about":[{"href":"https:\/\/treelofts.com\/fr\/wp-json\/wp\/v2\/types\/page"}],"author":[{"embeddable":true,"href":"https:\/\/treelofts.com\/fr\/wp-json\/wp\/v2\/users\/5"}],"replies":[{"embeddable":true,"href":"https:\/\/treelofts.com\/fr\/wp-json\/wp\/v2\/comments?post=1165"}],"version-history":[{"count":0,"href":"https:\/\/treelofts.com\/fr\/wp-json\/wp\/v2\/pages\/1165\/revisions"}],"wp:attachment":[{"href":"https:\/\/treelofts.com\/fr\/wp-json\/wp\/v2\/media?parent=1165"}],"curies":[{"name":"wp","href":"https:\/\/api.w.org\/{rel}","templated":true}]}}