{"id":1287,"date":"2025-02-12T18:45:02","date_gmt":"2025-02-13T02:45:02","guid":{"rendered":"https:\/\/azh5n13ivf.onrocket.site\/?page_id=1287"},"modified":"2025-02-13T19:33:17","modified_gmt":"2025-02-14T03:33:17","slug":"serres-commerciales","status":"publish","type":"page","link":"https:\/\/treelofts.com\/fr\/serres-commerciales\/","title":{"rendered":"Les cabanes commerciales"},"content":{"rendered":"<section class=\"section\" id=\"section_2053455180\">\n\t\t<div class=\"section-bg fill\" >\n\t\t\t\t\t\t\t\t\t\n\t\t\t\n\n\t\t<\/div>\n\n\t\t\n\n\t\t<div class=\"section-content relative\">\n\t\t\t\n\n\t<div id=\"gap-415211926\" class=\"gap-element clearfix\" style=\"display:block; height:auto;\">\n\t\t\n<style>\n#gap-415211926 {\n  padding-top: 30px;\n}\n<\/style>\n\t<\/div>\n\t\n\n<div class=\"row align-center\"  id=\"row-111103557\">\n\n\n\t<div id=\"col-1019241687\" class=\"col medium-10 small-12 large-10\"  >\n\t\t\t\t<div class=\"col-inner text-center\"  >\n\t\t\t\n\t\t\t\n\n<h3>Des constructions \u00e9tonnantes qui permettent aux entreprises d'atteindre de nouveaux sommets<\/h3>\n<h2><strong><span style=\"font-size: 150%;\">Les cabanes commerciales<\/span><\/strong><\/h2>\n<p>Les cabanes dans les arbres transforment les environnements commerciaux et ne sont plus seulement un refuge pour les enfants ou une escapade dans l'arri\u00e8re-cour. Qu'il s'agisse d'\u00e9co-resorts de luxe, de restaurants dans les arbres ou de parcs d'aventure, les entreprises du monde entier utilisent des conceptions sur\u00e9lev\u00e9es pour attirer les clients et produire des exp\u00e9riences remarquables. Les cabanes commerciales offrent un m\u00e9lange sp\u00e9cial d'environnement, d'aventure et de cr\u00e9ativit\u00e9, qu'il s'agisse d'un Airbnb dans les arbres, d'un lieu de mariage ou d'un petit caf\u00e9.<\/p>\n<p>Les cabanes dans les arbres ne sont plus seulement un fantasme d'enfant. Aujourd'hui, elles repr\u00e9sentent une action audacieuse de la part des entreprises, qui offrent une exp\u00e9rience immersive tout en soutenant l'innovation et l'environnement. <\/p>\n<a href=\"https:\/\/treelofts.com\/fr\/nous-contacter\/\" target=\"_blank\" class=\"button primary is-underline box-shadow-1-hover\" rel=\"noopener\"  >\n\t\t<span>commencez votre voyage dans les arbres d\u00e8s aujourd'hui<\/span>\n\t<\/a>\n\n\n\n\t\t<\/div>\n\t\t\t\t\t<\/div>\n\n\t\n\n<\/div>\n\n\t\t<\/div>\n\n\t\t\n<style>\n#section_2053455180 {\n  padding-top: 30px;\n  padding-bottom: 30px;\n}\n<\/style>\n\t<\/section>\n\t\n\n\t<section class=\"section\" id=\"section_615083706\">\n\t\t<div class=\"section-bg fill\" >\n\t\t\t\t\t\t\t\t\t\n\t\t\t\n\n\t\t<\/div>\n\n\t\t\n\n\t\t<div class=\"section-content relative\">\n\t\t\t\n\n<div class=\"row row-large\" style=\"max-width:1400px\" id=\"row-54514856\">\n\n\n\t<div id=\"col-1192100591\" class=\"col medium-4 small-12 large-4\"  >\n\t\t\t\t<div class=\"col-inner\"  >\n\t\t\t\n\t\t\t\n\n\t<div class=\"box has-hover   has-hover box-text-bottom\" >\n\n\t\t<div class=\"box-image\" >\n\t\t\t<a href=\"#\" >\t\t\t<div class=\"image-zoom image-cover\" style=\"padding-top:100%;\">\n\t\t\t\t<img decoding=\"async\" width=\"1024\" height=\"683\" src=\"https:\/\/treelofts.com\/wp-content\/uploads\/2025\/02\/Tree-House-119.jpg\" class=\"attachment- size-\" alt=\"\" srcset=\"https:\/\/treelofts.com\/wp-content\/uploads\/2025\/02\/Tree-House-119.jpg 1024w, https:\/\/treelofts.com\/wp-content\/uploads\/2025\/02\/Tree-House-119-600x400.jpg 600w, https:\/\/treelofts.com\/wp-content\/uploads\/2025\/02\/Tree-House-119-768x512.jpg 768w, https:\/\/treelofts.com\/wp-content\/uploads\/2025\/02\/Tree-House-119-1000x667.jpg 1000w\" sizes=\"(max-width: 1024px) 100vw, 1024px\" title=\"\">\t\t\t\t\t\t\t\t\t\t\t<\/div>\n\t\t\t<\/a>\t\t<\/div>\n\n\t\t<div class=\"box-text text-center\" >\n\t\t\t<div class=\"box-text-inner\">\n\t\t\t\t\n\n<h6>The Vineyard Treetop Resort<\/h6>\n<h3><strong><span style=\"font-size: 150%;\">1. la vall\u00e9e de Napa, CA<\/span><\/strong><\/h3>\n\t<div id=\"gap-243406925\" class=\"gap-element clearfix\" style=\"display:block; height:auto;\">\n\t\t\n<style>\n#gap-243406925 {\n  padding-top: 10px;\n}\n<\/style>\n\t<\/div>\n\t\n\n<p><strong>Type de cabane :<\/strong> 3 Tree Treehouse<\/p>\n<p><strong>Ann\u00e9e de construction :\u00a0<\/strong>2022<\/p>\n<a href=\"https:\/\/treelofts.com\/fr\/nous-contacter\/\" target=\"_blank\" class=\"button primary is-underline box-shadow-1-hover\" rel=\"noopener\"  >\n\t\t<span>en savoir plus<\/span>\n\t<\/a>\n\n\n\n\t\t\t<\/div>\n\t\t<\/div>\n\t<\/div>\n\t\n\n\t\t<\/div>\n\t\t\t\t\t<\/div>\n\n\t\n\n\t<div id=\"col-277594792\" class=\"col medium-4 small-12 large-4\"  >\n\t\t\t\t<div class=\"col-inner\"  >\n\t\t\t\n\t\t\t\n\n\t<div class=\"box has-hover   has-hover box-text-bottom\" >\n\n\t\t<div class=\"box-image\" >\n\t\t\t<a href=\"#\" >\t\t\t<div class=\"image-zoom image-cover\" style=\"padding-top:100%;\">\n\t\t\t\t<img decoding=\"async\" width=\"1015\" height=\"1024\" src=\"https:\/\/treelofts.com\/wp-content\/uploads\/2025\/02\/Tree-House-17.jpg\" class=\"attachment- size-\" alt=\"\" srcset=\"https:\/\/treelofts.com\/wp-content\/uploads\/2025\/02\/Tree-House-17.jpg 1015w, https:\/\/treelofts.com\/wp-content\/uploads\/2025\/02\/Tree-House-17-396x400.jpg 396w, https:\/\/treelofts.com\/wp-content\/uploads\/2025\/02\/Tree-House-17-793x800.jpg 793w, https:\/\/treelofts.com\/wp-content\/uploads\/2025\/02\/Tree-House-17-768x775.jpg 768w, https:\/\/treelofts.com\/wp-content\/uploads\/2025\/02\/Tree-House-17-1000x1009.jpg 1000w, https:\/\/treelofts.com\/wp-content\/uploads\/2025\/02\/Tree-House-17-100x100.jpg 100w\" sizes=\"(max-width: 1015px) 100vw, 1015px\" title=\"\">\t\t\t\t\t\t\t\t\t\t\t<\/div>\n\t\t\t<\/a>\t\t<\/div>\n\n\t\t<div class=\"box-text text-center\" >\n\t\t\t<div class=\"box-text-inner\">\n\t\t\t\t\n\n<h6>La cabane du jardin urbain<\/h6>\n<h3><strong><span style=\"font-size: 150%;\">2.Chicago, IL<\/span><\/strong><\/h3>\n\t<div id=\"gap-1801926786\" class=\"gap-element clearfix\" style=\"display:block; height:auto;\">\n\t\t\n<style>\n#gap-1801926786 {\n  padding-top: 10px;\n}\n<\/style>\n\t<\/div>\n\t\n\n<p><strong>Type de cabane :<\/strong>\u00a02 Tree Treehouse<\/p>\n<p><strong>Ann\u00e9e de construction :\u00a0<\/strong>2021<\/p>\n<a href=\"https:\/\/treelofts.com\/fr\/nous-contacter\/\" target=\"_blank\" class=\"button primary is-underline box-shadow-1-hover\" rel=\"noopener\"  >\n\t\t<span>en savoir plus<\/span>\n\t<\/a>\n\n\n\n\t\t\t<\/div>\n\t\t<\/div>\n\t<\/div>\n\t\n\n\t\t<\/div>\n\t\t\t\t\t<\/div>\n\n\t\n\n\t<div id=\"col-755440704\" class=\"col medium-4 small-12 large-4\"  >\n\t\t\t\t<div class=\"col-inner\"  >\n\t\t\t\n\t\t\t\n\n\t<div class=\"box has-hover   has-hover box-text-bottom\" >\n\n\t\t<div class=\"box-image\" >\n\t\t\t<a href=\"#\" >\t\t\t<div class=\"image-zoom image-cover\" style=\"padding-top:100%;\">\n\t\t\t\t<img decoding=\"async\" width=\"1242\" height=\"1656\" src=\"https:\/\/treelofts.com\/wp-content\/uploads\/2025\/02\/Tree-House-1.jpeg\" class=\"attachment- size-\" alt=\"\" srcset=\"https:\/\/treelofts.com\/wp-content\/uploads\/2025\/02\/Tree-House-1.jpeg 1242w, https:\/\/treelofts.com\/wp-content\/uploads\/2025\/02\/Tree-House-1-300x400.jpeg 300w, https:\/\/treelofts.com\/wp-content\/uploads\/2025\/02\/Tree-House-1-600x800.jpeg 600w, https:\/\/treelofts.com\/wp-content\/uploads\/2025\/02\/Tree-House-1-768x1024.jpeg 768w, https:\/\/treelofts.com\/wp-content\/uploads\/2025\/02\/Tree-House-1-1152x1536.jpeg 1152w, https:\/\/treelofts.com\/wp-content\/uploads\/2025\/02\/Tree-House-1-1000x1333.jpeg 1000w\" sizes=\"(max-width: 1242px) 100vw, 1242px\" title=\"\">\t\t\t\t\t\t\t\t\t\t\t<\/div>\n\t\t\t<\/a>\t\t<\/div>\n\n\t\t<div class=\"box-text text-center\" >\n\t\t\t<div class=\"box-text-inner\">\n\t\t\t\t\n\n<h6>Le belv\u00e9d\u00e8re de Smoky Mountain<\/h6>\n<h3><strong><span style=\"font-size: 150%;\">3. Gatlinburg, TN<\/span><\/strong><\/h3>\n\t<div id=\"gap-1073812227\" class=\"gap-element clearfix\" style=\"display:block; height:auto;\">\n\t\t\n<style>\n#gap-1073812227 {\n  padding-top: 10px;\n}\n<\/style>\n\t<\/div>\n\t\n\n<p><strong>Type de cabane :<\/strong>\u00a02 Tree Treehouse<\/p>\n<p><strong>Ann\u00e9e de construction :\u00a0<\/strong>2023<\/p>\n<a href=\"https:\/\/treelofts.com\/fr\/nous-contacter\/\" target=\"_blank\" class=\"button primary is-underline box-shadow-1-hover\" rel=\"noopener\"  >\n\t\t<span>en savoir plus<\/span>\n\t<\/a>\n\n\n\n\t\t\t<\/div>\n\t\t<\/div>\n\t<\/div>\n\t\n\n\t\t<\/div>\n\t\t\t\t\t<\/div>\n\n\t\n\n\n<style>\n#row-54514856 > .col > .col-inner {\n  padding: 0px 0px 0px 0px;\n}\n<\/style>\n<\/div>\n\n\t\t<\/div>\n\n\t\t\n<style>\n#section_615083706 {\n  padding-top: 30px;\n  padding-bottom: 30px;\n}\n<\/style>\n\t<\/section>\n\t\n\n\t<section class=\"section\" id=\"section_284121216\">\n\t\t<div class=\"section-bg fill\" >\n\t\t\t\t\t\t\t\t\t\n\t\t\t\n\n\t\t<\/div>\n\n\t\t\n\n\t\t<div class=\"section-content relative\">\n\t\t\t\n\n<div class=\"row row-large\" style=\"max-width:1400px\" id=\"row-326699487\">\n\n\n\t<div id=\"col-1595860751\" class=\"col medium-4 small-12 large-4\"  >\n\t\t\t\t<div class=\"col-inner\"  >\n\t\t\t\n\t\t\t\n\n\t<div class=\"box has-hover   has-hover box-text-bottom\" >\n\n\t\t<div class=\"box-image\" >\n\t\t\t<a href=\"#\" >\t\t\t<div class=\"image-zoom image-cover\" style=\"padding-top:100%;\">\n\t\t\t\t<img decoding=\"async\" width=\"1024\" height=\"683\" src=\"https:\/\/treelofts.com\/wp-content\/uploads\/2025\/02\/Tree-House-73.jpg\" class=\"attachment- size-\" alt=\"Les 7 meilleures options de toiture de cabane : Choisir la couverture id\u00e9ale\" srcset=\"https:\/\/treelofts.com\/wp-content\/uploads\/2025\/02\/Tree-House-73.jpg 1024w, https:\/\/treelofts.com\/wp-content\/uploads\/2025\/02\/Tree-House-73-600x400.jpg 600w, https:\/\/treelofts.com\/wp-content\/uploads\/2025\/02\/Tree-House-73-768x512.jpg 768w, https:\/\/treelofts.com\/wp-content\/uploads\/2025\/02\/Tree-House-73-1000x667.jpg 1000w\" sizes=\"(max-width: 1024px) 100vw, 1024px\" title=\"\">\t\t\t\t\t\t\t\t\t\t\t<\/div>\n\t\t\t<\/a>\t\t<\/div>\n\n\t\t<div class=\"box-text text-center\" >\n\t\t\t<div class=\"box-text-inner\">\n\t\t\t\t\n\n<h6>Le Jungle Canopy Lodge<\/h6>\n<h3><strong><span style=\"font-size: 150%;\">4.Kerala, Inde<\/span><\/strong><\/h3>\n\t<div id=\"gap-1133693408\" class=\"gap-element clearfix\" style=\"display:block; height:auto;\">\n\t\t\n<style>\n#gap-1133693408 {\n  padding-top: 10px;\n}\n<\/style>\n\t<\/div>\n\t\n\n<p><strong>Type de cabane :<\/strong>\u00a02 Tree Treehouse<\/p>\n<p><strong>Ann\u00e9e de construction :\u00a0<\/strong>2024<\/p>\n<a href=\"https:\/\/treelofts.com\/fr\/nous-contacter\/\" target=\"_blank\" class=\"button primary is-underline box-shadow-1-hover\" rel=\"noopener\"  >\n\t\t<span>en savoir plus<\/span>\n\t<\/a>\n\n\n\n\t\t\t<\/div>\n\t\t<\/div>\n\t<\/div>\n\t\n\n\t\t<\/div>\n\t\t\t\t\t<\/div>\n\n\t\n\n\t<div id=\"col-1674212623\" class=\"col medium-4 small-12 large-4\"  >\n\t\t\t\t<div class=\"col-inner\"  >\n\t\t\t\n\t\t\t\n\n\t<div class=\"box has-hover   has-hover box-text-bottom\" >\n\n\t\t<div class=\"box-image\" >\n\t\t\t<a href=\"#\" >\t\t\t<div class=\"image-zoom image-cover\" style=\"padding-top:100%;\">\n\t\t\t\t<img decoding=\"async\" width=\"1024\" height=\"683\" src=\"https:\/\/treelofts.com\/wp-content\/uploads\/2025\/02\/No-Tree-Treehouse.jpg\" class=\"attachment- size-\" alt=\"\" srcset=\"https:\/\/treelofts.com\/wp-content\/uploads\/2025\/02\/No-Tree-Treehouse.jpg 1024w, https:\/\/treelofts.com\/wp-content\/uploads\/2025\/02\/No-Tree-Treehouse-600x400.jpg 600w, https:\/\/treelofts.com\/wp-content\/uploads\/2025\/02\/No-Tree-Treehouse-768x512.jpg 768w, https:\/\/treelofts.com\/wp-content\/uploads\/2025\/02\/No-Tree-Treehouse-1000x667.jpg 1000w\" sizes=\"(max-width: 1024px) 100vw, 1024px\" title=\"\">\t\t\t\t\t\t\t\t\t\t\t<\/div>\n\t\t\t<\/a>\t\t<\/div>\n\n\t\t<div class=\"box-text text-center\" >\n\t\t\t<div class=\"box-text-inner\">\n\t\t\t\t\n\n<h6>Le Lakeside Playhouse<\/h6>\n<h3><strong><span style=\"font-size: 150%;\">5.Wisconsin<\/span><\/strong><\/h3>\n\t<div id=\"gap-1014534369\" class=\"gap-element clearfix\" style=\"display:block; height:auto;\">\n\t\t\n<style>\n#gap-1014534369 {\n  padding-top: 10px;\n}\n<\/style>\n\t<\/div>\n\t\n\n<p><strong>Type de cabane :<\/strong> 1 Tree Treehouse<\/p>\n<p><strong>Ann\u00e9e de construction :\u00a0<\/strong>2020<\/p>\n<a href=\"https:\/\/treelofts.com\/fr\/nous-contacter\/\" target=\"_blank\" class=\"button primary is-underline box-shadow-1-hover\" rel=\"noopener\"  >\n\t\t<span>en savoir plus<\/span>\n\t<\/a>\n\n\n\n\t\t\t<\/div>\n\t\t<\/div>\n\t<\/div>\n\t\n\n\t\t<\/div>\n\t\t\t\t\t<\/div>\n\n\t\n\n\t<div id=\"col-2001659783\" class=\"col medium-4 small-12 large-4\"  >\n\t\t\t\t<div class=\"col-inner\"  >\n\t\t\t\n\t\t\t\n\n\t<div class=\"box has-hover   has-hover box-text-bottom\" >\n\n\t\t<div class=\"box-image\" >\n\t\t\t<a href=\"#\" >\t\t\t<div class=\"image-zoom image-cover\" style=\"padding-top:100%;\">\n\t\t\t\t<img decoding=\"async\" width=\"1024\" height=\"683\" src=\"https:\/\/treelofts.com\/wp-content\/uploads\/2025\/02\/How-to-Build-a-Modern-Tree-House-Step-by-Step-Compliance-with-2024-Building-Codes-3.jpg\" class=\"attachment- size-\" alt=\"\" srcset=\"https:\/\/treelofts.com\/wp-content\/uploads\/2025\/02\/How-to-Build-a-Modern-Tree-House-Step-by-Step-Compliance-with-2024-Building-Codes-3.jpg 1024w, https:\/\/treelofts.com\/wp-content\/uploads\/2025\/02\/How-to-Build-a-Modern-Tree-House-Step-by-Step-Compliance-with-2024-Building-Codes-3-600x400.jpg 600w, https:\/\/treelofts.com\/wp-content\/uploads\/2025\/02\/How-to-Build-a-Modern-Tree-House-Step-by-Step-Compliance-with-2024-Building-Codes-3-768x512.jpg 768w, https:\/\/treelofts.com\/wp-content\/uploads\/2025\/02\/How-to-Build-a-Modern-Tree-House-Step-by-Step-Compliance-with-2024-Building-Codes-3-1000x667.jpg 1000w\" sizes=\"(max-width: 1024px) 100vw, 1024px\" title=\"\">\t\t\t\t\t\t\t\t\t\t\t<\/div>\n\t\t\t<\/a>\t\t<\/div>\n\n\t\t<div class=\"box-text text-center\" >\n\t\t\t<div class=\"box-text-inner\">\n\t\t\t\t\n\n<h6>La cabane dans la for\u00eat<\/h6>\n<h3><strong><span style=\"font-size: 150%;\">6.Minnesota, \u00c9tats-Unis<\/span><\/strong><\/h3>\n\t<div id=\"gap-699531184\" class=\"gap-element clearfix\" style=\"display:block; height:auto;\">\n\t\t\n<style>\n#gap-699531184 {\n  padding-top: 10px;\n}\n<\/style>\n\t<\/div>\n\t\n\n<p><strong>Type de cabane :<\/strong> 1 Tree Treehouse<\/p>\n<p><strong>Ann\u00e9e de construction :\u00a0<\/strong>2022<\/p>\n<a href=\"https:\/\/treelofts.com\/fr\/nous-contacter\/\" target=\"_blank\" class=\"button primary is-underline box-shadow-1-hover\" rel=\"noopener\"  >\n\t\t<span>en savoir plus<\/span>\n\t<\/a>\n\n\n\n\t\t\t<\/div>\n\t\t<\/div>\n\t<\/div>\n\t\n\n\t\t<\/div>\n\t\t\t\t\t<\/div>\n\n\t\n\n\n<style>\n#row-326699487 > .col > .col-inner {\n  padding: 0px 0px 0px 0px;\n}\n<\/style>\n<\/div>\n\n\t\t<\/div>\n\n\t\t\n<style>\n#section_284121216 {\n  padding-top: 30px;\n  padding-bottom: 30px;\n}\n<\/style>\n\t<\/section>\n\t\n\n\t<section class=\"section\" id=\"section_2030943941\">\n\t\t<div class=\"section-bg fill\" >\n\t\t\t\t\t\t\t\t\t\n\t\t\t\n\n\t\t<\/div>\n\n\t\t\n\n\t\t<div class=\"section-content relative\">\n\t\t\t\n\n<div class=\"row row-collapse align-center\"  id=\"row-1704851589\">\n\n\n\t<div id=\"col-1777689654\" class=\"col medium-8 small-10 large-8\"  >\n\t\t\t\t<div class=\"col-inner text-center\"  >\n\t\t\t\n\t\t\t\n\n<h2 data-start=\"5890\" data-end=\"5934\"><strong data-start=\"5893\" data-end=\"5932\">Pourquoi votre entreprise a besoin d'une cabane<\/strong><\/h2>\n<p>Les cabanes dans les arbres ne sont pas seulement un ajout amusant, elles peuvent \u00eatre un investissement qui change la donne pour les entreprises qui cherchent \u00e0 offrir quelque chose d'unique, de durable et d'inoubliable. <br \/>Qu'il s'agisse de complexes h\u00f4teliers de luxe ou de petites entreprises, une cabane bien con\u00e7ue peut vous distinguer et donner \u00e0 votre marque une nouvelle identit\u00e9 passionnante. Si vous envisagez d'ajouter une cabane commerciale \u00e0 votre entreprise, notre \u00e9quipe d'experts est l\u00e0 pour vous aider !<\/p>\n<a href=\"https:\/\/treelofts.com\/fr\/nous-contacter\/\" class=\"button primary\"  >\n\t\t<span>commencez votre voyage dans les arbres d\u00e8s aujourd'hui<\/span>\n\t<\/a>\n\n\n\n\t\t<\/div>\n\t\t\t\t\t<\/div>\n\n\t\n\n<\/div>\n\n\t\t<\/div>\n\n\t\t\n<style>\n#section_2030943941 {\n  padding-top: 0px;\n  padding-bottom: 0px;\n}\n@media (min-width:550px) {\n  #section_2030943941 {\n    padding-top: 30px;\n    padding-bottom: 30px;\n  }\n}\n<\/style>\n\t<\/section>","protected":false},"excerpt":{"rendered":"","protected":false},"author":5,"featured_media":0,"parent":0,"menu_order":0,"comment_status":"closed","ping_status":"closed","template":"","meta":{"footnotes":""},"class_list":["post-1287","page","type-page","status-publish","hentry"],"_links":{"self":[{"href":"https:\/\/treelofts.com\/fr\/wp-json\/wp\/v2\/pages\/1287","targetHints":{"allow":["GET"]}}],"collection":[{"href":"https:\/\/treelofts.com\/fr\/wp-json\/wp\/v2\/pages"}],"about":[{"href":"https:\/\/treelofts.com\/fr\/wp-json\/wp\/v2\/types\/page"}],"author":[{"embeddable":true,"href":"https:\/\/treelofts.com\/fr\/wp-json\/wp\/v2\/users\/5"}],"replies":[{"embeddable":true,"href":"https:\/\/treelofts.com\/fr\/wp-json\/wp\/v2\/comments?post=1287"}],"version-history":[{"count":0,"href":"https:\/\/treelofts.com\/fr\/wp-json\/wp\/v2\/pages\/1287\/revisions"}],"wp:attachment":[{"href":"https:\/\/treelofts.com\/fr\/wp-json\/wp\/v2\/media?parent=1287"}],"curies":[{"name":"wp","href":"https:\/\/api.w.org\/{rel}","templated":true}]}}