{"id":1302,"date":"2025-02-12T19:11:17","date_gmt":"2025-02-13T03:11:17","guid":{"rendered":"https:\/\/azh5n13ivf.onrocket.site\/?page_id=1302"},"modified":"2025-02-13T19:32:22","modified_gmt":"2025-02-14T03:32:22","slug":"maisons-de-jeux-dans-les-arbres-2","status":"publish","type":"page","link":"https:\/\/treelofts.com\/fr\/maisons-de-jeux-dans-les-arbres-2\/","title":{"rendered":"Les cabanes dans les arbres de Playscape"},"content":{"rendered":"<section class=\"section\" id=\"section_1176292967\">\n\t\t<div class=\"section-bg fill\" >\n\t\t\t\t\t\t\t\t\t\n\t\t\t\n\n\t\t<\/div>\n\n\t\t\n\n\t\t<div class=\"section-content relative\">\n\t\t\t\n\n\t<div id=\"gap-37112337\" class=\"gap-element clearfix\" style=\"display:block; height:auto;\">\n\t\t\n<style>\n#gap-37112337 {\n  padding-top: 30px;\n}\n<\/style>\n\t<\/div>\n\t\n\n<div class=\"row align-center\"  id=\"row-122510895\">\n\n\n\t<div id=\"col-1084725769\" class=\"col medium-10 small-12 large-9\"  >\n\t\t\t\t<div class=\"col-inner text-center\"  >\n\t\t\t\n\t\t\t\n\n<h3>Des constructions \u00e9tonnantes qui transforment les arri\u00e8re-cours en zones d'aventure<\/h3>\n\t<div id=\"text-1566154420\" class=\"text\">\n\t\t\n\n<h1 class=\"rich-text__heading h0\"><strong>Les cabanes dans les arbres de Playscape<\/strong><\/h1>\n\t\t\n<style>\n#text-1566154420 {\n  font-size: 1.5rem;\n}\n<\/style>\n\t<\/div>\n\t\n<p>Tous les enfants r\u00eavent d'avoir une cabane dans les arbres, un endroit fantastique o\u00f9 ils peuvent laisser libre cours \u00e0 leur imagination, grimper vers de nouveaux sommets et cr\u00e9er d'innombrables souvenirs. Les cabanes modernes sont des centres d'aventure dot\u00e9s de toboggans, de tyroliennes, de murs d'escalade et d'\u00e9l\u00e9ments interactifs destin\u00e9s \u00e0 occuper les enfants pendant des heures ; ce sont bien plus que de simples plates-formes en bois dans les arbres.<\/p>\n<p>Que votre quartier veuille une aire de jeux dans les arbres ou que vous soyez un parent essayant de r\u00e9am\u00e9nager votre arri\u00e8re-cour. Les aires de jeux dans les arbres de niveau sup\u00e9rieur que les enfants (et les adultes) appr\u00e9cient vous inspireront !<\/p>\n<a href=\"https:\/\/treelofts.com\/fr\/nous-contacter\/\" target=\"_blank\" class=\"button primary is-underline box-shadow-1-hover\" rel=\"noopener\"  >\n\t\t<span>commencez votre voyage dans les arbres d\u00e8s aujourd'hui<\/span>\n\t<\/a>\n\n\n\n\t\t<\/div>\n\t\t\t\t\t<\/div>\n\n\t\n\n<\/div>\n\n\t\t<\/div>\n\n\t\t\n<style>\n#section_1176292967 {\n  padding-top: 30px;\n  padding-bottom: 30px;\n}\n<\/style>\n\t<\/section>\n\t\n\n\t<section class=\"section\" id=\"section_1242928398\">\n\t\t<div class=\"section-bg fill\" >\n\t\t\t\t\t\t\t\t\t\n\t\t\t\n\n\t\t<\/div>\n\n\t\t\n\n\t\t<div class=\"section-content relative\">\n\t\t\t\n\n<div class=\"row row-large\" style=\"max-width:1400px\" id=\"row-1994884953\">\n\n\n\t<div id=\"col-1377306184\" class=\"col medium-4 small-12 large-4\"  >\n\t\t\t\t<div class=\"col-inner\"  >\n\t\t\t\n\t\t\t\n\n\t<div class=\"box has-hover   has-hover box-text-bottom\" >\n\n\t\t<div class=\"box-image\" >\n\t\t\t<a href=\"#\" >\t\t\t<div class=\"image-zoom image-cover\" style=\"padding-top:100%;\">\n\t\t\t\t<img decoding=\"async\" width=\"1024\" height=\"586\" src=\"https:\/\/treelofts.com\/wp-content\/uploads\/2025\/02\/Tree-House-1.jpg\" class=\"attachment- size-\" alt=\"\" srcset=\"https:\/\/treelofts.com\/wp-content\/uploads\/2025\/02\/Tree-House-1.jpg 1024w, https:\/\/treelofts.com\/wp-content\/uploads\/2025\/02\/Tree-House-1-699x400.jpg 699w, https:\/\/treelofts.com\/wp-content\/uploads\/2025\/02\/Tree-House-1-768x440.jpg 768w, https:\/\/treelofts.com\/wp-content\/uploads\/2025\/02\/Tree-House-1-1000x572.jpg 1000w\" sizes=\"(max-width: 1024px) 100vw, 1024px\" title=\"\">\t\t\t\t\t\t\t\t\t\t\t<\/div>\n\t\t\t<\/a>\t\t<\/div>\n\n\t\t<div class=\"box-text text-center\" >\n\t\t\t<div class=\"box-text-inner\">\n\t\t\t\t\n\n<h6>La maison de jeux Backyard Adventure<\/h6>\n<h3><strong><span style=\"font-size: 150%;\">1. banlieue de l'Ohio<\/span><\/strong><\/h3>\n\t<div id=\"gap-1043130820\" class=\"gap-element clearfix\" style=\"display:block; height:auto;\">\n\t\t\n<style>\n#gap-1043130820 {\n  padding-top: 10px;\n}\n<\/style>\n\t<\/div>\n\t\n\n<p><strong>Type de cabane :<\/strong> Construction d'une cabane sur mesure<\/p>\n<p><strong>Ann\u00e9e de construction :\u00a0<\/strong>2024<\/p>\n<a href=\"https:\/\/treelofts.com\/fr\/nous-contacter\/\" target=\"_blank\" class=\"button primary is-underline box-shadow-1-hover\" rel=\"noopener\"  >\n\t\t<span>en savoir plus<\/span>\n\t<\/a>\n\n\n\n\t\t\t<\/div>\n\t\t<\/div>\n\t<\/div>\n\t\n\n\t\t<\/div>\n\t\t\t\t\t<\/div>\n\n\t\n\n\t<div id=\"col-2086183154\" class=\"col medium-4 small-12 large-4\"  >\n\t\t\t\t<div class=\"col-inner\"  >\n\t\t\t\n\t\t\t\n\n\t<div class=\"box has-hover   has-hover box-text-bottom\" >\n\n\t\t<div class=\"box-image\" >\n\t\t\t<a href=\"#\" >\t\t\t<div class=\"image-zoom image-cover\" style=\"padding-top:100%;\">\n\t\t\t\t<img decoding=\"async\" width=\"1024\" height=\"683\" src=\"https:\/\/treelofts.com\/wp-content\/uploads\/2025\/02\/Tree-House-5.jpg\" class=\"attachment- size-\" alt=\"\" srcset=\"https:\/\/treelofts.com\/wp-content\/uploads\/2025\/02\/Tree-House-5.jpg 1024w, https:\/\/treelofts.com\/wp-content\/uploads\/2025\/02\/Tree-House-5-600x400.jpg 600w, https:\/\/treelofts.com\/wp-content\/uploads\/2025\/02\/Tree-House-5-768x512.jpg 768w, https:\/\/treelofts.com\/wp-content\/uploads\/2025\/02\/Tree-House-5-1000x667.jpg 1000w\" sizes=\"(max-width: 1024px) 100vw, 1024px\" title=\"\">\t\t\t\t\t\t\t\t\t\t\t<\/div>\n\t\t\t<\/a>\t\t<\/div>\n\n\t\t<div class=\"box-text text-center\" >\n\t\t\t<div class=\"box-text-inner\">\n\t\t\t\t\n\n<h6>L'ultime cabane d'aventure dans l'arri\u00e8re-cour<\/h6>\n<h3><strong><span style=\"font-size: 150%;\">2.Austin, TX<\/span><\/strong><\/h3>\n\t<div id=\"gap-1186413617\" class=\"gap-element clearfix\" style=\"display:block; height:auto;\">\n\t\t\n<style>\n#gap-1186413617 {\n  padding-top: 10px;\n}\n<\/style>\n\t<\/div>\n\t\n\n<p><strong>Type de cabane :<\/strong> Construction d'une cabane sur mesure<\/p>\n<p><strong>Ann\u00e9e de construction :\u00a0<\/strong>2021<\/p>\n<a href=\"https:\/\/treelofts.com\/fr\/nous-contacter\/\" target=\"_blank\" class=\"button primary is-underline box-shadow-1-hover\" rel=\"noopener\"  >\n\t\t<span>en savoir plus<\/span>\n\t<\/a>\n\n\n\n\t\t\t<\/div>\n\t\t<\/div>\n\t<\/div>\n\t\n\n\t\t<\/div>\n\t\t\t\t\t<\/div>\n\n\t\n\n\t<div id=\"col-201752286\" class=\"col medium-4 small-12 large-4\"  >\n\t\t\t\t<div class=\"col-inner\"  >\n\t\t\t\n\t\t\t\n\n\t<div class=\"box has-hover   has-hover box-text-bottom\" >\n\n\t\t<div class=\"box-image\" >\n\t\t\t<a href=\"#\" >\t\t\t<div class=\"image-zoom image-cover\" style=\"padding-top:100%;\">\n\t\t\t\t<img decoding=\"async\" width=\"1024\" height=\"683\" src=\"https:\/\/treelofts.com\/wp-content\/uploads\/2025\/02\/No-Tree-Treehouse-3.jpg\" class=\"attachment- size-\" alt=\"\" srcset=\"https:\/\/treelofts.com\/wp-content\/uploads\/2025\/02\/No-Tree-Treehouse-3.jpg 1024w, https:\/\/treelofts.com\/wp-content\/uploads\/2025\/02\/No-Tree-Treehouse-3-600x400.jpg 600w, https:\/\/treelofts.com\/wp-content\/uploads\/2025\/02\/No-Tree-Treehouse-3-768x512.jpg 768w, https:\/\/treelofts.com\/wp-content\/uploads\/2025\/02\/No-Tree-Treehouse-3-1000x667.jpg 1000w\" sizes=\"(max-width: 1024px) 100vw, 1024px\" title=\"\">\t\t\t\t\t\t\t\t\t\t\t<\/div>\n\t\t\t<\/a>\t\t<\/div>\n\n\t\t<div class=\"box-text text-center\" >\n\t\t\t<div class=\"box-text-inner\">\n\t\t\t\t\n\n<h6>La maison de jeu Woodland Hideaway<\/h6>\n<h3><strong><span style=\"font-size: 150%;\">3. Asheville, NC<\/span><\/strong><\/h3>\n\t<div id=\"gap-370469645\" class=\"gap-element clearfix\" style=\"display:block; height:auto;\">\n\t\t\n<style>\n#gap-370469645 {\n  padding-top: 10px;\n}\n<\/style>\n\t<\/div>\n\t\n\n<p><strong>Type de cabane :<\/strong> Construction d'une cabane sur mesure<\/p>\n<p><strong>Ann\u00e9e de construction :\u00a0<\/strong>2020<\/p>\n<a href=\"https:\/\/treelofts.com\/fr\/nous-contacter\/\" target=\"_blank\" class=\"button primary is-underline box-shadow-1-hover\" rel=\"noopener\"  >\n\t\t<span>en savoir plus<\/span>\n\t<\/a>\n\n\n\n\t\t\t<\/div>\n\t\t<\/div>\n\t<\/div>\n\t\n\n\t\t<\/div>\n\t\t\t\t\t<\/div>\n\n\t\n\n\n<style>\n#row-1994884953 > .col > .col-inner {\n  padding: 0px 0px 0px 0px;\n}\n<\/style>\n<\/div>\n\n\t\t<\/div>\n\n\t\t\n<style>\n#section_1242928398 {\n  padding-top: 30px;\n  padding-bottom: 30px;\n}\n<\/style>\n\t<\/section>\n\t\n\n\t<section class=\"section\" id=\"section_1546946669\">\n\t\t<div class=\"section-bg fill\" >\n\t\t\t\t\t\t\t\t\t\n\t\t\t\n\n\t\t<\/div>\n\n\t\t\n\n\t\t<div class=\"section-content relative\">\n\t\t\t\n\n<div class=\"row row-large\" style=\"max-width:1400px\" id=\"row-370820709\">\n\n\n\t<div id=\"col-1564612851\" class=\"col medium-4 small-12 large-4\"  >\n\t\t\t\t<div class=\"col-inner\"  >\n\t\t\t\n\t\t\t\n\n\t<div class=\"box has-hover   has-hover box-text-bottom\" >\n\n\t\t<div class=\"box-image\" >\n\t\t\t<a href=\"#\" >\t\t\t<div class=\"image-zoom image-cover\" style=\"padding-top:100%;\">\n\t\t\t\t<img decoding=\"async\" width=\"1024\" height=\"741\" src=\"https:\/\/treelofts.com\/wp-content\/uploads\/2025\/02\/10-Safety-First-Childrens-Tree-House-Designs-for-Backyard-Adventures-2.jpg\" class=\"attachment- size-\" alt=\"\" srcset=\"https:\/\/treelofts.com\/wp-content\/uploads\/2025\/02\/10-Safety-First-Childrens-Tree-House-Designs-for-Backyard-Adventures-2.jpg 1024w, https:\/\/treelofts.com\/wp-content\/uploads\/2025\/02\/10-Safety-First-Childrens-Tree-House-Designs-for-Backyard-Adventures-2-553x400.jpg 553w, https:\/\/treelofts.com\/wp-content\/uploads\/2025\/02\/10-Safety-First-Childrens-Tree-House-Designs-for-Backyard-Adventures-2-768x556.jpg 768w, https:\/\/treelofts.com\/wp-content\/uploads\/2025\/02\/10-Safety-First-Childrens-Tree-House-Designs-for-Backyard-Adventures-2-1000x724.jpg 1000w\" sizes=\"(max-width: 1024px) 100vw, 1024px\" title=\"\">\t\t\t\t\t\t\t\t\t\t\t<\/div>\n\t\t\t<\/a>\t\t<\/div>\n\n\t\t<div class=\"box-text text-center\" >\n\t\t\t<div class=\"box-text-inner\">\n\t\t\t\t\n\n<h6>Gymnase de la jungle de l'arri\u00e8re-cour ensoleill\u00e9e<\/h6>\n<h3><strong><span style=\"font-size: 150%;\">4.San Diego, CA<\/span><\/strong><\/h3>\n\t<div id=\"gap-246257937\" class=\"gap-element clearfix\" style=\"display:block; height:auto;\">\n\t\t\n<style>\n#gap-246257937 {\n  padding-top: 10px;\n}\n<\/style>\n\t<\/div>\n\t\n\n<p><strong>Type de cabane :<\/strong> Construction d'une cabane sur mesure<\/p>\n<p><strong>Ann\u00e9e de construction :\u00a0<\/strong>2021<\/p>\n<a href=\"https:\/\/treelofts.com\/fr\/nous-contacter\/\" target=\"_blank\" class=\"button primary is-underline box-shadow-1-hover\" rel=\"noopener\"  >\n\t\t<span>en savoir plus<\/span>\n\t<\/a>\n\n\n\n\t\t\t<\/div>\n\t\t<\/div>\n\t<\/div>\n\t\n\n\t\t<\/div>\n\t\t\t\t\t<\/div>\n\n\t\n\n\t<div id=\"col-1299103908\" class=\"col medium-4 small-12 large-4\"  >\n\t\t\t\t<div class=\"col-inner\"  >\n\t\t\t\n\t\t\t\n\n\t<div class=\"box has-hover   has-hover box-text-bottom\" >\n\n\t\t<div class=\"box-image\" >\n\t\t\t<a href=\"#\" >\t\t\t<div class=\"image-zoom image-cover\" style=\"padding-top:100%;\">\n\t\t\t\t<img decoding=\"async\" width=\"683\" height=\"1024\" src=\"https:\/\/treelofts.com\/wp-content\/uploads\/2025\/02\/Tree-House-65.jpg\" class=\"attachment- size-\" alt=\"\" srcset=\"https:\/\/treelofts.com\/wp-content\/uploads\/2025\/02\/Tree-House-65.jpg 683w, https:\/\/treelofts.com\/wp-content\/uploads\/2025\/02\/Tree-House-65-267x400.jpg 267w, https:\/\/treelofts.com\/wp-content\/uploads\/2025\/02\/Tree-House-65-534x800.jpg 534w\" sizes=\"(max-width: 683px) 100vw, 683px\" title=\"\">\t\t\t\t\t\t\t\t\t\t\t<\/div>\n\t\t\t<\/a>\t\t<\/div>\n\n\t\t<div class=\"box-text text-center\" >\n\t\t\t<div class=\"box-text-inner\">\n\t\t\t\t\n\n<h6>La plaine de jeux du parc de l'Automne<\/h6>\n<h3><strong><span style=\"font-size: 150%;\">5.Boston, MA<\/span><\/strong><\/h3>\n\t<div id=\"gap-1398919609\" class=\"gap-element clearfix\" style=\"display:block; height:auto;\">\n\t\t\n<style>\n#gap-1398919609 {\n  padding-top: 10px;\n}\n<\/style>\n\t<\/div>\n\t\n\n<p><strong>Type de cabane :<\/strong> Construction d'une cabane sur mesure<\/p>\n<p><strong>Ann\u00e9e de construction :\u00a0<\/strong>2023<\/p>\n<a href=\"https:\/\/treelofts.com\/fr\/nous-contacter\/\" target=\"_blank\" class=\"button primary is-underline box-shadow-1-hover\" rel=\"noopener\"  >\n\t\t<span>en savoir plus<\/span>\n\t<\/a>\n\n\n\n\t\t\t<\/div>\n\t\t<\/div>\n\t<\/div>\n\t\n\n\t\t<\/div>\n\t\t\t\t\t<\/div>\n\n\t\n\n\t<div id=\"col-208676531\" class=\"col medium-4 small-12 large-4\"  >\n\t\t\t\t<div class=\"col-inner\"  >\n\t\t\t\n\t\t\t\n\n\t<div class=\"box has-hover   has-hover box-text-bottom\" >\n\n\t\t<div class=\"box-image\" >\n\t\t\t<a href=\"#\" >\t\t\t<div class=\"image-zoom image-cover\" style=\"padding-top:100%;\">\n\t\t\t\t<img decoding=\"async\" width=\"1024\" height=\"731\" src=\"https:\/\/treelofts.com\/wp-content\/uploads\/2025\/02\/Why-the-Garvan-Woodland-Gardens-Childrens-Garden-Treehouse-is-a-Model-for-Educational-Play-Spaces.jpg\" class=\"attachment- size-\" alt=\"\" srcset=\"https:\/\/treelofts.com\/wp-content\/uploads\/2025\/02\/Why-the-Garvan-Woodland-Gardens-Childrens-Garden-Treehouse-is-a-Model-for-Educational-Play-Spaces.jpg 1024w, https:\/\/treelofts.com\/wp-content\/uploads\/2025\/02\/Why-the-Garvan-Woodland-Gardens-Childrens-Garden-Treehouse-is-a-Model-for-Educational-Play-Spaces-560x400.jpg 560w, https:\/\/treelofts.com\/wp-content\/uploads\/2025\/02\/Why-the-Garvan-Woodland-Gardens-Childrens-Garden-Treehouse-is-a-Model-for-Educational-Play-Spaces-768x548.jpg 768w, https:\/\/treelofts.com\/wp-content\/uploads\/2025\/02\/Why-the-Garvan-Woodland-Gardens-Childrens-Garden-Treehouse-is-a-Model-for-Educational-Play-Spaces-1000x714.jpg 1000w\" sizes=\"(max-width: 1024px) 100vw, 1024px\" title=\"\">\t\t\t\t\t\t\t\t\t\t\t<\/div>\n\t\t\t<\/a>\t\t<\/div>\n\n\t\t<div class=\"box-text text-center\" >\n\t\t\t<div class=\"box-text-inner\">\n\t\t\t\t\n\n<h6>Le jeu d'aventure de l'heure d'or<\/h6>\n<h3><strong><span style=\"font-size: 150%;\">6. banlieue du Texas<\/span><\/strong><\/h3>\n\t<div id=\"gap-753521399\" class=\"gap-element clearfix\" style=\"display:block; height:auto;\">\n\t\t\n<style>\n#gap-753521399 {\n  padding-top: 10px;\n}\n<\/style>\n\t<\/div>\n\t\n\n<p><strong>Type de cabane :<\/strong> Construction d'une cabane sur mesure<\/p>\n<p><strong>Ann\u00e9e de construction :\u00a0<\/strong>2022<\/p>\n<a href=\"https:\/\/treelofts.com\/fr\/nous-contacter\/\" target=\"_blank\" class=\"button primary is-underline box-shadow-1-hover\" rel=\"noopener\"  >\n\t\t<span>en savoir plus<\/span>\n\t<\/a>\n\n\n\n\t\t\t<\/div>\n\t\t<\/div>\n\t<\/div>\n\t\n\n\t\t<\/div>\n\t\t\t\t\t<\/div>\n\n\t\n\n\n<style>\n#row-370820709 > .col > .col-inner {\n  padding: 0px 0px 0px 0px;\n}\n<\/style>\n<\/div>\n\n\t\t<\/div>\n\n\t\t\n<style>\n#section_1546946669 {\n  padding-top: 30px;\n  padding-bottom: 30px;\n}\n<\/style>\n\t<\/section>\n\t\n\n\t<section class=\"section\" id=\"section_1130301091\">\n\t\t<div class=\"section-bg fill\" >\n\t\t\t\t\t\t\t\t\t\n\t\t\t\n\n\t\t<\/div>\n\n\t\t\n\n\t\t<div class=\"section-content relative\">\n\t\t\t\n\n<div class=\"row row-collapse align-center\"  id=\"row-1868105749\">\n\n\n\t<div id=\"col-991206847\" class=\"col medium-8 small-10 large-8\"  >\n\t\t\t\t<div class=\"col-inner text-center\"  >\n\t\t\t\n\t\t\t\n\n<h2 data-start=\"5172\" data-end=\"5230\"><strong data-start=\"5176\" data-end=\"5228\">Pr\u00eat \u00e0 construire la cabane de jeux ultime ?<\/strong><\/h2>\n<p>Qu'il s'agisse d'une fus\u00e9e, d'une salle de gymnastique ou d'un bateau pirate, une cabane sur mesure peut transformer n'importe quel espace ext\u00e9rieur en zone d'aventure.<\/p>\n<p>Qu'il s'agisse d'une petite cour ou d'un grand parc communautaire, les cabanes de jeux offrent aux enfants un environnement s\u00fbr, fascinant et imaginatif pour jouer, apprendre et s'\u00e9panouir. Notre personnel comp\u00e9tent est \u00e0 votre disposition pour vous aider \u00e0 entamer le processus de conception d'une cabane unique pour votre famille ou votre communaut\u00e9 !<\/p>\n<a href=\"https:\/\/treelofts.com\/fr\/nous-contacter\/\" class=\"button primary\"  >\n\t\t<span>commencez votre voyage dans les arbres d\u00e8s aujourd'hui<\/span>\n\t<\/a>\n\n\n\n\t\t<\/div>\n\t\t\t\t\t<\/div>\n\n\t\n\n<\/div>\n\n\t\t<\/div>\n\n\t\t\n<style>\n#section_1130301091 {\n  padding-top: 0px;\n  padding-bottom: 0px;\n}\n@media (min-width:550px) {\n  #section_1130301091 {\n    padding-top: 30px;\n    padding-bottom: 30px;\n  }\n}\n<\/style>\n\t<\/section>","protected":false},"excerpt":{"rendered":"","protected":false},"author":5,"featured_media":0,"parent":0,"menu_order":0,"comment_status":"closed","ping_status":"closed","template":"","meta":{"footnotes":""},"class_list":["post-1302","page","type-page","status-publish","hentry"],"_links":{"self":[{"href":"https:\/\/treelofts.com\/fr\/wp-json\/wp\/v2\/pages\/1302","targetHints":{"allow":["GET"]}}],"collection":[{"href":"https:\/\/treelofts.com\/fr\/wp-json\/wp\/v2\/pages"}],"about":[{"href":"https:\/\/treelofts.com\/fr\/wp-json\/wp\/v2\/types\/page"}],"author":[{"embeddable":true,"href":"https:\/\/treelofts.com\/fr\/wp-json\/wp\/v2\/users\/5"}],"replies":[{"embeddable":true,"href":"https:\/\/treelofts.com\/fr\/wp-json\/wp\/v2\/comments?post=1302"}],"version-history":[{"count":0,"href":"https:\/\/treelofts.com\/fr\/wp-json\/wp\/v2\/pages\/1302\/revisions"}],"wp:attachment":[{"href":"https:\/\/treelofts.com\/fr\/wp-json\/wp\/v2\/media?parent=1302"}],"curies":[{"name":"wp","href":"https:\/\/api.w.org\/{rel}","templated":true}]}}