{"id":1399,"date":"2025-02-13T17:58:15","date_gmt":"2025-02-14T01:58:15","guid":{"rendered":"https:\/\/azh5n13ivf.onrocket.site\/?page_id=1399"},"modified":"2025-02-13T18:30:30","modified_gmt":"2025-02-14T02:30:30","slug":"nouveaux-toboggans-aquatiques","status":"publish","type":"page","link":"https:\/\/treelofts.com\/fr\/nouveaux-toboggans-aquatiques\/","title":{"rendered":"NOUVEAUX toboggans aquatiques"},"content":{"rendered":"<div class=\"banner has-hover\" id=\"banner-1518499600\">\n          <div class=\"banner-inner fill\">\n        <div class=\"banner-bg fill\" >\n            <img decoding=\"async\" width=\"1080\" height=\"1080\" src=\"https:\/\/treelofts.com\/wp-content\/uploads\/2025\/02\/NEW-Waterslides-3.jpg\" class=\"bg attachment-original size-original\" alt=\"\" title=\"\">                        <div class=\"overlay\"><\/div>            \n                    <\/div>\n\t\t\n        <div class=\"banner-layers container\">\n            <div class=\"fill banner-link\"><\/div>            \n\n   <div id=\"text-box-1917914460\" class=\"text-box banner-layer x50 md-x50 lg-x50 y50 md-y50 lg-y50 res-text\">\n                                <div class=\"text-box-content text dark\">\n              \n              <div class=\"text-inner text-center\">\n                  \n\n<h3>Le summum de l'amusement !<\/h3>\n<h1><strong>NOUVEAUX toboggans aquatiques<\/strong><\/h1>\n<p>Qui a dit que le repos et l'escalade \u00e9taient des activit\u00e9s r\u00e9serv\u00e9es aux cabanes dans les arbres ? Un NOUVEAU toboggan aquatique vous permettra d'\u00e9lever votre niveau d'aventure en plein air. Le summum de l'excitation : imaginez-vous glissant directement de votre refuge dans les arbres dans une explosion d'eau fra\u00eeche. Nos toboggans aquatiques sont l\u00e0 pour vous procurer un plaisir et une excitation innombrables, que votre cabane familiale ait besoin de s'amuser ou que vous souhaitiez cr\u00e9er une zone d'\u00e9claboussures pour vos \u00e9v\u00e9nements estivaux.<\/p>\n\n              <\/div>\n           <\/div>\n                            \n<style>\n#text-box-1917914460 {\n  width: 84%;\n}\n#text-box-1917914460 .text-box-content {\n  font-size: 100%;\n}\n<\/style>\n    <\/div>\n \n\n        <\/div>\n      <\/div>\n\n            \n<style>\n#banner-1518499600 {\n  padding-top: 668px;\n}\n#banner-1518499600 .overlay {\n  background-color: rgba(0,0,0,.5);\n}\n#banner-1518499600 .banner-bg img {\n  object-position: 57% 43%;\n}\n@media (min-width:550px) {\n  #banner-1518499600 {\n    padding-top: 800px;\n  }\n}\n<\/style>\n  <\/div>\n\n\n\n\t<section class=\"section\" id=\"section_1609010273\">\n\t\t<div class=\"section-bg fill\" >\n\t\t\t\t\t\t\t\t\t\n\t\t\t\n\n\t\t<\/div>\n\n\t\t\n\n\t\t<div class=\"section-content relative\">\n\t\t\t\n\n<div class=\"row row-collapse align-middle\" style=\"max-width:1300px\" id=\"row-1813959004\">\n\n\n\t<div id=\"col-112108694\" class=\"col small-12 large-12\"  >\n\t\t\t\t<div class=\"col-inner\" style=\"background-color:rgb(246, 246, 246);\" >\n\t\t\t\n\t\t\t\n\n<div class=\"row row-collapse align-middle\" style=\"max-width:1300px\" id=\"row-1928707432\">\n\n\n\t<div id=\"col-1574204312\" class=\"col medium-12 small-12 large-6\"  >\n\t\t\t\t<div class=\"col-inner\"  >\n\t\t\t\n\t\t\t\n\n\n  <div class=\"banner has-hover\" id=\"banner-756673055\">\n          <div class=\"banner-inner fill\">\n        <div class=\"banner-bg fill\" >\n            <img decoding=\"async\" width=\"1080\" height=\"1080\" src=\"https:\/\/treelofts.com\/wp-content\/uploads\/2025\/02\/NEW-Waterslides-4.jpg\" class=\"bg attachment-original size-original\" alt=\"\" title=\"\">                                    \n                    <\/div>\n\t\t\n        <div class=\"banner-layers container\">\n            <div class=\"fill banner-link\"><\/div>            \n\n   <div id=\"text-box-1240897463\" class=\"text-box banner-layer x50 md-x50 lg-x50 y50 md-y50 lg-y50 res-text\">\n                                <div class=\"text-box-content text dark\">\n              \n              <div class=\"text-inner text-center\">\n                  \n\n\n              <\/div>\n           <\/div>\n                            \n<style>\n#text-box-1240897463 {\n  width: 60%;\n}\n#text-box-1240897463 .text-box-content {\n  font-size: 100%;\n}\n@media (min-width:550px) {\n  #text-box-1240897463 {\n    width: 60%;\n  }\n}\n<\/style>\n    <\/div>\n \n\n        <\/div>\n      <\/div>\n\n            \n<style>\n#banner-756673055 {\n  padding-top: 300px;\n  background-color: rgb(255,255,255);\n}\n#banner-756673055 .banner-bg img {\n  object-position: 47% 41%;\n}\n@media (min-width:550px) {\n  #banner-756673055 {\n    padding-top: 400px;\n  }\n}\n@media (min-width:850px) {\n  #banner-756673055 {\n    padding-top: 500px;\n  }\n}\n<\/style>\n  <\/div>\n\n\n\n\t\t<\/div>\n\t\t\t\t\t<\/div>\n\n\t\n\n\t<div id=\"col-1342828518\" class=\"col medium-12 small-12 large-6\"  >\n\t\t\t\t<div class=\"col-inner\" style=\"background-color:rgb(246, 246, 246);\" >\n\t\t\t\n\t\t\t\n\n\t<div id=\"text-1433492221\" class=\"text\">\n\t\t\n\n<h2 style=\"text-align: left;\" data-start=\"901\" data-end=\"952\"><strong data-start=\"905\" data-end=\"950\">Pourquoi choisir les nouveaux toboggans aquatiques\uff1f ?<\/strong><\/h2>\n\t\t\n<style>\n#text-1433492221 {\n  font-size: 1.5rem;\n}\n<\/style>\n\t<\/div>\n\t\n<p>Bien qu'une cabane soit d\u00e9j\u00e0 l'endroit id\u00e9al pour r\u00eavasser, se d\u00e9tendre et jouer, l'ajout d'un toboggan aquatique en fera un paradis pour les amateurs de sensations fortes ! Tout le monde aime ce m\u00e9lange unique d'exaltation et de rafra\u00eechissement que procurent les chutes d'eau. Pendant les mois d'\u00e9t\u00e9 \u00e9touffants, elles sont un excellent moyen de rester frais et actif. Imaginez que vous descendez dans une piscine ou une zone d'atterrissage en douceur et qu'une minute plus tard, vous montez dans votre cabane. C'est le genre d'aventure dont on ne se lasse jamais !<\/p>\n<a href=\"https:\/\/treelofts.com\/fr\/nous-contacter\/\" class=\"button white is-outline\"  style=\"border-radius:10px;padding:10px 25px 10px 25px;\">\n\t\t<span>commencez votre voyage dans les arbres d\u00e8s aujourd'hui<\/span>\n\t<\/a>\n\n\n\n\t\t<\/div>\n\t\t\t\t\n<style>\n#col-1342828518 > .col-inner {\n  padding: 40px 30px 30px 30px;\n}\n@media (min-width:550px) {\n  #col-1342828518 > .col-inner {\n    padding: 50px 75px 50px 75px;\n  }\n}\n@media (min-width:850px) {\n  #col-1342828518 > .col-inner {\n    padding: 0px 75px 0px 75px;\n  }\n}\n<\/style>\n\t<\/div>\n\n\t\n\n<\/div>\n\n\t\t<\/div>\n\t\t\t\t\t<\/div>\n\n\t\n\n<\/div>\n\n\t\t<\/div>\n\n\t\t\n<style>\n#section_1609010273 {\n  padding-top: 40px;\n  padding-bottom: 40px;\n}\n@media (min-width:550px) {\n  #section_1609010273 {\n    padding-top: 60px;\n    padding-bottom: 60px;\n  }\n}\n<\/style>\n\t<\/section>\n\t\n\n\t<section class=\"section\" id=\"section_1527098608\">\n\t\t<div class=\"section-bg fill\" >\n\t\t\t\t\t\t\t\t\t\n\t\t\t\n\n\t\t<\/div>\n\n\t\t\n\n\t\t<div class=\"section-content relative\">\n\t\t\t\n\n\t<div id=\"gap-1327264097\" class=\"gap-element clearfix\" style=\"display:block; height:auto;\">\n\t\t\n<style>\n#gap-1327264097 {\n  padding-top: 30px;\n}\n<\/style>\n\t<\/div>\n\t\n\n<div class=\"row align-center\"  id=\"row-1839560652\">\n\n\n\t<div id=\"col-1254191060\" class=\"col medium-10 small-12 large-9\"  >\n\t\t\t\t<div class=\"col-inner text-center\"  >\n\t\t\t\n\t\t\t\n\n\t<div id=\"text-964266215\" class=\"text\">\n\t\t\n\n<h2 data-start=\"1047\" data-end=\"1073\"><strong data-start=\"1047\" data-end=\"1073\">Nos conceptions de toboggans aquatiques<\/strong><\/h2>\n\t\t\n<style>\n#text-964266215 {\n  font-size: 1.5rem;\n}\n<\/style>\n\t<\/div>\n\t\n<p>En ce qui concerne les toboggans aquatiques, nous pensons \u00e0 offrir quelque chose de sp\u00e9cial et d'adaptable \u00e0 votre espace, \u00e0 vos go\u00fbts et \u00e0 vos exigences en mati\u00e8re de loisirs. Chaque cabane est unique, c'est pourquoi chaque toboggan aquatique doit l'\u00eatre aussi. Nous avons tout ce qu'il vous faut pour une aventure tordue et tournante qui vous fera voler dans les airs ou un toboggan lisse et traditionnel pour une simple glisse. Nous garantissons que votre toboggan est s\u00fbr, durable et capable de vous amuser pendant des ann\u00e9es gr\u00e2ce \u00e0 l'utilisation des meilleurs mat\u00e9riaux robustes.<\/p>\n<a href=\"https:\/\/treelofts.com\/fr\/nous-contacter\/\" target=\"_blank\" class=\"button primary is-underline box-shadow-1-hover\" rel=\"noopener\"  >\n\t\t<span>nous contacter<\/span>\n\t<\/a>\n\n\n\n\t\t<\/div>\n\t\t\t\t\t<\/div>\n\n\t\n\n<\/div>\n\n\t\t<\/div>\n\n\t\t\n<style>\n#section_1527098608 {\n  padding-top: 10px;\n  padding-bottom: 10px;\n}\n@media (min-width:550px) {\n  #section_1527098608 {\n    padding-top: 30px;\n    padding-bottom: 30px;\n  }\n}\n<\/style>\n\t<\/section>\n\t\n\n\t<section class=\"section\" id=\"section_902819313\">\n\t\t<div class=\"section-bg fill\" >\n\t\t\t\t\t\t\t\t\t\n\t\t\t\n\n\t\t<\/div>\n\n\t\t\n\n\t\t<div class=\"section-content relative\">\n\t\t\t\n\n<div class=\"row row-large align-middle align-center\" style=\"max-width:1400px\" id=\"row-601282693\">\n\n\n\t<div id=\"col-1643265114\" class=\"col medium-9 small-12 large-6\"  >\n\t\t\t\t<div class=\"col-inner\"  >\n\t\t\t\n\t\t\t\n\n\n  <div class=\"banner has-hover\" id=\"banner-110516354\">\n          <div class=\"banner-inner fill\">\n        <div class=\"banner-bg fill\" >\n            <img decoding=\"async\" width=\"1080\" height=\"1080\" src=\"https:\/\/treelofts.com\/wp-content\/uploads\/2025\/02\/NEW-Waterslides-2.jpg\" class=\"bg attachment-original size-original\" alt=\"\" title=\"\">                                    \n                    <\/div>\n\t\t\n        <div class=\"banner-layers container\">\n            <div class=\"fill banner-link\"><\/div>            \n\n   <div id=\"text-box-315572453\" class=\"text-box banner-layer x50 md-x50 lg-x50 y50 md-y50 lg-y50 res-text\">\n                                <div class=\"text-box-content text dark\">\n              \n              <div class=\"text-inner text-center\">\n                  \n\n\n              <\/div>\n           <\/div>\n                            \n<style>\n#text-box-315572453 {\n  width: 60%;\n}\n#text-box-315572453 .text-box-content {\n  font-size: 100%;\n}\n@media (min-width:550px) {\n  #text-box-315572453 {\n    width: 60%;\n  }\n}\n<\/style>\n    <\/div>\n \n\n        <\/div>\n      <\/div>\n\n            \n<style>\n#banner-110516354 {\n  padding-top: 300px;\n}\n#banner-110516354 .banner-bg img {\n  object-position: 47% 48%;\n}\n@media (min-width:850px) {\n  #banner-110516354 {\n    padding-top: 70%;\n  }\n}\n<\/style>\n  <\/div>\n\n\n\n\t\t<\/div>\n\t\t\t\t\t<\/div>\n\n\t\n\n\t<div id=\"col-1942994305\" class=\"col medium-9 small-12 large-6\"  >\n\t\t\t\t<div class=\"col-inner text-left\"  >\n\t\t\t\n\t\t\t\n\n\t<div id=\"text-4195478317\" class=\"text\">\n\t\t\n\n<h2 data-start=\"1565\" data-end=\"1618\"><strong data-start=\"1565\" data-end=\"1618\">Avantages de l'ajout d'un toboggan aquatique \u00e0 votre cabane dans les arbres<\/strong><\/h2>\n\t\t\n<style>\n#text-4195478317 {\n  font-size: 1.5rem;\n}\n<\/style>\n\t<\/div>\n\t\n<p>Outre les nombreux avantages qu'il offre, un toboggan aquatique transforme votre cabane en quelque chose de tout \u00e0 fait diff\u00e9rent. Tout d'abord, c'est un acc\u00e8s rapide \u00e0 l'eau ludique. L'\u00e9poque o\u00f9 il fallait se rendre \u00e0 la plage ou \u00e0 la piscine est r\u00e9volue depuis longtemps ; aujourd'hui, c'est le plaisir qui arrive ! Une excellente fa\u00e7on de faire bouger les jeunes (et les adultes !) et de leur faire profiter de l'air frais est de jouer en plein air en utilisant des toboggans aquatiques. Cela fait \u00e9galement de toute cabane un lieu id\u00e9al pour les r\u00e9unions de famille, les rendez-vous de jeux ou les c\u00e9l\u00e9brations. Le toboggan est l'attraction principale plut\u00f4t qu'un simple \u00e9l\u00e9ment de d\u00e9cor !<\/p>\n<a href=\"https:\/\/treelofts.com\/fr\/nous-contacter\/\" target=\"_blank\" class=\"button secondary is-link box-shadow-1-hover\" rel=\"noopener\"  >\n\t\t<span>Contactez nous<\/span>\n\t<i class=\"icon-angle-right\" aria-hidden=\"true\" ><\/i><\/a>\n\n\n\n\t\t<\/div>\n\t\t\t\t\n<style>\n#col-1942994305 > .col-inner {\n  padding: 0px 0px 0px 0px;\n}\n@media (min-width:850px) {\n  #col-1942994305 > .col-inner {\n    padding: 0px 50px 0px 50px;\n  }\n}\n<\/style>\n\t<\/div>\n\n\t\n\n<\/div>\n<div class=\"row row-large align-middle align-center\" style=\"max-width:1400px\" id=\"row-1566124396\">\n\n\n\t<div id=\"col-2000530839\" class=\"col medium-9 small-12 large-6\"  >\n\t\t\t\t<div class=\"col-inner text-left\"  >\n\t\t\t\n\t\t\t\n\n\t<div id=\"text-4231075883\" class=\"text\">\n\t\t\n\n<h2 data-start=\"2162\" data-end=\"2192\"><strong data-start=\"2162\" data-end=\"2192\">Personnalisation et fonctionnalit\u00e9s<\/strong><\/h2>\n\t\t\n<style>\n#text-4231075883 {\n  font-size: 1.5rem;\n}\n<\/style>\n\t<\/div>\n\t\n<p>Notre principale pr\u00e9occupation est de faire en sorte que votre toboggan aquatique soit aussi distinctif que votre cabane. Nous nous occupons de tout, de la longueur du toboggan \u00e0 la courbe et au choix de l'atterrissage. Vous souhaitez un toboggan tr\u00e8s long qui vous permette de planer dans les airs et d'atterrir sur l'oc\u00e9an. Ou peut-\u00eatre pr\u00e9f\u00e9rez-vous une courbe douce, id\u00e9ale pour une descente tranquille et sans pr\u00e9cipitation. Nous pouvons r\u00e9aliser le toboggan de vos r\u00eaves, quelle que soit son apparence.<\/p>\n<p>Il ne faut pas non plus n\u00e9gliger la zone d'atterrissage. Nous travaillerons avec vous pour concevoir la fin id\u00e9ale de votre voyage, qu'il s'agisse d'une piscine, d'une aire de jeu ou m\u00eame d'une pente herbeuse. En fin de compte, l'\u00e9claboussure est la moiti\u00e9 de la valeur du divertissement !<\/p>\n<a href=\"https:\/\/treelofts.com\/fr\/nous-contacter\/\" target=\"_blank\" class=\"button secondary is-link box-shadow-1-hover\" rel=\"noopener\"  >\n\t\t<span>Contactez nous<\/span>\n\t<i class=\"icon-angle-right\" aria-hidden=\"true\" ><\/i><\/a>\n\n\n\n\t\t<\/div>\n\t\t\t\t\n<style>\n#col-2000530839 > .col-inner {\n  padding: 0px 0px 0px 0px;\n}\n@media (min-width:850px) {\n  #col-2000530839 > .col-inner {\n    padding: 0px 50px 0px 50px;\n  }\n}\n<\/style>\n\t<\/div>\n\n\t\n\n\t<div id=\"col-973230628\" class=\"col medium-9 small-12 large-6 medium-col-first\"  >\n\t\t\t\t<div class=\"col-inner\"  >\n\t\t\t\n\t\t\t\n\n\n  <div class=\"banner has-hover\" id=\"banner-574264094\">\n          <div class=\"banner-inner fill\">\n        <div class=\"banner-bg fill\" >\n            <img decoding=\"async\" width=\"1080\" height=\"1080\" src=\"https:\/\/treelofts.com\/wp-content\/uploads\/2025\/02\/NEW-Waterslides-3.jpg\" class=\"bg attachment-original size-original\" alt=\"\" title=\"\">                                    \n                    <\/div>\n\t\t\n        <div class=\"banner-layers container\">\n            <div class=\"fill banner-link\"><\/div>            \n\n   <div id=\"text-box-592963789\" class=\"text-box banner-layer x50 md-x50 lg-x50 y50 md-y50 lg-y50 res-text\">\n                                <div class=\"text-box-content text dark\">\n              \n              <div class=\"text-inner text-center\">\n                  \n\n\n              <\/div>\n           <\/div>\n                            \n<style>\n#text-box-592963789 {\n  width: 60%;\n}\n#text-box-592963789 .text-box-content {\n  font-size: 100%;\n}\n@media (min-width:550px) {\n  #text-box-592963789 {\n    width: 60%;\n  }\n}\n<\/style>\n    <\/div>\n \n\n        <\/div>\n      <\/div>\n\n            \n<style>\n#banner-574264094 {\n  padding-top: 300px;\n}\n#banner-574264094 .banner-bg img {\n  object-position: 48% 68%;\n}\n@media (min-width:850px) {\n  #banner-574264094 {\n    padding-top: 70%;\n  }\n}\n<\/style>\n  <\/div>\n\n\n\n\t\t<\/div>\n\t\t\t\t\t<\/div>\n\n\t\n\n<\/div>\n\n\t\t<\/div>\n\n\t\t\n<style>\n#section_902819313 {\n  padding-top: 0px;\n  padding-bottom: 0px;\n}\n<\/style>\n\t<\/section>\n\t\n\n\t<section class=\"section\" id=\"section_1785055433\">\n\t\t<div class=\"section-bg fill\" >\n\t\t\t\t\t\t\t\t\t\n\t\t\t\n\n\t\t<\/div>\n\n\t\t\n\n\t\t<div class=\"section-content relative\">\n\t\t\t\n\n<div class=\"row row-large align-middle align-center\" style=\"max-width:1400px\" id=\"row-1843866623\">\n\n\n\t<div id=\"col-708195802\" class=\"col medium-9 small-12 large-6\"  >\n\t\t\t\t<div class=\"col-inner\"  >\n\t\t\t\n\t\t\t\n\n\n  <div class=\"banner has-hover\" id=\"banner-459715095\">\n          <div class=\"banner-inner fill\">\n        <div class=\"banner-bg fill\" >\n            <img decoding=\"async\" width=\"1080\" height=\"1080\" src=\"https:\/\/treelofts.com\/wp-content\/uploads\/2025\/02\/NEW-Waterslides-1.jpg\" class=\"bg attachment-original size-original\" alt=\"\" title=\"\">                                    \n                    <\/div>\n\t\t\n        <div class=\"banner-layers container\">\n            <div class=\"fill banner-link\"><\/div>            \n\n   <div id=\"text-box-1767083568\" class=\"text-box banner-layer x50 md-x50 lg-x50 y50 md-y50 lg-y50 res-text\">\n                                <div class=\"text-box-content text dark\">\n              \n              <div class=\"text-inner text-center\">\n                  \n\n\n              <\/div>\n           <\/div>\n                            \n<style>\n#text-box-1767083568 {\n  width: 60%;\n}\n#text-box-1767083568 .text-box-content {\n  font-size: 100%;\n}\n@media (min-width:550px) {\n  #text-box-1767083568 {\n    width: 60%;\n  }\n}\n<\/style>\n    <\/div>\n \n\n        <\/div>\n      <\/div>\n\n            \n<style>\n#banner-459715095 {\n  padding-top: 300px;\n}\n#banner-459715095 .banner-bg img {\n  object-position: 59% 50%;\n}\n@media (min-width:850px) {\n  #banner-459715095 {\n    padding-top: 70%;\n  }\n}\n<\/style>\n  <\/div>\n\n\n\n\t\t<\/div>\n\t\t\t\t\t<\/div>\n\n\t\n\n\t<div id=\"col-365168987\" class=\"col medium-9 small-12 large-6\"  >\n\t\t\t\t<div class=\"col-inner text-left\"  >\n\t\t\t\n\t\t\t\n\n\t<div id=\"text-891418597\" class=\"text\">\n\t\t\n\n<h2 data-start=\"2821\" data-end=\"2847\"><strong data-start=\"2821\" data-end=\"2847\">Le plaisir de la balade<\/strong><\/h2>\n\t\t\n<style>\n#text-891418597 {\n  font-size: 1.5rem;\n}\n<\/style>\n\t<\/div>\n\t\n<p>Un toboggan aquatique qui ne peut \u00eatre reproduit est tout \u00e0 fait excitant. Il s'agit de ce moment d'excitation o\u00f9, assis au sommet, le vent dans les cheveux, vous vous appr\u00eatez \u00e0 vous jeter \u00e0 l'eau. Puis la mont\u00e9e d'exaltation lorsque vous d\u00e9gringolez et vous \u00e9claboussez dans le lac en contrebas. Un toboggan aquatique procure toujours ce sentiment d'excitation, qu'il s'agisse d'adultes d\u00e9couvrant les joies de l'enfance ou d'enfants aimant le voyage \u00e0 r\u00e9p\u00e9tition.<\/p>\n<a href=\"https:\/\/treelofts.com\/fr\/nous-contacter\/\" target=\"_blank\" class=\"button secondary is-link box-shadow-1-hover\" rel=\"noopener\"  >\n\t\t<span>Contactez nous<\/span>\n\t<i class=\"icon-angle-right\" aria-hidden=\"true\" ><\/i><\/a>\n\n\n\n\t\t<\/div>\n\t\t\t\t\n<style>\n#col-365168987 > .col-inner {\n  padding: 0px 0px 0px 0px;\n}\n@media (min-width:850px) {\n  #col-365168987 > .col-inner {\n    padding: 0px 50px 0px 50px;\n  }\n}\n<\/style>\n\t<\/div>\n\n\t\n\n<\/div>\n\n\t\t<\/div>\n\n\t\t\n<style>\n#section_1785055433 {\n  padding-top: 0px;\n  padding-bottom: 0px;\n}\n<\/style>\n\t<\/section>\n\t\n<div class=\"row\"  id=\"row-229931269\">\n\n\n\t<div id=\"col-810927418\" class=\"col small-12 large-12\"  >\n\t\t\t\t<div class=\"col-inner\"  >\n\t\t\t\n\t\t\t\n\n\t<div id=\"text-1063385840\" class=\"text\">\n\t\t\n\n<h2 data-start=\"3273\" data-end=\"3317\"><strong data-start=\"3273\" data-end=\"3317\">Pourquoi nous choisir pour vos besoins en toboggans aquatiques ?<\/strong><\/h2>\n\t\t\n<style>\n#text-1063385840 {\n  font-size: 1.5rem;\n  text-align: center;\n}\n<\/style>\n\t<\/div>\n\t\n\t<div id=\"text-3048445500\" class=\"text\">\n\t\t\n\n<p>En nous choisissant pour votre toboggan aquatique, vous vous assurez non seulement d'un toboggan, mais aussi d'un ajout de qualit\u00e9, s\u00fbr et int\u00e9ressant \u00e0 votre cabane. Chaque toboggan que nous cr\u00e9ons est fabriqu\u00e9 avec d'excellents mat\u00e9riaux r\u00e9sistants \u00e0 la rouille, robustes et r\u00e9sistants aux variations saisonni\u00e8res. Nous tenons \u00e9galement compte de l'agencement particulier de votre cabane afin que le toboggan s'adapte exactement \u00e0 votre construction et offre un degr\u00e9 d'amusement suppl\u00e9mentaire.<\/p>\n<p>Nous avons \u00e9galement mentionn\u00e9 que l'installation d'une de nos diapositives est tr\u00e8s simple. Il n'est pas n\u00e9cessaire de faire appel \u00e0 des services sur place, car nous fournissons tous les outils et toutes les instructions dont vous avez besoin pour l'installer vous-m\u00eame. Nous assurons vos arri\u00e8res \u00e0 chaque \u00e9tape.<\/p>\n\t\t\n<style>\n#text-3048445500 {\n  text-align: center;\n}\n<\/style>\n\t<\/div>\n\t\n\t<div id=\"gap-1488936725\" class=\"gap-element clearfix\" style=\"display:block; height:auto;\">\n\t\t\n<style>\n#gap-1488936725 {\n  padding-top: 40px;\n}\n<\/style>\n\t<\/div>\n\t\n\n\t<div id=\"text-489926464\" class=\"text\">\n\t\t\n\n<h2 data-start=\"3977\" data-end=\"4018\"><strong data-start=\"3977\" data-end=\"4018\">Le parc aquatique dans votre jardin !<\/strong><\/h2>\n\t\t\n<style>\n#text-489926464 {\n  font-size: 1.5rem;\n  text-align: center;\n}\n<\/style>\n\t<\/div>\n\t\n\t<div id=\"text-3969605189\" class=\"text\">\n\t\t\n\n<p>Ne manquez pas le plaisir d'un toboggan aquatique priv\u00e9 dans votre cabane ! C'est l'approche id\u00e9ale pour am\u00e9liorer votre espace ext\u00e9rieur et faire en sorte que vos amis et votre famille choisissent toujours votre cabane comme lieu de rendez-vous. Des sensations fortes aux \u00e9claboussures rafra\u00eechissantes, nos toboggans aquatiques apporteront les plaisirs d'un parc aquatique directement chez vous. Vous \u00eates pr\u00eat \u00e0 sauter dans l'eau ? Une \u00e9claboussure \u00e0 la fois, laissez vos r\u00eaves de cabane devenir r\u00e9alit\u00e9.<\/p>\n\t\t\n<style>\n#text-3969605189 {\n  text-align: center;\n}\n<\/style>\n\t<\/div>\n\t\n\n\t\t<\/div>\n\t\t\t\t\n<style>\n#col-810927418 > .col-inner {\n  padding: 40px 0px 40px 0px;\n}\n<\/style>\n\t<\/div>\n\n\t\n\n<\/div>\n\n  <div class=\"banner has-hover\" id=\"banner-563047351\">\n          <div class=\"banner-inner fill\">\n        <div class=\"banner-bg fill\" >\n            <img decoding=\"async\" width=\"1024\" height=\"683\" src=\"https:\/\/treelofts.com\/wp-content\/uploads\/2025\/02\/No-Tree-Treehouse-2.jpg\" class=\"bg attachment-original size-original\" alt=\"\" title=\"\">                        <div class=\"overlay\"><\/div>            \n                    <\/div>\n\t\t\n        <div class=\"banner-layers container\">\n            <div class=\"fill banner-link\"><\/div>            \n\n   <div id=\"text-box-1167883493\" class=\"text-box banner-layer x50 md-x50 lg-x50 y50 md-y50 lg-y50 res-text\">\n                                <div class=\"text-box-content text dark\">\n              \n              <div class=\"text-inner text-center\">\n                  \n\n<p>Donnons vie \u00e0 votre vision<\/p>\n<h2><strong>Fabriquer des cabanes de r\u00eave depuis 2013<\/strong><\/h2>\n<a href=\"https:\/\/treelofts.com\/fr\/nous-contacter\/\" class=\"button white is-outline\"  >\n\t\t<span>commencez votre voyage dans les arbres d\u00e8s aujourd'hui<\/span>\n\t<\/a>\n\n\n\n              <\/div>\n           <\/div>\n                            \n<style>\n#text-box-1167883493 {\n  width: 60%;\n}\n#text-box-1167883493 .text-box-content {\n  font-size: 100%;\n}\n<\/style>\n    <\/div>\n \n\n        <\/div>\n      <\/div>\n\n            \n<style>\n#banner-563047351 {\n  padding-top: 350px;\n}\n#banner-563047351 .overlay {\n  background-color: rgba(0, 0, 0, 0.17);\n}\n#banner-563047351 .banner-bg img {\n  object-position: 67% 37%;\n}\n<\/style>\n  <\/div>\n\n\n<div class=\"row\"  id=\"row-1726697709\">\n\n\n\n<\/div>","protected":false},"excerpt":{"rendered":"","protected":false},"author":5,"featured_media":0,"parent":0,"menu_order":0,"comment_status":"closed","ping_status":"closed","template":"","meta":{"footnotes":""},"class_list":["post-1399","page","type-page","status-publish","hentry"],"_links":{"self":[{"href":"https:\/\/treelofts.com\/fr\/wp-json\/wp\/v2\/pages\/1399","targetHints":{"allow":["GET"]}}],"collection":[{"href":"https:\/\/treelofts.com\/fr\/wp-json\/wp\/v2\/pages"}],"about":[{"href":"https:\/\/treelofts.com\/fr\/wp-json\/wp\/v2\/types\/page"}],"author":[{"embeddable":true,"href":"https:\/\/treelofts.com\/fr\/wp-json\/wp\/v2\/users\/5"}],"replies":[{"embeddable":true,"href":"https:\/\/treelofts.com\/fr\/wp-json\/wp\/v2\/comments?post=1399"}],"version-history":[{"count":0,"href":"https:\/\/treelofts.com\/fr\/wp-json\/wp\/v2\/pages\/1399\/revisions"}],"wp:attachment":[{"href":"https:\/\/treelofts.com\/fr\/wp-json\/wp\/v2\/media?parent=1399"}],"curies":[{"name":"wp","href":"https:\/\/api.w.org\/{rel}","templated":true}]}}