{"id":198,"date":"2024-04-15T13:27:21","date_gmt":"2024-04-15T12:27:21","guid":{"rendered":"https:\/\/azh5n13ivf.onrocket.site\/?page_id=198"},"modified":"2026-03-11T22:44:22","modified_gmt":"2026-03-12T05:44:22","slug":"nous-contacter","status":"publish","type":"page","link":"https:\/\/treelofts.com\/fr\/nous-contacter\/","title":{"rendered":"Nous contacter"},"content":{"rendered":"<div class=\"row row-collapse row-full-width\"  id=\"row-2001595047\">\n\n\n\t<div id=\"col-333582453\" class=\"col small-12 large-12\"  >\n\t\t\t\t<div class=\"col-inner\"  >\n\t\t\t\n\t\t\t\n\n\n\t<section class=\"section\" id=\"section_1679218368\">\n\t\t<div class=\"section-bg fill\" >\n\t\t\t<img decoding=\"async\" width=\"1500\" height=\"1000\" src=\"https:\/\/treelofts.com\/wp-content\/uploads\/2024\/04\/chris-henry-o3_nfpK4VsA-unsplash-1.jpg\" class=\"bg attachment- size-\" alt=\"\" title=\"\">\t\t\t\t\t\t<div class=\"section-bg-overlay absolute fill\"><\/div>\n\t\t\t\n\n\t\t<\/div>\n\n\t\t\n\n\t\t<div class=\"section-content relative\">\n\t\t\t\n\n<div class=\"row row-collapse align-center\" style=\"max-width:\" id=\"row-1143040814\">\n\n\n\t<div id=\"col-791482018\" class=\"col small-12 large-12\"  >\n\t\t\t\t<div class=\"col-inner text-center dark\"  >\n\t\t\t\n\t\t\t\n\n<h1><span style=\"font-size: 250%;\">Contact<\/span><\/h1>\n<p class=\"lead\"><span style=\"font-size: 120%;\">Envoyer un message<\/span><\/p>\n\n\t\t<\/div>\n\t\t\t\t\n<style>\n#col-791482018 > .col-inner {\n  padding: 100px 20px 200px 0px;\n}\n@media (min-width:550px) {\n  #col-791482018 > .col-inner {\n    padding: 100px 0px 200px 0px;\n  }\n}\n<\/style>\n\t<\/div>\n\n\t\n\n<\/div>\n\n\t\t<\/div>\n\n\t\t\n<style>\n#section_1679218368 {\n  padding-top: 0px;\n  padding-bottom: 0px;\n  min-height: 0px;\n}\n#section_1679218368 .section-bg-overlay {\n  background-color: rgba(0, 0, 0, 0.12);\n}\n#section_1679218368 .section-bg img {\n  object-position: 55% 100%;\n}\n@media (min-width:550px) {\n  #section_1679218368 {\n    padding-top: 0px;\n    padding-bottom: 0px;\n  }\n  #section_1679218368 .section-bg-overlay {\n    background-color: rgba(0, 0, 0, 0.21);\n  }\n}\n@media (min-width:850px) {\n  #section_1679218368 {\n    padding-top: 100px;\n    padding-bottom: 100px;\n  }\n  #section_1679218368 .section-bg-overlay {\n    background-color: rgba(0, 0, 0, 0.12);\n  }\n}\n<\/style>\n\t<\/section>\n\t\n\n\t\t<\/div>\n\t\t\t\t\n<style>\n#col-333582453 > .col-inner {\n  padding: 0px 30px 0px 30px;\n}\n<\/style>\n\t<\/div>\n\n\t\n\n<\/div>\n<div class=\"row row-large\" style=\"max-width:1400px\" id=\"row-249015241\">\n\n\n\t<div id=\"col-1781728081\" class=\"col small-12 large-12\"  >\n\t\t\t\t<div class=\"col-inner\" style=\"background-color:rgb(255, 255, 255);\" >\n\t\t\t\n\t\t\t\n\n<div class=\"row row-collapse row-full-width\"  id=\"row-1850124272\">\n\n\n\t<div id=\"col-20656600\" class=\"col medium-12 small-12 large-6\"  >\n\t\t\t\t<div class=\"col-inner\"  >\n\t\t\t\n\t\t\t\n\n<h2><span style=\"font-size: 120%;\">Nous contacter<\/span><\/h2>\n<p><strong>Nous sommes un groupe d'artisans id\u00e9alistes et nous cr\u00e9ons notre propre monde de r\u00eave<\/strong><\/p>\n\t<div id=\"gap-1316334634\" class=\"gap-element clearfix\" style=\"display:block; height:auto;\">\n\t\t\n<style>\n#gap-1316334634 {\n  padding-top: 20px;\n}\n@media (min-width:550px) {\n  #gap-1316334634 {\n    padding-top: 20px;\n  }\n}\n@media (min-width:850px) {\n  #gap-1316334634 {\n    padding-top: 30px;\n  }\n}\n<\/style>\n\t<\/div>\n\t\n\n<div class=\"row\"  id=\"row-1647152797\">\n\n\n\t<div id=\"col-372198463\" class=\"col medium-6 small-12 large-6\"  >\n\t\t\t\t<div class=\"col-inner\"  >\n\t\t\t\n\t\t\t\n\n\t<div class=\"img has-hover x md-x lg-x y md-y lg-y\" id=\"image_369634273\">\n\t\t\t\t\t\t\t\t<div class=\"img-inner dark\" >\n\t\t\t<img decoding=\"async\" width=\"240\" height=\"240\" src=\"https:\/\/treelofts.com\/wp-content\/uploads\/2024\/04\/mail-open-fill.png\" class=\"attachment-large size-large\" alt=\"\" srcset=\"https:\/\/treelofts.com\/wp-content\/uploads\/2024\/04\/mail-open-fill.png 240w, https:\/\/treelofts.com\/wp-content\/uploads\/2024\/04\/mail-open-fill-100x100.png 100w\" sizes=\"(max-width: 240px) 100vw, 240px\" title=\"\">\t\t\t\t\t\t\n\t\t\t\t\t<\/div>\n\t\t\t\t\t\t\t\t\n<style>\n#image_369634273 {\n  width: 15%;\n}\n@media (min-width:550px) {\n  #image_369634273 {\n    width: 20%;\n  }\n}\n<\/style>\n\t<\/div>\n\t\n\n<h3 class=\"uppercase\">Courrier \u00e9lectronique<\/h3>\n<p><a href=\"mailto:info@treelofts.com\">info@treelofts.com<\/a><\/p>\n<p>\u00a0<\/p>\n\n\t\t<\/div>\n\t\t\t\t\t<\/div>\n\n\t\n\n\t<div id=\"col-954262780\" class=\"col medium-6 small-12 large-6\"  >\n\t\t\t\t<div class=\"col-inner\"  >\n\t\t\t\n\t\t\t\n\n\t<div class=\"img has-hover x md-x lg-x y md-y lg-y\" id=\"image_1121879261\">\n\t\t\t\t\t\t\t\t<div class=\"img-inner dark\" >\n\t\t\t<img decoding=\"async\" width=\"240\" height=\"240\" src=\"https:\/\/treelofts.com\/wp-content\/uploads\/2024\/04\/phone-fill.png\" class=\"attachment-large size-large\" alt=\"\" srcset=\"https:\/\/treelofts.com\/wp-content\/uploads\/2024\/04\/phone-fill.png 240w, https:\/\/treelofts.com\/wp-content\/uploads\/2024\/04\/phone-fill-100x100.png 100w\" sizes=\"(max-width: 240px) 100vw, 240px\" title=\"\">\t\t\t\t\t\t\n\t\t\t\t\t<\/div>\n\t\t\t\t\t\t\t\t\n<style>\n#image_1121879261 {\n  width: 15%;\n}\n@media (min-width:550px) {\n  #image_1121879261 {\n    width: 20%;\n  }\n}\n<\/style>\n\t<\/div>\n\t\n\n<h3 class=\"uppercase\">t\u00e9l\u00e9phone<\/h3>\n<p><a href=\"tel:+8618892614265\">+86 18892614265<\/a><\/p>\n\n\t\t<\/div>\n\t\t\t\t\t<\/div>\n\n\t\n\n<\/div>\n\n\t\t<\/div>\n\t\t\t\t\n<style>\n#col-20656600 > .col-inner {\n  padding: 0px 0px 0px 20px;\n}\n<\/style>\n\t<\/div>\n\n\t\n\n\t<div id=\"col-78576420\" class=\"col medium-12 small-12 large-6\"  >\n\t\t\t\t<div class=\"col-inner\"  >\n\t\t\t\n\t\t\t\n\n<h2><span style=\"font-size: 120%;\">Poser une question<\/span><\/h2>\n\t<div id=\"gap-134920247\" class=\"gap-element clearfix\" style=\"display:block; height:auto;\">\n\t\t\n<style>\n#gap-134920247 {\n  padding-top: 20px;\n}\n@media (min-width:550px) {\n  #gap-134920247 {\n    padding-top: 20px;\n  }\n}\n@media (min-width:850px) {\n  #gap-134920247 {\n    padding-top: 30px;\n  }\n}\n<\/style>\n\t<\/div>\n\t\n\n\n<div class=\"wpcf7 no-js\" id=\"wpcf7-f37-o1\" lang=\"en-GB\" dir=\"ltr\" data-wpcf7-id=\"37\">\n<div class=\"screen-reader-response\"><p role=\"status\" aria-live=\"polite\" aria-atomic=\"true\"><\/p> <ul><\/ul><\/div>\n<form action=\"\/fr\/wp-json\/wp\/v2\/pages\/198#wpcf7-f37-o1\" method=\"post\" class=\"wpcf7-form init\" aria-label=\"Contact form\" novalidate=\"novalidate\" data-status=\"init\" data-trp-original-action=\"\/fr\/wp-json\/wp\/v2\/pages\/198#wpcf7-f37-o1\">\n<fieldset class=\"hidden-fields-container\"><input type=\"hidden\" name=\"_wpcf7\" value=\"37\" \/><input type=\"hidden\" name=\"_wpcf7_version\" value=\"6.1.4\" \/><input type=\"hidden\" name=\"_wpcf7_locale\" value=\"en_GB\" \/><input type=\"hidden\" name=\"_wpcf7_unit_tag\" value=\"wpcf7-f37-o1\" \/><input type=\"hidden\" name=\"_wpcf7_container_post\" value=\"0\" \/><input type=\"hidden\" name=\"_wpcf7_posted_data_hash\" value=\"\" \/>\n<\/fieldset>\n<div class=\"wpcf7-turnstile cf-turnstile\" data-sitekey=\"0x4AAAAAACMU9iqdJCBEwemF\" data-response-field-name=\"_wpcf7_turnstile_response\"><\/div>\n\n<p><label> Votre nom<br \/>\n<span class=\"wpcf7-form-control-wrap\" data-name=\"your-name\"><input size=\"40\" maxlength=\"400\" class=\"wpcf7-form-control wpcf7-text wpcf7-validates-as-required\" autocomplete=\"name\" aria-required=\"true\" aria-invalid=\"false\" value=\"\" type=\"text\" name=\"your-name\" \/><\/span> <\/label>\n<\/p>\n<p><label> Votre email<br \/>\n<span class=\"wpcf7-form-control-wrap\" data-name=\"your-email\"><input size=\"40\" maxlength=\"400\" class=\"wpcf7-form-control wpcf7-email wpcf7-validates-as-required wpcf7-text wpcf7-validates-as-email\" autocomplete=\"email\" aria-required=\"true\" aria-invalid=\"false\" value=\"\" type=\"email\" name=\"your-email\" \/><\/span> <\/label>\n<\/p>\n<p><label> Votre message (facultatif)<br \/>\n<span class=\"wpcf7-form-control-wrap\" data-name=\"your-message\"><textarea cols=\"40\" rows=\"10\" maxlength=\"2000\" class=\"wpcf7-form-control wpcf7-textarea\" aria-invalid=\"false\" name=\"your-message\"><\/textarea><\/span> <\/label><br \/>\n<span id=\"wpcf7-69d099c72f278-wrapper\" class=\"wpcf7-form-control-wrap telephone-wrap\" style=\"display:none !important; visibility:hidden !important;\"><label for=\"wpcf7-69d099c72f278-field\" class=\"hp-message\">Please leave this field empty.<\/label><input id=\"wpcf7-69d099c72f278-field\"  class=\"wpcf7-form-control wpcf7-text\" type=\"text\" name=\"telephone\" value=\"\" size=\"40\" tabindex=\"-1\" autocomplete=\"new-password\" \/><\/span><br \/>\n<input class=\"wpcf7-form-control wpcf7-submit has-spinner\" type=\"submit\" value=\"Soumettre\" \/>\n<\/p><div class=\"wpcf7-response-output\" aria-hidden=\"true\"><\/div>\n<input type=\"hidden\" name=\"trp-form-language\" value=\"fr\"\/><\/form>\n<\/div>\n\n\n\n\t\t<\/div>\n\t\t\t\t\t<\/div>\n\n\t\n\n\n<style>\n#row-1850124272 > .col > .col-inner {\n  padding: 0px 15px 0px 15px;\n}\n<\/style>\n<\/div>\n\n\t\t<\/div>\n\t\t\t\t\n<style>\n#col-1781728081 > .col-inner {\n  padding: 50px 20px 0px 20px;\n  margin: -0 0px 0px 0px;\n}\n@media (min-width:550px) {\n  #col-1781728081 > .col-inner {\n    padding: 50px 20px 30px 20px;\n    margin: 0 0px 0px 0px;\n  }\n}\n@media (min-width:850px) {\n  #col-1781728081 > .col-inner {\n    padding: 66px 5% 16px 5%;\n    margin: -135px 0px 0px 0px;\n  }\n}\n<\/style>\n\t<\/div>\n\n\t\n\n<\/div>","protected":false},"excerpt":{"rendered":"","protected":false},"author":5,"featured_media":0,"parent":0,"menu_order":0,"comment_status":"closed","ping_status":"closed","template":"","meta":{"footnotes":""},"class_list":["post-198","page","type-page","status-publish","hentry"],"_links":{"self":[{"href":"https:\/\/treelofts.com\/fr\/wp-json\/wp\/v2\/pages\/198","targetHints":{"allow":["GET"]}}],"collection":[{"href":"https:\/\/treelofts.com\/fr\/wp-json\/wp\/v2\/pages"}],"about":[{"href":"https:\/\/treelofts.com\/fr\/wp-json\/wp\/v2\/types\/page"}],"author":[{"embeddable":true,"href":"https:\/\/treelofts.com\/fr\/wp-json\/wp\/v2\/users\/5"}],"replies":[{"embeddable":true,"href":"https:\/\/treelofts.com\/fr\/wp-json\/wp\/v2\/comments?post=198"}],"version-history":[{"count":1,"href":"https:\/\/treelofts.com\/fr\/wp-json\/wp\/v2\/pages\/198\/revisions"}],"predecessor-version":[{"id":3786,"href":"https:\/\/treelofts.com\/fr\/wp-json\/wp\/v2\/pages\/198\/revisions\/3786"}],"wp:attachment":[{"href":"https:\/\/treelofts.com\/fr\/wp-json\/wp\/v2\/media?parent=198"}],"curies":[{"name":"wp","href":"https:\/\/api.w.org\/{rel}","templated":true}]}}