{"id":324,"date":"2024-04-16T04:50:24","date_gmt":"2024-04-16T03:50:24","guid":{"rendered":"https:\/\/azh5n13ivf.onrocket.site\/?page_id=324"},"modified":"2025-03-02T00:29:25","modified_gmt":"2025-03-02T08:29:25","slug":"politique-dexpedition","status":"publish","type":"page","link":"https:\/\/treelofts.com\/fr\/politique-dexpedition\/","title":{"rendered":"Politique d'exp\u00e9dition"},"content":{"rendered":"<p>Chez TreeLofts, nous savons que la livraison de la cabane id\u00e9ale est tout aussi importante que la cabane elle-m\u00eame. C'est pourquoi nous avons cr\u00e9\u00e9 une politique d'exp\u00e9dition claire, fiable et ouverte, destin\u00e9e \u00e0 vous rassurer tout au long de la proc\u00e9dure de livraison. Que vous commandiez un kit de base, une cabane de luxe, un de nos mod\u00e8les sur mesure ou autre, nous nous engageons \u00e0 faire en sorte que vos marchandises arrivent en toute s\u00e9curit\u00e9, dans les d\u00e9lais et en parfait \u00e9tat.<\/p>\n\n\n\n<p>Des d\u00e9lais de livraison aux frais et au suivi de votre commande, voici tout ce que vous devez savoir sur notre gestion des envois.<\/p>\n\n\n\n<h2 class=\"wp-block-heading\"><strong>1. Notre engagement en faveur de la rapidit\u00e9 et de la s\u00e9curit\u00e9 des livraisons<\/strong><\/h2>\n\n\n\n<p>TreeLofts s'engage \u00e0 fournir une exp\u00e9rience de livraison sans faille qui garantit que votre cabane arrive comme pr\u00e9vu. Nous sommes tr\u00e8s satisfaits de notre service client\u00e8le exceptionnel et de notre politique d'exp\u00e9dition coh\u00e9rente. Nos clients sont impatients de commencer leurs aventures, c'est pourquoi nous nous surpassons pour nous assurer que votre cabane arrive sans retard.<\/p>\n\n\n\n<p>Bien que notre priorit\u00e9 soit de vous livrer rapidement et en toute s\u00e9curit\u00e9, les d\u00e9lais de livraison varient en fonction de votre lieu de r\u00e9sidence, de la m\u00e9thode d'exp\u00e9dition et de tout retard impr\u00e9vu, y compris les conditions m\u00e9t\u00e9orologiques. Soyez assur\u00e9 que nous vous tiendrons inform\u00e9 du traitement de votre commande jusqu'au jour de la livraison.<\/p>\n\n\n\n<h2 class=\"wp-block-heading\"><strong>2. D\u00e9lais d'exp\u00e9dition et approches<\/strong><\/h2>\n\n\n\n<p>Nous proposons le transport maritime pour servir nos clients dans le monde entier, le moyen le plus abordable de transporter nos grandes cabanes en kit et nos b\u00e2timents personnalis\u00e9s. Pour les clients nationaux et \u00e9trangers, le transport maritime est un choix fantastique. Nous nous assurons que nos marchandises sont bien emball\u00e9es pendant le voyage jusqu'\u00e0 votre lieu de r\u00e9sidence afin que votre cabane arrive enti\u00e8re et indemne.<\/p>\n\n\n\n<p><strong>D\u00e9lais d'exp\u00e9dition<br><\/strong>L'endroit o\u00f9 vous vous trouvez et le mode de livraison que vous choisissez d\u00e9terminent le d\u00e9lai de livraison de votre cabane. Les d\u00e9lais de livraison pr\u00e9vus sont indiqu\u00e9s ci-dessous :<\/p>\n\n\n\n<ul class=\"wp-block-list\">\n<li><strong>Exp\u00e9dition internationale (par fret maritime) :<\/strong> Pour les commandes internationales, le d\u00e9lai d'exp\u00e9dition peut varier entre <strong>30-45 jours<\/strong>Les d\u00e9lais de livraison peuvent varier en fonction de votre lieu de r\u00e9sidence et des proc\u00e9dures douani\u00e8res. Pour certaines r\u00e9gions, les d\u00e9lais de livraison peuvent \u00eatre allong\u00e9s, mais nous vous fournirons toujours une information claire et pr\u00e9cise. <strong>date d'arriv\u00e9e pr\u00e9vue<\/strong>.<\/li>\n\n\n\n<li><strong>Exp\u00e9dition acc\u00e9l\u00e9r\u00e9e :<\/strong> Dans certains cas, nous proposons un service de transport maritime acc\u00e9l\u00e9r\u00e9 pour une livraison plus rapide, mais veuillez noter que les services acc\u00e9l\u00e9r\u00e9s peuvent entra\u00eener des frais suppl\u00e9mentaires.<\/li>\n<\/ul>\n\n\n\n<p><strong>Ordres personnalis\u00e9s et grands ordres :<\/strong> <\/p>\n\n\n\n<p>Les commandes personnalis\u00e9es ou les grandes cabanes en kit peuvent n\u00e9cessiter des d\u00e9lais de livraison suppl\u00e9mentaires en raison de leur taille et de la complexit\u00e9 de la construction. Nous vous informons en permanence de l'\u00e9tat de l'exp\u00e9dition et vous fournissons un suivi en temps r\u00e9el afin que vous puissiez v\u00e9rifier votre article pendant qu'il vous est livr\u00e9.<\/p>\n\n\n\n<h2 class=\"wp-block-heading\"><strong>3. Prix des transports<\/strong><\/h2>\n\n\n\n<p>Les frais d'exp\u00e9dition d\u00e9pendent de votre localisation, du poids et de la taille de votre commande, du mode de livraison choisi ainsi que d'autres facteurs. Nous expliquons ici notre m\u00e9thode de calcul des frais d'exp\u00e9dition :<\/p>\n\n\n\n<ul class=\"wp-block-list\">\n<li>Exp\u00e9dition standard : En fonction de votre localisation, la plupart de nos produits ont une exp\u00e9dition calcul\u00e9e automatiquement. Nous nous effor\u00e7ons de maintenir des frais de livraison raisonnables.<\/li>\n\n\n\n<li>P\u00e9riodiquement, nous offrons la livraison gratuite sur des articles particuliers ou lors d'\u00e9v\u00e9nements sp\u00e9ciaux. Consultez \u00e9galement les offres sp\u00e9ciales de livraison en cours.<\/li>\n\n\n\n<li>Pour les grosses commandes, le transport est Pour les gros articles, tels que les commandes en vrac ou les cabanes personnalis\u00e9es, nous vous proposerons un devis sp\u00e9cial pour le transport. Ces commandes peuvent n\u00e9cessiter un emballage suppl\u00e9mentaire, un levage lourd ou de l'espace sur des cargos, qui posent tous des probl\u00e8mes de transport particuliers.<\/li>\n\n\n\n<li>Frais d'exp\u00e9dition \u00e0 l'\u00e9tranger : La situation g\u00e9ographique a une incidence sur les frais d'exp\u00e9dition pay\u00e9s par les consommateurs d'outre-mer. Bien que le transport maritime reste le choix le plus abordable, les articles plus volumineux et plus complexes peuvent co\u00fbter plus cher.<\/li>\n<\/ul>\n\n\n\n<h2 class=\"wp-block-heading\"><strong>4. Gestion et d\u00e9lais de traitement<\/strong><\/h2>\n\n\n\n<p>Nous nous occupons d'abord de votre cabane en kit ou de votre construction sur mesure une fois que vous avez pass\u00e9 votre commande. C'est ce \u00e0 quoi il faut s'attendre :<\/p>\n\n\n\n<ul class=\"wp-block-list\">\n<li><strong>Traitement des commandes :<\/strong> Notre personnel s'occupe imm\u00e9diatement de pr\u00e9parer votre commande pour l'exp\u00e9dition. Le d\u00e9lai de traitement des commandes est g\u00e9n\u00e9ralement de 10 \u00e0 15 jours ouvrables. Le d\u00e9lai de traitement peut toutefois \u00eatre un peu plus long pour les conceptions sur mesure ou les objets plus volumineux.<\/li>\n\n\n\n<li><strong>D\u00e9lai de traitement des commandes :<\/strong> Les cabanes dans les arbres n\u00e9cessitent un d\u00e9lai suppl\u00e9mentaire pour la production et l'emballage, g\u00e9n\u00e9ralement entre 2 et 4 semaines selon la complexit\u00e9. D\u00e8s que la construction est termin\u00e9e, nous la pr\u00e9parons pour le transport maritime.<\/li>\n<\/ul>\n\n\n\n<p>Nous nous effor\u00e7ons de garantir que tout est bien emball\u00e9 et couvert afin d'\u00e9viter tout dommage pendant le voyage. Tout sera mis en \u0153uvre pour que votre cabane arrive en toute s\u00e9curit\u00e9.<\/p>\n\n\n\n<h2 class=\"wp-block-heading\"><strong>5. Sites de livraison<\/strong><\/h2>\n\n\n\n<p>TreeLofts est heureux d'offrir des services d'exp\u00e9dition dans le monde entier ! Bien que notre fret maritime puisse atteindre presque tous les pays, n'oubliez pas les points suivants :<\/p>\n\n\n\n<ul class=\"wp-block-list\">\n<li><strong>Exp\u00e9dition internationale : <\/strong>Nous assurons \u00e9galement l'exp\u00e9dition dans le monde entier vers un grand nombre de pays \u00e9trangers. La plupart de nos clients \u00e9trangers choisissent la livraison par fret maritime, car elle est rapide et d'un co\u00fbt raisonnable pour les grands projets tels que les cabanes dans les arbres.<\/li>\n\n\n\n<li><strong>R\u00e9glementation des lieux :<\/strong> Bien que nous nous efforcions d'exp\u00e9dier des marchandises partout, les r\u00e9glementations douani\u00e8res ou d'autres difficult\u00e9s logistiques peuvent entra\u00eener des restrictions d'exp\u00e9dition pour certaines r\u00e9gions \u00e9loign\u00e9es ou certains pays. Si vous ne savez pas si nous desservons votre r\u00e9gion, veuillez nous contacter.<\/li>\n<\/ul>\n\n\n\n<h2 class=\"wp-block-heading\"><strong>6. Suivi de votre commande<\/strong><\/h2>\n\n\n\n<p>Une fois votre article exp\u00e9di\u00e9, nous vous attribuons un num\u00e9ro de suivi afin que vous puissiez rapidement v\u00e9rifier son parcours. Nous vous promettons que, gr\u00e2ce \u00e0 des partenaires de confiance, votre kit de cabane est trait\u00e9 avec soin tout au long de la proc\u00e9dure d'exp\u00e9dition.<\/p>\n\n\n\n<p>Le suivi de votre commande est rendu possible par l'introduction de votre num\u00e9ro de suivi sur le site web du transporteur. Nous vous enverrons r\u00e9guli\u00e8rement des informations sur l'\u00e9tat de votre commande, notamment lorsqu'elle est en cours de livraison et lorsqu'elle atteint le port le plus proche, afin que vous puissiez organiser la derni\u00e8re livraison.<\/p>\n\n\n\n<h2 class=\"wp-block-heading\"><strong>7. Probl\u00e8mes \u00e0 la livraison<\/strong><\/h2>\n\n\n\n<p>Bien que rares, des probl\u00e8mes tels que des retards, des dommages ou des livraisons erron\u00e9es peuvent survenir. Si vous \u00eates confront\u00e9 \u00e0 l'un de ces probl\u00e8mes, voici ce qu'il faut faire :<\/p>\n\n\n\n<ul class=\"wp-block-list\">\n<li><strong>Marchandises endommag\u00e9es : <\/strong>Veuillez nous contacter imm\u00e9diatement si votre cabane arrive endommag\u00e9e de quelque mani\u00e8re que ce soit. Notre personnel vous accompagnera tout au long de la proc\u00e9dure de r\u00e9clamation et vous garantira l'assistance n\u00e9cessaire.<\/li>\n\n\n\n<li><strong>Envois retard\u00e9s :<\/strong> Il arrive que les proc\u00e9dures douani\u00e8res, les conditions m\u00e9t\u00e9orologiques ou d'autres \u00e9v\u00e9nements impr\u00e9vus entra\u00eenent des retards de livraison. Si votre envoi est retard\u00e9, nous vous informerons des nouvelles pr\u00e9visions de livraison.<\/li>\n\n\n\n<li><strong>Objets impr\u00e9cis :<\/strong> Si vous recevez un produit d\u00e9fectueux, veuillez contacter notre service client\u00e8le pour obtenir de l'aide. Nous pouvons vous aider \u00e0 obtenir un remboursement ou un \u00e9change afin de trouver la cabane ou le kit qui vous convient.<\/li>\n<\/ul>\n\n\n\n<h2 class=\"wp-block-heading\"><strong>8. \u00c9changes et cornues<\/strong><\/h2>\n\n\n\n<p>Notre politique explicite de retour et d'\u00e9change doit \u00eatre suivie si votre produit arrive endommag\u00e9 ou si vous n'en \u00eates pas totalement satisfait.<\/p>\n\n\n\n<p>Les retours sont accept\u00e9s dans les trente jours suivant l'achat, \u00e0 condition que la cabane soit utilisable. Les frais de retour peuvent s'appliquer m\u00eame si l'article est endommag\u00e9 ou incorrect.<br>Si vous pr\u00e9f\u00e9rez \u00e9changer votre cabane contre un autre mod\u00e8le ou une autre conception, veuillez nous contacter pour entamer le processus. Nous essaierons de r\u00e9pondre \u00e0 votre demande.<\/p>\n\n\n\n<h2 class=\"wp-block-heading\"><strong>9. Merci d'avoir choisi TreeLofts<\/strong><\/h2>\n\n\n\n<p>TreeLofts s'engage \u00e0 fournir une exp\u00e9rience d'exp\u00e9dition parfaite et coh\u00e9rente afin que vous puissiez imm\u00e9diatement profiter de votre cabane. Nous d\u00e9passons toutes les attentes pour assurer votre plaisir, de l'exp\u00e9dition rapide \u00e0 l'emballage s\u00fbr. Si vous avez des questions ou des probl\u00e8mes \u00e0 n'importe quel moment de la proc\u00e9dure, <a href=\"https:\/\/treelofts.com\/fr\/nous-contacter\/\" data-type=\"link\" data-id=\"https:\/\/treelofts.com\/contact-us\/\">notre service client\u00e8le est l\u00e0 pour vous aider.<\/a><\/p>\n\n\n\n<p>Nous vous remercions d'avoir choisi TreeLofts, le point de d\u00e9part de vos vacances parfaites dans un arbre.<\/p>","protected":false},"excerpt":{"rendered":"<p>At TreeLofts, we know that having your ideal treehouse delivered to you is just as crucial as the treehouse. We have therefore created a clear, dependable, and open shipping policy meant to provide you piece of mind all through the delivery procedure. Whether your order is for a basic treehouse kit, a luxury treetop getaway, [&#8230;]","protected":false},"author":5,"featured_media":0,"parent":0,"menu_order":0,"comment_status":"closed","ping_status":"closed","template":"page-blank-title-center.php","meta":{"footnotes":""},"class_list":["post-324","page","type-page","status-publish","hentry"],"_links":{"self":[{"href":"https:\/\/treelofts.com\/fr\/wp-json\/wp\/v2\/pages\/324","targetHints":{"allow":["GET"]}}],"collection":[{"href":"https:\/\/treelofts.com\/fr\/wp-json\/wp\/v2\/pages"}],"about":[{"href":"https:\/\/treelofts.com\/fr\/wp-json\/wp\/v2\/types\/page"}],"author":[{"embeddable":true,"href":"https:\/\/treelofts.com\/fr\/wp-json\/wp\/v2\/users\/5"}],"replies":[{"embeddable":true,"href":"https:\/\/treelofts.com\/fr\/wp-json\/wp\/v2\/comments?post=324"}],"version-history":[{"count":0,"href":"https:\/\/treelofts.com\/fr\/wp-json\/wp\/v2\/pages\/324\/revisions"}],"wp:attachment":[{"href":"https:\/\/treelofts.com\/fr\/wp-json\/wp\/v2\/media?parent=324"}],"curies":[{"name":"wp","href":"https:\/\/api.w.org\/{rel}","templated":true}]}}