{"id":862,"date":"2025-02-10T00:11:44","date_gmt":"2025-02-10T08:11:44","guid":{"rendered":"https:\/\/azh5n13ivf.onrocket.site\/?page_id=862"},"modified":"2025-02-12T23:44:08","modified_gmt":"2025-02-13T07:44:08","slug":"ingenierie","status":"publish","type":"page","link":"https:\/\/treelofts.com\/fr\/ingenierie\/","title":{"rendered":"Ing\u00e9nierie"},"content":{"rendered":"<div class=\"banner has-hover\" id=\"banner-222958061\">\n          <div class=\"banner-inner fill\">\n        <div class=\"banner-bg fill\" >\n            <img decoding=\"async\" width=\"1024\" height=\"731\" src=\"https:\/\/treelofts.com\/wp-content\/uploads\/2025\/02\/Why-the-Garvan-Woodland-Gardens-Childrens-Garden-Treehouse-is-a-Model-for-Educational-Play-Spaces.jpg\" class=\"bg attachment-original size-original\" alt=\"\" title=\"\">                        <div class=\"overlay\"><\/div>            \n                    <\/div>\n\t\t\n        <div class=\"banner-layers container\">\n            <div class=\"fill banner-link\"><\/div>            \n\n   <div id=\"text-box-1658666317\" class=\"text-box banner-layer x50 md-x50 lg-x50 y50 md-y50 lg-y50 res-text\">\n                                <div class=\"text-box-content text dark\">\n              \n              <div class=\"text-inner text-center\">\n                  \n\n<h3>L'exp\u00e9rience des Treelofts<\/h3>\n<h1 class=\"page-title\"><strong>Ing\u00e9nierie<\/strong><\/h1>\n<p>Nous concevons des cabanes pour la stabilit\u00e9, la durabilit\u00e9 et la s\u00e9curit\u00e9 \u00e0 long terme plut\u00f4t que de nous contenter de les dessiner. Une cabane doit \u00eatre plus qu'un simple concept ; elle doit \u00eatre construite pour des ann\u00e9es d'aventure, avec une structure robuste, capable de r\u00e9sister aux \u00e9l\u00e9ments. Chacune de nos conceptions est donc d\u00e9velopp\u00e9e avec une ing\u00e9nierie pr\u00e9cise, des calculs de qualit\u00e9 professionnelle et une planification comp\u00e9tente, ce qui vous permet, \u00e0 vous ou \u00e0 votre constructeur, de construire une cabane qui est \u00e0 la fois s\u00fbre et \u00e9tonnante.<\/p>\n\n              <\/div>\n           <\/div>\n                            \n<style>\n#text-box-1658666317 {\n  width: 79%;\n}\n#text-box-1658666317 .text-box-content {\n  font-size: 100%;\n}\n<\/style>\n    <\/div>\n \n\n        <\/div>\n      <\/div>\n\n            \n<style>\n#banner-222958061 {\n  padding-top: 800px;\n}\n#banner-222958061 .overlay {\n  background-color: rgba(0,0,0,.5);\n}\n#banner-222958061 .banner-bg img {\n  object-position: 36% 52%;\n}\n<\/style>\n  <\/div>\n\n\n<div class=\"row row-collapse row-full-width\"  id=\"row-1152546457\">\n\n\n\t<div id=\"col-33256009\" class=\"col medium-6 small-12 large-6\"  >\n\t\t\t\t<div class=\"col-inner\"  >\n\t\t\t\n\t\t\t\n\n\n  <div class=\"banner has-hover\" id=\"banner-1234838146\">\n          <div class=\"banner-inner fill\">\n        <div class=\"banner-bg fill\" >\n            <img decoding=\"async\" width=\"474\" height=\"474\" src=\"https:\/\/treelofts.com\/wp-content\/uploads\/2025\/02\/Treehouse-Designs.jpg\" class=\"bg attachment-original size-original\" alt=\"\" title=\"\">                                    \n                    <\/div>\n\t\t\n        <div class=\"banner-layers container\">\n            <div class=\"fill banner-link\"><\/div>            \n\n   <div id=\"text-box-1529743290\" class=\"text-box banner-layer x50 md-x50 lg-x50 y50 md-y50 lg-y50 res-text\">\n                                <div class=\"text-box-content text dark\">\n              \n              <div class=\"text-inner text-center\">\n                  \n\n\n              <\/div>\n           <\/div>\n                            \n<style>\n#text-box-1529743290 {\n  width: 60%;\n}\n#text-box-1529743290 .text-box-content {\n  font-size: 100%;\n}\n<\/style>\n    <\/div>\n \n\n        <\/div>\n      <\/div>\n\n            \n<style>\n#banner-1234838146 {\n  padding-top: 300px;\n  background-color: rgba(255, 255, 255, 0);\n}\n@media (min-width:550px) {\n  #banner-1234838146 {\n    padding-top: 350px;\n  }\n}\n@media (min-width:850px) {\n  #banner-1234838146 {\n    padding-top: 752px;\n  }\n}\n<\/style>\n  <\/div>\n\n\n\n\t\t<\/div>\n\t\t\t\t\t<\/div>\n\n\t\n\n\t<div id=\"col-598438013\" class=\"col medium-6 small-12 large-6\"  >\n\t\t\t\t<div class=\"col-inner\"  >\n\t\t\t\n\t\t\t\n\n\n\t<section class=\"section\" id=\"section_1304828006\">\n\t\t<div class=\"section-bg fill\" >\n\t\t\t\t\t\t\t\t\t\n\t\t\t\n\n\t\t<\/div>\n\n\t\t\n\n\t\t<div class=\"section-content relative\">\n\t\t\t\n\n<div class=\"row align-center\"  id=\"row-101206080\">\n\n\n\t<div id=\"col-1389819935\" class=\"col medium-10 small-12 large-9\"  >\n\t\t\t\t<div class=\"col-inner text-center\"  >\n\t\t\t\n\t\t\t\n\n\t<div id=\"gap-1161194839\" class=\"gap-element clearfix\" style=\"display:block; height:auto;\">\n\t\t\n<style>\n#gap-1161194839 {\n  padding-top: 40px;\n}\n<\/style>\n\t<\/div>\n\t\n\n\t<div id=\"text-877593066\" class=\"text\">\n\t\t\n\n<h2 style=\"text-align: left;\"><strong>Con\u00e7u pour la stabilit\u00e9 et la solidit\u00e9<\/strong><\/h2>\n\t\t\n<style>\n#text-877593066 {\n  font-size: 1.5rem;\n}\n<\/style>\n\t<\/div>\n\t\n<p style=\"text-align: left;\">Une cabane n'est pas comme une maison ordinaire - elle doit tenir en \u00e9quilibre sur les arbres, s'adapter aux changements de poids et survivre au vent, aux intemp\u00e9ries et aux mouvements. C'est pourquoi nous prenons l'ing\u00e9nierie au s\u00e9rieux, en veillant \u00e0 ce que chaque conception tienne compte de.. :<\/p>\n<ul>\n<li style=\"text-align: left;\"><strong>Une bonne r\u00e9partition du poids<\/strong> - Le b\u00e2timent reste donc \u00e9quilibr\u00e9 et s\u00fbr.<\/li>\n<li style=\"text-align: left;\"><strong>R\u00e9sistance au vent et aux intemp\u00e9ries<\/strong> - Pour garantir une durabilit\u00e9 \u00e0 long terme contre les<\/li>\n<li style=\"text-align: left;\"><strong>\u00c9l\u00e9ments.Capacit\u00e9 de charge s\u00fbre<\/strong> - S'assurer que la cabane peut accueillir plusieurs personnes, des meubles et tout autre \u00e9l\u00e9ment suppl\u00e9mentaire.<\/li>\n<li style=\"text-align: left;\"><strong>Techniques de fixation respectueuses des arbres<\/strong> - Prot\u00e9ger la sant\u00e9 de vos arbres tout en assurant une base solide.<\/li>\n<\/ul>\n<p style=\"text-align: left;\">Nous voulons \u00e9liminer toute incertitude afin que vous puissiez construire avec l'assurance que votre cabane n'est pas seulement belle, mais aussi s\u00fbre, durable et bien construite.<\/p>\n<a href=\"https:\/\/treelofts.com\/fr\/nous-contacter\/\" class=\"button secondary\"  style=\"border-radius:99px;padding:5px 20px 5px 20px;\">\n\t\t<span>Contactez nous<\/span>\n\t<\/a>\n\n\n\n\t\t<\/div>\n\t\t\t\t\t<\/div>\n\n\t\n\n<\/div>\n\n\t\t<\/div>\n\n\t\t\n<style>\n#section_1304828006 {\n  padding-top: 0px;\n  padding-bottom: 0px;\n  min-height: 300px;\n}\n@media (min-width:550px) {\n  #section_1304828006 {\n    min-height: 350px;\n  }\n}\n@media (min-width:850px) {\n  #section_1304828006 {\n    min-height: 425px;\n  }\n}\n<\/style>\n\t<\/section>\n\t\n\n\t\t<\/div>\n\t\t\t\t\t<\/div>\n\n\t\n\n<\/div>\n<div class=\"row row-collapse row-full-width\"  id=\"row-1574736608\">\n\n\n\t<div id=\"col-1385142393\" class=\"col medium-6 small-12 large-6\"  >\n\t\t\t\t<div class=\"col-inner\"  >\n\t\t\t\n\t\t\t\n\n\n\t<section class=\"section\" id=\"section_154828021\">\n\t\t<div class=\"section-bg fill\" >\n\t\t\t\t\t\t\t\t\t\n\t\t\t\n\n\t\t<\/div>\n\n\t\t\n\n\t\t<div class=\"section-content relative\">\n\t\t\t\n\n<div class=\"row align-center\"  id=\"row-1669593653\">\n\n\n\t<div id=\"col-137935473\" class=\"col medium-11 small-12 large-9\"  >\n\t\t\t\t<div class=\"col-inner text-center\"  >\n\t\t\t\n\t\t\t\n\n\t<div id=\"gap-280247229\" class=\"gap-element clearfix\" style=\"display:block; height:auto;\">\n\t\t\n<style>\n#gap-280247229 {\n  padding-top: 40px;\n}\n<\/style>\n\t<\/div>\n\t\n\n\t<div id=\"text-2703019329\" class=\"text\">\n\t\t\n\n<h2 style=\"text-align: left;\"><strong>Des plans professionnels qui facilitent la construction<\/strong><\/h2>\n\t\t\n<style>\n#text-2703019329 {\n  font-size: 1.5rem;\n}\n<\/style>\n\t<\/div>\n\t\n<p style=\"text-align: left;\">Une excellente conception ne sert \u00e0 rien sans un plan bien d\u00e9fini. Chaque cabane Treelofts comprend donc des plans cr\u00e9\u00e9s par des professionnels, ce qui garantit que votre entrepreneur ou constructeur dispose de tous les outils n\u00e9cessaires pour construire une structure s\u00fbre et bien \u00e9quilibr\u00e9e. Nos conceptions pr\u00e9voient :<\/p>\n<ul>\n<li style=\"text-align: left;\">Des plans d\u00e9taill\u00e9s de l'ossature et des supports pour assurer une stabilit\u00e9 maximale.<\/li>\n<li style=\"text-align: left;\">Recommandations de fixation qui permettent d'ancrer votre cabane en toute s\u00e9curit\u00e9 sans endommager les arbres.<\/li>\n<li style=\"text-align: left;\">Sp\u00e9cifications des mat\u00e9riaux pour vous aider \u00e0 trouver les bons composants pour une construction solide et durable.<\/li>\n<\/ul>\n<p style=\"text-align: left;\">Ces dessins garantissent que celui qui construit votre cabane utilise une approche m\u00e9thodique et technique, m\u00eame si vous n'\u00eates pas vous-m\u00eame constructeur. Cela permet de clarifier et de contr\u00f4ler le processus.<\/p>\n<a href=\"https:\/\/treelofts.com\/fr\/nous-contacter\/\" class=\"button secondary\"  style=\"border-radius:99px;padding:5px 20px 5px 20px;\">\n\t\t<span>Contactez nous<\/span>\n\t<\/a>\n\n\n\n\t\t<\/div>\n\t\t\t\t\t<\/div>\n\n\t\n\n<\/div>\n\n\t\t<\/div>\n\n\t\t\n<style>\n#section_154828021 {\n  padding-top: 0px;\n  padding-bottom: 0px;\n  min-height: 300px;\n}\n@media (min-width:550px) {\n  #section_154828021 {\n    min-height: 350px;\n  }\n}\n@media (min-width:850px) {\n  #section_154828021 {\n    min-height: 425px;\n  }\n}\n<\/style>\n\t<\/section>\n\t\n\n\t\t<\/div>\n\t\t\t\t\t<\/div>\n\n\t\n\n\t<div id=\"col-914518371\" class=\"col medium-6 small-12 large-6 small-col-first\"  >\n\t\t\t\t<div class=\"col-inner\"  >\n\t\t\t\n\t\t\t\n\n\n  <div class=\"banner has-hover\" id=\"banner-989524586\">\n          <div class=\"banner-inner fill\">\n        <div class=\"banner-bg fill\" >\n            <img decoding=\"async\" width=\"603\" height=\"800\" src=\"https:\/\/treelofts.com\/wp-content\/uploads\/2025\/02\/Treehouse-construction-2-603x800.webp\" class=\"bg attachment-large size-large\" alt=\"\" title=\"\">                                    \n                    <\/div>\n\t\t\n        <div class=\"banner-layers container\">\n            <div class=\"fill banner-link\"><\/div>            \n\n   <div id=\"text-box-1200808329\" class=\"text-box banner-layer x50 md-x50 lg-x50 y50 md-y50 lg-y50 res-text\">\n                                <div class=\"text-box-content text dark\">\n              \n              <div class=\"text-inner text-center\">\n                  \n\n\n              <\/div>\n           <\/div>\n                            \n<style>\n#text-box-1200808329 {\n  width: 60%;\n}\n#text-box-1200808329 .text-box-content {\n  font-size: 100%;\n}\n<\/style>\n    <\/div>\n \n\n        <\/div>\n      <\/div>\n\n            \n<style>\n#banner-989524586 {\n  padding-top: 300px;\n  background-color: rgba(255, 255, 255, 0);\n}\n#banner-989524586 .banner-bg img {\n  object-position: 57% 69%;\n}\n@media (min-width:550px) {\n  #banner-989524586 {\n    padding-top: 350px;\n  }\n}\n@media (min-width:850px) {\n  #banner-989524586 {\n    padding-top: 691px;\n  }\n}\n<\/style>\n  <\/div>\n\n\n\n\t\t<\/div>\n\t\t\t\t\t<\/div>\n\n\t\n\n<\/div>\n<div class=\"row row-collapse row-full-width\"  id=\"row-101425495\">\n\n\n\t<div id=\"col-1897976400\" class=\"col medium-6 small-12 large-6\"  >\n\t\t\t\t<div class=\"col-inner\"  >\n\t\t\t\n\t\t\t\n\n\n  <div class=\"banner has-hover\" id=\"banner-1997461726\">\n          <div class=\"banner-inner fill\">\n        <div class=\"banner-bg fill\" >\n            <img decoding=\"async\" width=\"603\" height=\"800\" src=\"https:\/\/treelofts.com\/wp-content\/uploads\/2025\/02\/Why-Enchanted-Treehouses-Are-the-Hottest-Backyard-Trend-of-2024-4-603x800.webp\" class=\"bg attachment-large size-large\" alt=\"\" title=\"\">                                    \n                    <\/div>\n\t\t\n        <div class=\"banner-layers container\">\n            <div class=\"fill banner-link\"><\/div>            \n\n   <div id=\"text-box-1784729366\" class=\"text-box banner-layer x50 md-x50 lg-x50 y50 md-y50 lg-y50 res-text\">\n                                <div class=\"text-box-content text dark\">\n              \n              <div class=\"text-inner text-center\">\n                  \n\n\n              <\/div>\n           <\/div>\n                            \n<style>\n#text-box-1784729366 {\n  width: 60%;\n}\n#text-box-1784729366 .text-box-content {\n  font-size: 100%;\n}\n<\/style>\n    <\/div>\n \n\n        <\/div>\n      <\/div>\n\n            \n<style>\n#banner-1997461726 {\n  padding-top: 300px;\n  background-color: rgba(255, 255, 255, 0);\n}\n#banner-1997461726 .banner-bg img {\n  object-position: 51% 55%;\n}\n@media (min-width:550px) {\n  #banner-1997461726 {\n    padding-top: 350px;\n  }\n}\n@media (min-width:850px) {\n  #banner-1997461726 {\n    padding-top: 613px;\n  }\n}\n<\/style>\n  <\/div>\n\n\n\n\t\t<\/div>\n\t\t\t\t\t<\/div>\n\n\t\n\n\t<div id=\"col-1321800156\" class=\"col medium-6 small-12 large-6\"  >\n\t\t\t\t<div class=\"col-inner\"  >\n\t\t\t\n\t\t\t\n\n\n\t<section class=\"section\" id=\"section_2211075\">\n\t\t<div class=\"section-bg fill\" >\n\t\t\t\t\t\t\t\t\t\n\t\t\t\n\n\t\t<\/div>\n\n\t\t\n\n\t\t<div class=\"section-content relative\">\n\t\t\t\n\n<div class=\"row align-center\"  id=\"row-2098895964\">\n\n\n\t<div id=\"col-1258492023\" class=\"col medium-10 small-12 large-9\"  >\n\t\t\t\t<div class=\"col-inner text-center\"  >\n\t\t\t\n\t\t\t\n\n\t<div id=\"gap-110132953\" class=\"gap-element clearfix\" style=\"display:block; height:auto;\">\n\t\t\n<style>\n#gap-110132953 {\n  padding-top: 40px;\n}\n<\/style>\n\t<\/div>\n\t\n\n\t<div id=\"text-3462623401\" class=\"text\">\n\t\t\n\n<h2 style=\"text-align: left;\"><strong>Des solutions personnalis\u00e9es pour tous les paysages<\/strong><\/h2>\n\t\t\n<style>\n#text-3462623401 {\n  font-size: 1.5rem;\n}\n<\/style>\n\t<\/div>\n\t\n<p style=\"text-align: left;\">Ce n'est pas grave, car chaque site pour une cabane est unique. Nos conceptions offrent des solutions d'ing\u00e9nierie adaptables \u00e0 diverses terrasses et syst\u00e8mes de soutien, car nous savons que les arbres ont des formes, des tailles et des emplacements vari\u00e9s. Voici quelques-unes de nos am\u00e9liorations techniques :<\/p>\n<ul>\n<li style=\"text-align: left;\"><strong>Mod\u00e8les soutenus par des piliers<\/strong> - Parfait pour les zones avec un terrain irr\u00e9gulier ou un support d'arbre limit\u00e9.<\/li>\n<li style=\"text-align: left;\"><strong>Ancrage multi-arbres<\/strong> - R\u00e9partir la charge sur plusieurs arbres pour plus de stabilit\u00e9.<\/li>\n<li style=\"text-align: left;\"><strong>Structures hybrides<\/strong> - Incorporant \u00e0 la fois des arbres et des supports au sol pour une plus grande solidit\u00e9.<\/li>\n<\/ul>\n<p style=\"text-align: left;\">Si vous \u00eates confront\u00e9 \u00e0 un environnement unique, nos conceptions offrent des conseils professionnels sur la mani\u00e8re de modifier votre construction pour l'adapter \u00e0 votre environnement.<\/p>\n<a href=\"https:\/\/treelofts.com\/fr\/nous-contacter\/\" class=\"button secondary\"  style=\"border-radius:99px;padding:5px 20px 5px 20px;\">\n\t\t<span>Contactez nous<\/span>\n\t<\/a>\n\n\n\n\t\t<\/div>\n\t\t\t\t\t<\/div>\n\n\t\n\n<\/div>\n\n\t\t<\/div>\n\n\t\t\n<style>\n#section_2211075 {\n  padding-top: 0px;\n  padding-bottom: 0px;\n  min-height: 300px;\n}\n@media (min-width:550px) {\n  #section_2211075 {\n    min-height: 350px;\n  }\n}\n@media (min-width:850px) {\n  #section_2211075 {\n    min-height: 425px;\n  }\n}\n<\/style>\n\t<\/section>\n\t\n\n\t\t<\/div>\n\t\t\t\t\t<\/div>\n\n\t\n\n<\/div>\n<div class=\"row\"  id=\"row-1910952182\">\n\n\n\t<div id=\"col-951500194\" class=\"col small-12 large-12\"  >\n\t\t\t\t<div class=\"col-inner text-center\"  >\n\t\t\t\n\t\t\t\n\n\t<div id=\"text-542053384\" class=\"text\">\n\t\t\n\n<h2><strong>Con\u00e7u pour une vie de souvenirs<\/strong><\/h2>\n\t\t\n<style>\n#text-542053384 {\n  font-size: 1.5rem;\n  text-align: center;\n}\n<\/style>\n\t<\/div>\n\t\n<p>Plus qu'un simple b\u00e2timent, une cabane bien construite est un endroit o\u00f9 les familles se r\u00e9unissent, o\u00f9 les aventures se d\u00e9roulent et o\u00f9 la nature impr\u00e8gne votre vie quotidienne. C'est pourquoi nous accordons la priorit\u00e9 \u00e0 l'int\u00e9grit\u00e9 structurelle, \u00e0 la s\u00e9curit\u00e9 et \u00e0 l'utilit\u00e9 dans toutes nos conceptions.<\/p>\n<p>Le choix d'une cabane con\u00e7ue par Treelofts garantit non seulement une collection d'id\u00e9es, mais aussi un plan cr\u00e9\u00e9 par des professionnels pour une cabane qui durera des dizaines d'ann\u00e9es.<\/p>\n<p><strong>Vous \u00eates pr\u00eat \u00e0 vous lancer dans la construction ? Choisissez l'un de nos mod\u00e8les finement con\u00e7us et commencez d\u00e8s maintenant \u00e0 r\u00e9aliser votre cabane fantaisiste !<\/strong><\/p>\n<a href=\"https:\/\/treelofts.com\/fr\/nous-contacter\/\" class=\"button primary is-underline\"  >\n\t\t<span>VOIR NOTRE PORTEFEUILLE DE MAISONS EN BOIS<\/span>\n\t<\/a>\n\n\n\n\t\t<\/div>\n\t\t\t\t\n<style>\n#col-951500194 > .col-inner {\n  padding: 40px 0px 40px 0px;\n}\n@media (min-width:550px) {\n  #col-951500194 > .col-inner {\n    padding: 60px 0px 40px 0px;\n  }\n}\n<\/style>\n\t<\/div>\n\n\t\n\n<\/div>\n\n  <div class=\"banner has-hover\" id=\"banner-321175721\">\n          <div class=\"banner-inner fill\">\n        <div class=\"banner-bg fill\" >\n            <img decoding=\"async\" width=\"1024\" height=\"683\" src=\"https:\/\/treelofts.com\/wp-content\/uploads\/2025\/02\/Tree-House-11.jpg\" class=\"bg attachment-original size-original\" alt=\"\" title=\"\">                        <div class=\"overlay\"><\/div>            \n                    <\/div>\n\t\t\n        <div class=\"banner-layers container\">\n            <div class=\"fill banner-link\"><\/div>            \n\n   <div id=\"text-box-1249520698\" class=\"text-box banner-layer x50 md-x50 lg-x50 y50 md-y50 lg-y50 res-text\">\n                                <div class=\"text-box-content text dark\">\n              \n              <div class=\"text-inner text-center\">\n                  \n\n<p>Donnons vie \u00e0 votre vision<\/p>\n<h2><strong>Fabriquer des cabanes de r\u00eave depuis 2013<\/strong><\/h2>\n<a href=\"https:\/\/treelofts.com\/fr\/nous-contacter\/\" class=\"button white is-outline\"  >\n\t\t<span>Commencez votre voyage dans une cabane d\u00e8s aujourd'hui<\/span>\n\t<\/a>\n\n\n\n              <\/div>\n           <\/div>\n                            \n<style>\n#text-box-1249520698 {\n  width: 60%;\n}\n#text-box-1249520698 .text-box-content {\n  font-size: 100%;\n}\n<\/style>\n    <\/div>\n \n\n        <\/div>\n      <\/div>\n\n            \n<style>\n#banner-321175721 {\n  padding-top: 350px;\n}\n#banner-321175721 .overlay {\n  background-color: rgba(0, 0, 0, 0.17);\n}\n#banner-321175721 .banner-bg img {\n  object-position: 56% 64%;\n}\n<\/style>\n  <\/div>\n\n\n<div class=\"woocommerce columns-4\"><\/div>\n\n<div class=\"row\"  id=\"row-296509584\">\n\n\n\n<\/div>","protected":false},"excerpt":{"rendered":"","protected":false},"author":5,"featured_media":0,"parent":0,"menu_order":0,"comment_status":"closed","ping_status":"closed","template":"","meta":{"footnotes":""},"class_list":["post-862","page","type-page","status-publish","hentry"],"_links":{"self":[{"href":"https:\/\/treelofts.com\/fr\/wp-json\/wp\/v2\/pages\/862","targetHints":{"allow":["GET"]}}],"collection":[{"href":"https:\/\/treelofts.com\/fr\/wp-json\/wp\/v2\/pages"}],"about":[{"href":"https:\/\/treelofts.com\/fr\/wp-json\/wp\/v2\/types\/page"}],"author":[{"embeddable":true,"href":"https:\/\/treelofts.com\/fr\/wp-json\/wp\/v2\/users\/5"}],"replies":[{"embeddable":true,"href":"https:\/\/treelofts.com\/fr\/wp-json\/wp\/v2\/comments?post=862"}],"version-history":[{"count":0,"href":"https:\/\/treelofts.com\/fr\/wp-json\/wp\/v2\/pages\/862\/revisions"}],"wp:attachment":[{"href":"https:\/\/treelofts.com\/fr\/wp-json\/wp\/v2\/media?parent=862"}],"curies":[{"name":"wp","href":"https:\/\/api.w.org\/{rel}","templated":true}]}}