{"id":879,"date":"2025-02-10T00:57:37","date_gmt":"2025-02-10T08:57:37","guid":{"rendered":"https:\/\/azh5n13ivf.onrocket.site\/?page_id=879"},"modified":"2025-02-12T23:45:28","modified_gmt":"2025-02-13T07:45:28","slug":"arboriculteur","status":"publish","type":"page","link":"https:\/\/treelofts.com\/fr\/arboriculteur\/","title":{"rendered":"Arboriste"},"content":{"rendered":"<div class=\"banner has-hover\" id=\"banner-384962751\">\n          <div class=\"banner-inner fill\">\n        <div class=\"banner-bg fill\" >\n            <img decoding=\"async\" width=\"1024\" height=\"683\" src=\"https:\/\/treelofts.com\/wp-content\/uploads\/2025\/02\/Cool-Tree-Houses.jpg\" class=\"bg attachment-original size-original\" alt=\"\" title=\"\">                        <div class=\"overlay\"><\/div>            \n                    <\/div>\n\t\t\n        <div class=\"banner-layers container\">\n            <div class=\"fill banner-link\"><\/div>            \n\n   <div id=\"text-box-487252157\" class=\"text-box banner-layer x50 md-x50 lg-x50 y50 md-y50 lg-y50 res-text\">\n                                <div class=\"text-box-content text dark\">\n              \n              <div class=\"text-inner text-center\">\n                  \n\n<h3>Construire avec les arbres, pas seulement dans les arbres<\/h3>\n<h1 class=\"uppercase\"><strong>Arboriste <\/strong><\/h1>\n<p>Nous pensons qu'une cabane doit faire partie de l'environnement lui-m\u00eame, et pas seulement d'une construction dans un arbre. La construction d'une cabane n\u00e9cessite de travailler avec plut\u00f4t que contre une entit\u00e9 vivante et en d\u00e9veloppement. Nos conceptions donnent donc la priorit\u00e9 \u00e0 la sant\u00e9, \u00e0 la stabilit\u00e9 et \u00e0 la durabilit\u00e9 \u00e0 long terme des arbres, afin de s'assurer que votre cabane est solide, s\u00fbre et construite pour durer sans mettre en danger les arbres qui la soutiennent.<\/p>\n<a href=\"https:\/\/treelofts.com\/fr\/nous-contacter\/\" class=\"button primary is-underline\"  >\n\t\t<span>Commencez votre voyage dans une cabane d\u00e8s aujourd'hui<\/span>\n\t<\/a>\n\n\n\n              <\/div>\n           <\/div>\n                            \n<style>\n#text-box-487252157 {\n  width: 82%;\n}\n#text-box-487252157 .text-box-content {\n  font-size: 100%;\n}\n<\/style>\n    <\/div>\n \n\n        <\/div>\n      <\/div>\n\n            \n<style>\n#banner-384962751 {\n  padding-top: 782px;\n}\n#banner-384962751 .overlay {\n  background-color: rgba(0,0,0,.5);\n}\n#banner-384962751 .banner-bg img {\n  object-position: 50% 48%;\n}\n<\/style>\n  <\/div>\n\n\n\n\t<section class=\"section\" id=\"section_1928141535\">\n\t\t<div class=\"section-bg fill\" >\n\t\t\t\t\t\t\t\t\t\n\t\t\t\n\n\t\t<\/div>\n\n\t\t\n\n\t\t<div class=\"section-content relative\">\n\t\t\t\n\n<div class=\"row align-middle\" style=\"max-width:1300px\" id=\"row-1924783239\">\n\n\n\t<div id=\"col-2124559229\" class=\"col medium-11 small-12 large-11\"  data-animate=\"fadeInUp\">\n\t\t\t\t<div class=\"col-inner\"  >\n\t\t\t\n\t\t\t\n\n\t<div id=\"text-4048149018\" class=\"text\">\n\t\t\n\n<h2><strong>Le r\u00f4le d'un arboriste dans la construction d'une maison dans les arbres<\/strong><\/h2>\n\t\t\n<style>\n#text-4048149018 {\n  font-size: 1.5rem;\n}\n<\/style>\n\t<\/div>\n\t\n<p>Beaucoup de gens se demandent s'il faut faire appel \u00e0 un arboriculteur. Bien que cela ne soit pas toujours n\u00e9cessaire, il peut \u00eatre judicieux de faire appel \u00e0 un sp\u00e9cialiste de l'entretien des arbres, en particulier si vous n'\u00eates pas s\u00fbr de l'\u00e9tat de vos arbres ou si vous avez besoin de conseils sur les techniques de fixation. Un arboriste peut vous aider \u00e0 vous assurer que votre cabane n'entrave pas la croissance naturelle et \u00e0 \u00e9valuer la force de l'arbre et les risques \u00e9ventuels. Vous n'aurez peut-\u00eatre pas besoin d'un arboriste si vos arbres sont matures, sains et bien plac\u00e9s ; n\u00e9anmoins, l'assistance d'un professionnel peut vous rassurer si vous pr\u00e9voyez une construction plus importante et plus sophistiqu\u00e9e.<\/p>\n\t<div id=\"gap-1089757163\" class=\"gap-element clearfix\" style=\"display:block; height:auto;\">\n\t\t\n<style>\n#gap-1089757163 {\n  padding-top: 30px;\n}\n<\/style>\n\t<\/div>\n\t\n\n\t<div id=\"text-3741621819\" class=\"text\">\n\t\t\n\n<h2><strong>Dois-je engager un arboriste ?<\/strong><\/h2>\n\t\t\n<style>\n#text-3741621819 {\n  font-size: 1.5rem;\n}\n<\/style>\n\t<\/div>\n\t\n<p>Bien qu'il ne soit pas toujours n\u00e9cessaire, l'emploi d'un arboriculteur peut \u00eatre une d\u00e9pense judicieuse, en particulier si.. :<\/p>\n<ul>\n<li>Vous vous demandez si vos arbres pourraient supporter une cabane.<\/li>\n<li>Vos arbres pr\u00e9sentent des dommages ou des maladies \u00e9vidents ; vous avez besoin d'une \u00e9valuation professionnelle.<\/li>\n<li>Vous voulez une grande cabane ou une cabane sophistiqu\u00e9e o\u00f9 la stabilit\u00e9 de la structure est absolument vitale.<\/li>\n<li>Pour les syst\u00e8mes multi-arbres en particulier, vous voulez garantir la sant\u00e9 des arbres \u00e0 long terme.<\/li>\n<\/ul>\n<p>Si vous d\u00e9cidez de faire appel \u00e0 un arboriculteur, celui-ci pourra vous aider \u00e0 s\u00e9lectionner les arbres, \u00e0 \u00e9valuer les points d'attache et \u00e0 vous donner des conseils pour maintenir vos arbres en bon \u00e9tat pour les ann\u00e9es \u00e0 venir.<\/p>\n\t<div id=\"gap-1751751703\" class=\"gap-element clearfix\" style=\"display:block; height:auto;\">\n\t\t\n<style>\n#gap-1751751703 {\n  padding-top: 30px;\n}\n<\/style>\n\t<\/div>\n\t\n\n<p>M\u00eame sans l'aide d'un arboriculteur, il est essentiel de bien choisir les arbres. Choisir des arbres appropri\u00e9s signifie s\u00e9lectionner des sp\u00e9cimens robustes et matures dot\u00e9s d'un syst\u00e8me racinaire substantiel et conna\u00eetre leurs sch\u00e9mas de croissance pour garantir que votre cabane restera stable pendant de nombreuses ann\u00e9es.\u00a0<\/p>\n\t<div id=\"gap-1557842967\" class=\"gap-element clearfix\" style=\"display:block; height:auto;\">\n\t\t\n<style>\n#gap-1557842967 {\n  padding-top: 30px;\n}\n<\/style>\n\t<\/div>\n\t\n\n\t<div id=\"text-4109899313\" class=\"text\">\n\t\t\n\n<h2 data-start=\"2147\" data-end=\"2201\"><strong data-start=\"2151\" data-end=\"2199\">Consultation sur les arbres - Faire les bons choix<\/strong><\/h2>\n\t\t\n<style>\n#text-4109899313 {\n  font-size: 1.5rem;\n}\n<\/style>\n\t<\/div>\n\t\n<p>Vous devez \u00e9valuer soigneusement vos arbres avant la construction, m\u00eame si vous ne faites pas appel \u00e0 un arboriculteur. Voici quelques points importants \u00e0 prendre en compte :<\/p>\n<ul>\n<li><strong>La force et la sant\u00e9 des arbres<\/strong> - Choisissez des arbres matures et robustes qui peuvent supporter le poids sans pr\u00e9senter de signes de maladie ou de pourriture.<\/li>\n<li><strong>Types d'arbres et mod\u00e8les de croissance<\/strong> - Certains arbres conviennent mieux aux cabanes que d'autres en raison de leur syst\u00e8me racinaire, de la flexibilit\u00e9 de leur tronc et de leur long\u00e9vit\u00e9.<\/li>\n<li><strong>Espacement des arbres et r\u00e9partition des charges<\/strong> - Si vous utilisez plusieurs arbres, veillez \u00e0 ce qu'ils soient positionn\u00e9s correctement pour supporter le poids de la structure.<\/li>\n<\/ul>\n<p>Nos conceptions respectueuses des arbres garantissent que votre cabane est construite de mani\u00e8re responsable et s\u00fbre en incluant des conseils sur la s\u00e9lection des arbres, les techniques de fixation et la planification structurelle.<\/p>\n\t<div id=\"gap-5923714\" class=\"gap-element clearfix\" style=\"display:block; height:auto;\">\n\t\t\n<style>\n#gap-5923714 {\n  padding-top: 30px;\n}\n<\/style>\n\t<\/div>\n\t\n\n\t<div id=\"text-1908052798\" class=\"text\">\n\t\t\n\n<h2 data-start=\"3694\" data-end=\"3735\"><strong data-start=\"3698\" data-end=\"3733\">Construire en harmonie avec la nature<\/strong><\/h2>\n\t\t\n<style>\n#text-1908052798 {\n  font-size: 1.5rem;\n}\n<\/style>\n\t<\/div>\n\t\n<p>Une cabane bien con\u00e7ue doit sembler \u00eatre une extension naturelle de son environnement, s'harmoniser avec les arbres plut\u00f4t que de les endommager. La conception de nos cabanes est donc une priorit\u00e9 absolue :<\/p>\n<ul>\n<li><strong>Impact minimal sur l'environnement<\/strong> garantit que les arbres restent en bonne sant\u00e9 avant, pendant et apr\u00e8s la construction.<\/li>\n<li><strong>techniques de construction durable<\/strong> et le soutien aux produits respectueux de l'environnement.<\/li>\n<li><strong>un m\u00e9lange de pr\u00e9servation et d'aventure<\/strong> afin d'appr\u00e9cier l'environnement sans le mettre en danger.<\/li>\n<\/ul>\n<p>En suivant nos plans professionnels et, si n\u00e9cessaire, en faisant appel \u00e0 un consultant en arboriculture ou \u00e0 un arboriste, vous pourrez cr\u00e9er une cabane s\u00fbre et respectueuse des arbres pour de nombreuses ann\u00e9es.<\/p>\n<p><strong>Commencez d\u00e8s maintenant votre aventure avec Treelofts ; d\u00e9couvrez nos conceptions professionnelles et cr\u00e9ez une cabane dans les arbres qui fait honneur \u00e0 l'environnement !<\/strong><\/p>\n\n\t\t<\/div>\n\t\t\t\t\n<style>\n#col-2124559229 > .col-inner {\n  padding: 0px 0 0px 0px;\n}\n@media (min-width:550px) {\n  #col-2124559229 > .col-inner {\n    padding: 0px 70px 0px 0px;\n  }\n}\n<\/style>\n\t<\/div>\n\n\t\n\n\t<div id=\"col-1209976916\" class=\"col medium-12 small-12 large-1 medium-col-first\"  >\n\t\t\t\t<div class=\"col-inner\"  >\n\t\t\t\n\t\t\t\n\n\t\n  \n    <div class=\"row large-columns-2 medium-columns-2 small-columns-1 row-small slider row-slider slider-nav-simple slider-nav-push\"  data-flickity-options='{&quot;imagesLoaded&quot;: true, &quot;groupCells&quot;: &quot;100%&quot;, &quot;dragThreshold&quot; : 5, &quot;cellAlign&quot;: &quot;left&quot;,&quot;wrapAround&quot;: true,&quot;prevNextButtons&quot;: true,&quot;percentPosition&quot;: true,&quot;pageDots&quot;: false, &quot;rightToLeft&quot;: false, &quot;autoPlay&quot; : 4000}' >\n\n  <\/div>\n\n\n\t\t<\/div>\n\t\t\t\t\t<\/div>\n\n\t\n\n<\/div>\n\n\t\t<\/div>\n\n\t\t\n<style>\n#section_1928141535 {\n  padding-top: 60px;\n  padding-bottom: 60px;\n}\n<\/style>\n\t<\/section>\n\t\n\n  <div class=\"banner has-hover\" id=\"banner-402137592\">\n          <div class=\"banner-inner fill\">\n        <div class=\"banner-bg fill\" >\n            <img decoding=\"async\" width=\"1020\" height=\"680\" src=\"https:\/\/treelofts.com\/wp-content\/uploads\/2025\/02\/Tree-House-9.jpg\" class=\"bg attachment-large size-large\" alt=\"\" title=\"\">                        <div class=\"overlay\"><\/div>            \n                    <\/div>\n\t\t\n        <div class=\"banner-layers container\">\n            <div class=\"fill banner-link\"><\/div>            \n\n   <div id=\"text-box-1993049536\" class=\"text-box banner-layer x50 md-x50 lg-x50 y50 md-y50 lg-y50 res-text\">\n                                <div class=\"text-box-content text dark\">\n              \n              <div class=\"text-inner text-center\">\n                  \n\n<p>Donnons vie \u00e0 votre vision<\/p>\n<h2><strong>Fabriquer des cabanes de r\u00eave depuis 2013<\/strong><\/h2>\n<a href=\"https:\/\/treelofts.com\/fr\/nous-contacter\/\" class=\"button white is-outline\"  >\n\t\t<span>Commencez votre voyage dans une cabane d\u00e8s aujourd'hui<\/span>\n\t<\/a>\n\n\n\n              <\/div>\n           <\/div>\n                            \n<style>\n#text-box-1993049536 {\n  width: 60%;\n}\n#text-box-1993049536 .text-box-content {\n  font-size: 100%;\n}\n<\/style>\n    <\/div>\n \n\n        <\/div>\n      <\/div>\n\n            \n<style>\n#banner-402137592 {\n  padding-top: 350px;\n}\n#banner-402137592 .overlay {\n  background-color: rgba(0, 0, 0, 0.17);\n}\n#banner-402137592 .banner-bg img {\n  object-position: 50% 21%;\n}\n<\/style>\n  <\/div>\n\n\n<div class=\"woocommerce columns-4\"><\/div>\n\n<div class=\"row\"  id=\"row-434321328\">\n\n\n\n<\/div>","protected":false},"excerpt":{"rendered":"","protected":false},"author":5,"featured_media":0,"parent":0,"menu_order":0,"comment_status":"closed","ping_status":"closed","template":"","meta":{"footnotes":""},"class_list":["post-879","page","type-page","status-publish","hentry"],"_links":{"self":[{"href":"https:\/\/treelofts.com\/fr\/wp-json\/wp\/v2\/pages\/879","targetHints":{"allow":["GET"]}}],"collection":[{"href":"https:\/\/treelofts.com\/fr\/wp-json\/wp\/v2\/pages"}],"about":[{"href":"https:\/\/treelofts.com\/fr\/wp-json\/wp\/v2\/types\/page"}],"author":[{"embeddable":true,"href":"https:\/\/treelofts.com\/fr\/wp-json\/wp\/v2\/users\/5"}],"replies":[{"embeddable":true,"href":"https:\/\/treelofts.com\/fr\/wp-json\/wp\/v2\/comments?post=879"}],"version-history":[{"count":0,"href":"https:\/\/treelofts.com\/fr\/wp-json\/wp\/v2\/pages\/879\/revisions"}],"wp:attachment":[{"href":"https:\/\/treelofts.com\/fr\/wp-json\/wp\/v2\/media?parent=879"}],"curies":[{"name":"wp","href":"https:\/\/api.w.org\/{rel}","templated":true}]}}