{"id":895,"date":"2025-02-10T17:59:15","date_gmt":"2025-02-11T01:59:15","guid":{"rendered":"https:\/\/azh5n13ivf.onrocket.site\/?page_id=895"},"modified":"2025-02-12T23:49:51","modified_gmt":"2025-02-13T07:49:51","slug":"permis-de-construire","status":"publish","type":"page","link":"https:\/\/treelofts.com\/fr\/permis-de-construire\/","title":{"rendered":"Permis de construire"},"content":{"rendered":"<div class=\"banner has-hover\" id=\"banner-63576616\">\n          <div class=\"banner-inner fill\">\n        <div class=\"banner-bg fill\" >\n            <img decoding=\"async\" width=\"1024\" height=\"1366\" src=\"https:\/\/treelofts.com\/wp-content\/uploads\/2025\/02\/Scandinavian-style-tree-house-2.webp\" class=\"bg attachment-original size-original\" alt=\"\" title=\"\">                        <div class=\"overlay\"><\/div>            \n                    <\/div>\n\t\t\n        <div class=\"banner-layers container\">\n            <div class=\"fill banner-link\"><\/div>            \n\n   <div id=\"text-box-56757159\" class=\"text-box banner-layer x50 md-x50 lg-x50 y50 md-y50 lg-y50 res-text\">\n                                <div class=\"text-box-content text dark\">\n              \n              <div class=\"text-inner text-center\">\n                  \n\n<h3>Ce qu'il faut savoir avant de construire<\/h3>\n<h1 class=\"uppercase\"><strong>Permis de construire<\/strong><\/h1>\n<p>Bien que la construction d'une cabane dans un arbre soit une aventure int\u00e9ressante, vous devez d'abord vous assurer que votre projet n\u00e9cessite un permis de construire. Bien que les cabanes dans les arbres semblent \u00eatre un excellent moyen d'\u00e9chapper \u00e0 la routine quotidienne, les r\u00e8gles locales peuvent toujours s'appliquer et le fait de comprendre les directives \u00e0 l'avance vous aidera \u00e0 \u00e9viter les probl\u00e8mes en cours de route.<\/p>\n<a href=\"https:\/\/treelofts.com\/fr\/nous-contacter\/\" class=\"button primary is-underline\"  >\n\t\t<span>commencez votre voyage dans les arbres d\u00e8s aujourd'hui<\/span>\n\t<\/a>\n\n\n\n              <\/div>\n           <\/div>\n                            \n<style>\n#text-box-56757159 {\n  width: 77%;\n}\n#text-box-56757159 .text-box-content {\n  font-size: 100%;\n}\n<\/style>\n    <\/div>\n \n\n        <\/div>\n      <\/div>\n\n            \n<style>\n#banner-63576616 {\n  padding-top: 691px;\n}\n#banner-63576616 .overlay {\n  background-color: rgba(0,0,0,.5);\n}\n#banner-63576616 .banner-bg img {\n  object-position: 46% 57%;\n}\n@media (min-width:550px) {\n  #banner-63576616 {\n    padding-top: 775px;\n  }\n}\n<\/style>\n  <\/div>\n\n\n\n\t<section class=\"section\" id=\"section_139440031\">\n\t\t<div class=\"section-bg fill\" >\n\t\t\t\t\t\t\t\t\t\n\t\t\t\n\n\t\t<\/div>\n\n\t\t\n\n\t\t<div class=\"section-content relative\">\n\t\t\t\n\n<div class=\"row\"  id=\"row-321253615\">\n\n\n\t<div id=\"col-478795419\" class=\"col medium-11 small-12 large-11\"  >\n\t\t\t\t<div class=\"col-inner\"  >\n\t\t\t\n\t\t\t\n\n\t<div id=\"text-474819652\" class=\"text\">\n\t\t\n\n<h2><strong data-start=\"507\" data-end=\"551\">Avez-vous besoin d'un permis pour votre cabane dans les arbres ?<\/strong><\/h2>\n\t\t\n<style>\n#text-474819652 {\n  font-size: 1.5rem;\n}\n<\/style>\n\t<\/div>\n\t\n<p>La r\u00e9ponse est br\u00e8ve : c'est votre lieu d'implantation et ce que vous cr\u00e9ez qui d\u00e9terminent cette question. Chaque ville ou comt\u00e9 a ses propres r\u00e8gles de construction et ses propres politiques de zonage. Si certaines localit\u00e9s autorisent la construction de cabanes dans les arbres, en particulier si elles sont modestes et utilis\u00e9es comme structures de jeu, d'autres peuvent avoir besoin d'une autorisation si la conception est plus grande, plus compliqu\u00e9e, ou si elle comprend de la plomberie, de l'\u00e9lectricit\u00e9 ou une construction \u00e0 plusieurs niveaux.<\/p>\n<p>La n\u00e9cessit\u00e9 d'une autorisation d\u00e9pend des \u00e9l\u00e9ments suivants<\/p>\n<ul>\n<li><strong>La hauteur et la taille de la cabane<\/strong> - Les structures plus hautes et plus grandes sont plus susceptibles de n\u00e9cessiter une autorisation.<\/li>\n<li><strong>L'emplacement sur votre propri\u00e9t\u00e9<\/strong> - Certaines r\u00e9gions ont des exigences en mati\u00e8re de recul qui limitent la distance \u00e0 laquelle vous pouvez construire par rapport aux limites de votre propri\u00e9t\u00e9 ou aux maisons voisines.<\/li>\n<li><strong>Lois sur la protection de l'environnement et des arbres<\/strong> - Certaines r\u00e9gions disposent de r\u00e9glementations visant \u00e0 prot\u00e9ger les arbres et la faune, en particulier dans les zones de conservation.<\/li>\n<li><strong>Exigences en mati\u00e8re de s\u00e9curit\u00e9 structurelle<\/strong> - Certaines autorit\u00e9s locales peuvent exiger la preuve que votre cabane est construite pour r\u00e9sister aux conditions m\u00e9t\u00e9orologiques et supporter le poids en toute s\u00e9curit\u00e9.<\/li>\n<\/ul>\n<p data-start=\"1609\" data-end=\"1745\"><strong>Le meilleur moyen de le savoir ? Contactez votre service local de la construction ou votre bureau de zonage et renseignez-vous sur les r\u00e9glementations sp\u00e9cifiques \u00e0 votre r\u00e9gion.<\/strong><\/p>\n\t<div id=\"gap-30065889\" class=\"gap-element clearfix\" style=\"display:block; height:auto;\">\n\t\t\n<style>\n#gap-30065889 {\n  padding-top: 30px;\n}\n<\/style>\n\t<\/div>\n\t\n\n\t<div id=\"text-667655099\" class=\"text\">\n\t\t\n\n<h2 data-start=\"1752\" data-end=\"1798\"><strong data-start=\"1756\" data-end=\"1796\">Comment Treelofts contribue au processus<\/strong><\/h2>\n\t\t\n<style>\n#text-667655099 {\n  font-size: 1.5rem;\n}\n<\/style>\n\t<\/div>\n\t\n<p>Chez Treelofts, nous proposons des conceptions de cabanes dans les arbres cr\u00e9\u00e9es par des professionnels et solides sur le plan structurel, afin de simplifier le processus d'obtention du permis. Bien que nous ne nous occupions pas personnellement des demandes de permis, nous pouvons montrer aux autorit\u00e9s locales nos plans de construction d\u00e9taill\u00e9s et nos conceptions orient\u00e9es vers l'ing\u00e9nierie afin de d\u00e9montrer que votre cabane r\u00e9pond aux crit\u00e8res structurels et de s\u00e9curit\u00e9.<\/p>\n<p>Si vous devez obtenir un permis dans votre r\u00e9gion, une strat\u00e9gie bien document\u00e9e augmentera consid\u00e9rablement vos chances d'approbation. Le fait de voir des calculs de charge d\u00e9taill\u00e9s, des plans de r\u00e9partition du poids et des d\u00e9tails de construction professionnels - ce que nos conceptions offrent - est appr\u00e9ci\u00e9 par de nombreux services de construction.<\/p>\n\t<div id=\"gap-2064425443\" class=\"gap-element clearfix\" style=\"display:block; height:auto;\">\n\t\t\n<style>\n#gap-2064425443 {\n  padding-top: 30px;\n}\n<\/style>\n\t<\/div>\n\t\n\n\t<div id=\"text-481771797\" class=\"text\">\n\t\t\n\n<h2 data-start=\"2480\" data-end=\"2522\"><strong data-start=\"2484\" data-end=\"2520\">Que se passe-t-il si un permis n'est pas n\u00e9cessaire ?<\/strong><\/h2>\n\t\t\n<style>\n#text-481771797 {\n  font-size: 1.5rem;\n}\n<\/style>\n\t<\/div>\n\t\n<p>C'est fantastique si les r\u00e8gles municipales autorisent l'existence de cabanes dans les arbres sans licence ! Vous pouvez commencer votre projet sans documentation suppl\u00e9mentaire. Toutefois, il est judicieux d'informer les voisins de vos intentions, en particulier si votre cabane peut \u00eatre vue de leur terrain. Le maintien de canaux de contact ouverts garantit un processus de construction sans heurts et permet d'\u00e9viter d'\u00e9ventuels conflits.<\/p>\n\t<div id=\"gap-1725788060\" class=\"gap-element clearfix\" style=\"display:block; height:auto;\">\n\t\t\n<style>\n#gap-1725788060 {\n  padding-top: 30px;\n}\n<\/style>\n\t<\/div>\n\t\n\n\t<div id=\"text-1126823939\" class=\"text\">\n\t\t\n\n<h2 data-start=\"2925\" data-end=\"2971\"><strong data-start=\"2929\" data-end=\"2969\">Planifier \u00e0 l'avance et construire en toute confiance<\/strong><\/h2>\n\t\t\n<style>\n#text-1126823939 {\n  font-size: 1.5rem;\n}\n<\/style>\n\t<\/div>\n\t\n<p>Prendre le temps d'examiner les exigences en mati\u00e8re de permis avant de commencer la construction vous aidera \u00e0 \u00e9viter des difficult\u00e9s impr\u00e9vues par la suite. Construire une cabane correctement et en toute s\u00e9curit\u00e9 est essentiel pour produire une construction qui durera des ann\u00e9es, m\u00eame si un permis n'est pas n\u00e9cessaire.<\/p>\n<p>Qu'il s'agisse d'une simple cachette dans le jardin ou d'une escapade complexe au sommet d'un arbre, les conceptions bien \u00e9labor\u00e9es de Treelofts vous inspireront pour cr\u00e9er une cabane solide, s\u00fbre et conforme aux r\u00e9glementations en vigueur.<\/p>\n<div class=\"flex max-w-full flex-col flex-grow\">\n<div class=\"min-h-8 text-message flex w-full flex-col items-end gap-2 whitespace-normal break-words text-start &#091;.text-message+&amp;&#093;:mt-5\" dir=\"auto\" data-message-author-role=\"assistant\" data-message-id=\"ecfe4b56-d246-4f87-b9d1-d507a343ad20\" data-message-model-slug=\"gpt-4o\">\n<div class=\"flex w-full flex-col gap-1 empty:hidden first:pt-&#091;3px&#093;\">\n<div class=\"markdown prose w-full break-words dark:prose-invert light\">\n<p data-start=\"3460\" data-end=\"3566\" data-is-last-node=\"\"><strong data-start=\"3460\" data-end=\"3566\" data-is-last-node=\"\">Explorez nos mod\u00e8les d\u00e8s aujourd'hui et commencez votre voyage dans l'arbre de la bonne fa\u00e7on - bien pr\u00e9par\u00e9 et sans souci !<\/strong><\/p>\n<\/div>\n<\/div>\n<\/div>\n<\/div>\n\n\t\t<\/div>\n\t\t\t\t\t<\/div>\n\n\t\n\n<\/div>\n\n\t\t<\/div>\n\n\t\t\n<style>\n#section_139440031 {\n  padding-top: 60px;\n  padding-bottom: 60px;\n}\n<\/style>\n\t<\/section>\n\t\n\n  <div class=\"banner has-hover\" id=\"banner-1082738365\">\n          <div class=\"banner-inner fill\">\n        <div class=\"banner-bg fill\" >\n            <img decoding=\"async\" width=\"683\" height=\"1024\" src=\"https:\/\/treelofts.com\/wp-content\/uploads\/2025\/02\/How-to-Build-a-Modern-Tree-House-Step-by-Step-Compliance-with-2024-Building-Codes-2.jpg\" class=\"bg attachment-original size-original\" alt=\"\" title=\"\">                        <div class=\"overlay\"><\/div>            \n                    <\/div>\n\t\t\n        <div class=\"banner-layers container\">\n            <div class=\"fill banner-link\"><\/div>            \n\n   <div id=\"text-box-530025019\" class=\"text-box banner-layer x50 md-x50 lg-x50 y50 md-y50 lg-y50 res-text\">\n                                <div class=\"text-box-content text dark\">\n              \n              <div class=\"text-inner text-center\">\n                  \n\n<p>Donnons vie \u00e0 votre vision<\/p>\n<h2><strong>Fabriquer des cabanes de r\u00eave depuis 2013<\/strong><\/h2>\n<a href=\"https:\/\/treelofts.com\/fr\/nous-contacter\/\" class=\"button white is-outline\"  >\n\t\t<span>commencez votre voyage dans les arbres d\u00e8s aujourd'hui<\/span>\n\t<\/a>\n\n\n\n              <\/div>\n           <\/div>\n                            \n<style>\n#text-box-530025019 {\n  width: 60%;\n}\n#text-box-530025019 .text-box-content {\n  font-size: 100%;\n}\n<\/style>\n    <\/div>\n \n\n        <\/div>\n      <\/div>\n\n            \n<style>\n#banner-1082738365 {\n  padding-top: 350px;\n}\n#banner-1082738365 .overlay {\n  background-color: rgba(0, 0, 0, 0.17);\n}\n#banner-1082738365 .banner-bg img {\n  object-position: 57% 59%;\n}\n<\/style>\n  <\/div>\n\n\n<div class=\"woocommerce columns-4\"><\/div>\n\n<div class=\"row\"  id=\"row-988570273\">\n\n\n\n<\/div>","protected":false},"excerpt":{"rendered":"","protected":false},"author":5,"featured_media":0,"parent":0,"menu_order":0,"comment_status":"closed","ping_status":"closed","template":"","meta":{"footnotes":""},"class_list":["post-895","page","type-page","status-publish","hentry"],"_links":{"self":[{"href":"https:\/\/treelofts.com\/fr\/wp-json\/wp\/v2\/pages\/895","targetHints":{"allow":["GET"]}}],"collection":[{"href":"https:\/\/treelofts.com\/fr\/wp-json\/wp\/v2\/pages"}],"about":[{"href":"https:\/\/treelofts.com\/fr\/wp-json\/wp\/v2\/types\/page"}],"author":[{"embeddable":true,"href":"https:\/\/treelofts.com\/fr\/wp-json\/wp\/v2\/users\/5"}],"replies":[{"embeddable":true,"href":"https:\/\/treelofts.com\/fr\/wp-json\/wp\/v2\/comments?post=895"}],"version-history":[{"count":0,"href":"https:\/\/treelofts.com\/fr\/wp-json\/wp\/v2\/pages\/895\/revisions"}],"wp:attachment":[{"href":"https:\/\/treelofts.com\/fr\/wp-json\/wp\/v2\/media?parent=895"}],"curies":[{"name":"wp","href":"https:\/\/api.w.org\/{rel}","templated":true}]}}