{"id":907,"date":"2025-02-10T18:15:16","date_gmt":"2025-02-11T02:15:16","guid":{"rendered":"https:\/\/azh5n13ivf.onrocket.site\/?page_id=907"},"modified":"2025-02-12T23:47:55","modified_gmt":"2025-02-13T07:47:55","slug":"construction","status":"publish","type":"page","link":"https:\/\/treelofts.com\/fr\/construction\/","title":{"rendered":"La construction"},"content":{"rendered":"<div class=\"banner has-hover\" id=\"banner-500502422\">\n          <div class=\"banner-inner fill\">\n        <div class=\"banner-bg fill\" >\n            <img decoding=\"async\" width=\"906\" height=\"1207\" src=\"https:\/\/treelofts.com\/wp-content\/uploads\/2025\/02\/Dream-Treehouse-5.webp\" class=\"bg attachment-original size-original\" alt=\"Pourquoi les cabanes de luxe dans les arbres sont-elles la nouvelle tendance en mati\u00e8re de voyage ?\" title=\"\">                        <div class=\"overlay\"><\/div>            \n                    <\/div>\n\t\t\n        <div class=\"banner-layers container\">\n            <div class=\"fill banner-link\"><\/div>            \n\n   <div id=\"text-box-432586169\" class=\"text-box banner-layer x50 md-x50 lg-x50 y50 md-y50 lg-y50 res-text\">\n                                <div class=\"text-box-content text dark\">\n              \n              <div class=\"text-inner text-center\">\n                  \n\n<h3>Construisez votre r\u00eave au milieu des arbres<\/h3>\n<h1 class=\"page-title\"><strong>La construction<\/strong><\/h1>\n<p>Une cabane est unique car elle offre une retraite plut\u00f4t qu'un simple b\u00e2timent. La construction de votre propre cabane vous passionne, que ce soit pour vous \u00e9vader dans votre jardin, pour offrir une aire de jeu fantastique \u00e0 vos enfants ou pour vous cacher au sommet d'un arbre. Pour \u00eatre honn\u00eate, la construction d'une cabane n'a rien \u00e0 voir avec celle d'un b\u00e2timent classique. Elle n\u00e9cessite une conception soign\u00e9e, des mat\u00e9riaux appropri\u00e9s et des m\u00e9thodes qui s'adaptent \u00e0 la nature plut\u00f4t que de s'y opposer.<\/p>\n<a href=\"https:\/\/treelofts.com\/fr\/nous-contacter\/\" class=\"button primary is-underline\"  >\n\t\t<span>commencez votre voyage dans les arbres d\u00e8s aujourd'hui<\/span>\n\t<\/a>\n\n\n\n              <\/div>\n           <\/div>\n                            \n<style>\n#text-box-432586169 {\n  width: 82%;\n}\n#text-box-432586169 .text-box-content {\n  font-size: 100%;\n}\n<\/style>\n    <\/div>\n \n\n        <\/div>\n      <\/div>\n\n            \n<style>\n#banner-500502422 {\n  padding-top: 665px;\n}\n#banner-500502422 .overlay {\n  background-color: rgba(0,0,0,.5);\n}\n#banner-500502422 .banner-bg img {\n  object-position: 61% 44%;\n}\n@media (min-width:550px) {\n  #banner-500502422 {\n    padding-top: 789px;\n  }\n}\n<\/style>\n  <\/div>\n\n\n<div class=\"row\"  id=\"row-1892396297\">\n\n\n\t<div id=\"col-1071271361\" class=\"col small-12 large-12\"  >\n\t\t\t\t<div class=\"col-inner\"  >\n\t\t\t\n\t\t\t\n\n\t<div id=\"text-413378832\" class=\"text\">\n\t\t\n\n<h2 data-start=\"826\" data-end=\"880\"><strong data-start=\"830\" data-end=\"878\">Construire pour la force, la stabilit\u00e9 et la s\u00e9curit\u00e9<\/strong><\/h2>\n\t\t\n<style>\n#text-413378832 {\n  font-size: 1.5rem;\n}\n<\/style>\n\t<\/div>\n\t\n<p>Contrairement aux maisons construites sur un sol ferme, les maisons dans les arbres requi\u00e8rent une attention particuli\u00e8re en mati\u00e8re d'ing\u00e9nierie. Les arbres se d\u00e9placent au gr\u00e9 de la brise, leur tronc grandit avec le temps et leur syst\u00e8me racinaire ne doit pas \u00eatre perturb\u00e9. Pour construire une cabane durable et structurellement solide, nos conceptions donnent donc la priorit\u00e9 \u00e0 la r\u00e9partition du poids, \u00e0 des syst\u00e8mes de fixation s\u00fbrs et \u00e0 des proc\u00e9dures de construction respectueuses des arbres.<\/p>\n<p data-start=\"1267\" data-end=\"1298\">Chacun de nos mod\u00e8les comprend<\/p>\n<ul data-start=\"1299\" data-end=\"1677\">\n<li data-start=\"1299\" data-end=\"1400\"><strong data-start=\"1301\" data-end=\"1341\">Plans de construction professionnels<\/strong> - Des conseils \u00e9tape par \u00e9tape pour une construction sans probl\u00e8me.<\/li>\n<li data-start=\"1401\" data-end=\"1487\"><strong data-start=\"1403\" data-end=\"1439\">M\u00e9thodes de fixation respectueuses des arbres<\/strong> - S\u00e9curiser le b\u00e2timent sans endommager les arbres.<\/li>\n<li data-start=\"1488\" data-end=\"1583\"><strong data-start=\"1490\" data-end=\"1522\">Calculs de poids et de charge<\/strong> - L'\u00e9quilibre et la stabilit\u00e9 sont garantis pour une durabilit\u00e9 \u00e0 long terme.<\/li>\n<li data-start=\"1584\" data-end=\"1677\"><strong data-start=\"1586\" data-end=\"1613\">Sp\u00e9cifications des mat\u00e9riaux<\/strong> - Vous aider \u00e0 choisir le bon bois, les bonnes fixations et les bons supports.<\/li>\n<\/ul>\n<p>Ces id\u00e9es bien con\u00e7ues permettent m\u00eame aux nouveaux constructeurs de cabanes de se sentir \u00e0 l'aise pour r\u00e9aliser leur cabane de r\u00eave.<\/p>\n\t<div id=\"gap-1421357667\" class=\"gap-element clearfix\" style=\"display:block; height:auto;\">\n\t\t\n<style>\n#gap-1421357667 {\n  padding-top: 30px;\n}\n<\/style>\n\t<\/div>\n\t\n\n\t<div id=\"text-2086711571\" class=\"text\">\n\t\t\n\n<h2 data-start=\"1820\" data-end=\"1854\"><strong data-start=\"1824\" data-end=\"1852\">Votre maison, \u00e0 votre fa\u00e7on<\/strong><\/h2>\n\t\t\n<style>\n#text-2086711571 {\n  font-size: 1.5rem;\n}\n<\/style>\n\t<\/div>\n\t\n<p>Parmi les questions les plus souvent pos\u00e9es, il y a celle de savoir si je dois faire appel \u00e0 un entrepreneur ou si je dois construire moi-m\u00eame ma cabane : Dois-je faire appel \u00e0 un entrepreneur ou construire moi-m\u00eame la cabane ? Votre exp\u00e9rience, le temps dont vous disposez et le degr\u00e9 de complexit\u00e9 de la conception d\u00e9termineront la r\u00e9ponse.<\/p>\n<p>Certains de nos clients d\u00e9cident de construire leur cabane sur place en suivant nos plans d\u00e9taill\u00e9s et en se procurant leurs propres outils et fournitures. D'autres pr\u00e9f\u00e8rent s'adresser \u00e0 un entrepreneur qui pourra r\u00e9aliser le projet avec pr\u00e9cision. Quelle que soit la voie choisie, nos conceptions professionnelles simplifient et facilitent le processus.<\/p>\n<p>Mark, l'un de nos clients, souhaitait cr\u00e9er une cabane dans les arbres pour son fils Jake, \u00e2g\u00e9 de dix ans. L'id\u00e9e de partir de z\u00e9ro l'a d'abord submerg\u00e9, lui qui n'avait pas d'exp\u00e9rience en mati\u00e8re de construction. Il a choisi l'un de nos mod\u00e8les de cabanes de taille moyenne, puis a utilis\u00e9 nos instructions d\u00e9taill\u00e9es pour terminer la construction sous la direction d'un charpentier proche. Mark nous a racont\u00e9 :<br data-start=\"2803\" data-end=\"2806\" \/><em data-start=\"2806\" data-end=\"3047\">\"Cette cabane s'est av\u00e9r\u00e9e meilleure que je ne l'avais imagin\u00e9e ! Le plan \u00e9tait facile \u00e0 suivre et je me sentais en confiance en sachant que tout \u00e9tait con\u00e7u pour la s\u00e9curit\u00e9. Le meilleur moment ? Voir le visage de Jake s'illuminer lorsqu'il a vu sa nouvelle cachette au sommet de l'arbre !<\/em><\/p>\n<p><strong>nous aimons voir comment nos conceptions aident les gens \u00e0 r\u00e9aliser leurs r\u00eaves de cabanes dans les arbres.<\/strong><\/p>\n\t<div id=\"gap-1627035760\" class=\"gap-element clearfix\" style=\"display:block; height:auto;\">\n\t\t\n<style>\n#gap-1627035760 {\n  padding-top: 30px;\n}\n<\/style>\n\t<\/div>\n\t\n\n\t<div id=\"text-3988655151\" class=\"text\">\n\t\t\n\n\n\t\t\n<style>\n#text-3988655151 {\n  font-size: 1.5rem;\n}\n<\/style>\n\t<\/div>\n\t\n<p>Construire une cabane dans un arbre, c'est cr\u00e9er un lieu d'aventure, de loisirs et de souvenirs pour la vie - et pas seulement poser des clous et du bois. Offrant un havre de paix et de s\u00e9curit\u00e9 en pleine nature, une cabane bien construite doit donner l'impression d'\u00eatre le prolongement naturel des arbres.<\/p>\n<p>Les plans professionnels de Treelofts contiennent tout ce dont vous avez besoin pour cr\u00e9er une cabane solide, bien \u00e9quilibr\u00e9e et \u00e9l\u00e9gamment int\u00e9gr\u00e9e qui durera toute une vie. Qu'il s'agisse d'un simple refuge dans l'arri\u00e8re-cour ou d'une \u00e9vasion \u00e0 plusieurs niveaux dans les arbres, nos plans simplifient le processus de construction et vous placent en bonne position pour r\u00e9ussir.<\/p>\n<p><strong>Consultez d\u00e8s \u00e0 pr\u00e9sent nos mod\u00e8les de cabanes pour vous lancer dans l'aventure de la cabane id\u00e9ale dans la cime des arbres !<\/strong><\/p>\n\n\t\t<\/div>\n\t\t\t\t\t<\/div>\n\n\t\n\n\n<style>\n#row-1892396297 > .col > .col-inner {\n  padding: 50px 0px 50px 0px;\n}\n<\/style>\n<\/div>\n\n  <div class=\"banner has-hover\" id=\"banner-685907622\">\n          <div class=\"banner-inner fill\">\n        <div class=\"banner-bg fill\" >\n            <img decoding=\"async\" width=\"916\" height=\"1221\" src=\"https:\/\/treelofts.com\/wp-content\/uploads\/2025\/02\/Dream-Treehouse-1.jpeg\" class=\"bg attachment-original size-original\" alt=\"\" title=\"\">                        <div class=\"overlay\"><\/div>            \n                    <\/div>\n\t\t\n        <div class=\"banner-layers container\">\n            <div class=\"fill banner-link\"><\/div>            \n\n   <div id=\"text-box-1590348426\" class=\"text-box banner-layer x50 md-x50 lg-x50 y50 md-y50 lg-y50 res-text\">\n                                <div class=\"text-box-content text dark\">\n              \n              <div class=\"text-inner text-center\">\n                  \n\n<p>Donnons vie \u00e0 votre vision<\/p>\n<h2><strong>Fabriquer des cabanes de r\u00eave depuis 2013<\/strong><\/h2>\n<a href=\"https:\/\/treelofts.com\/fr\/nous-contacter\/\" class=\"button white is-outline\"  >\n\t\t<span>commencez votre voyage dans les arbres d\u00e8s aujourd'hui<\/span>\n\t<\/a>\n\n\n\n              <\/div>\n           <\/div>\n                            \n<style>\n#text-box-1590348426 {\n  width: 60%;\n}\n#text-box-1590348426 .text-box-content {\n  font-size: 100%;\n}\n<\/style>\n    <\/div>\n \n\n        <\/div>\n      <\/div>\n\n            \n<style>\n#banner-685907622 {\n  padding-top: 350px;\n}\n#banner-685907622 .overlay {\n  background-color: rgba(0, 0, 0, 0.17);\n}\n#banner-685907622 .banner-bg img {\n  object-position: 65% 22%;\n}\n<\/style>\n  <\/div>\n\n\n<div class=\"woocommerce columns-4\"><\/div>\n\n<div class=\"row\"  id=\"row-772483826\">\n\n\n\n<\/div>","protected":false},"excerpt":{"rendered":"","protected":false},"author":5,"featured_media":0,"parent":0,"menu_order":0,"comment_status":"closed","ping_status":"closed","template":"","meta":{"footnotes":""},"class_list":["post-907","page","type-page","status-publish","hentry"],"_links":{"self":[{"href":"https:\/\/treelofts.com\/fr\/wp-json\/wp\/v2\/pages\/907","targetHints":{"allow":["GET"]}}],"collection":[{"href":"https:\/\/treelofts.com\/fr\/wp-json\/wp\/v2\/pages"}],"about":[{"href":"https:\/\/treelofts.com\/fr\/wp-json\/wp\/v2\/types\/page"}],"author":[{"embeddable":true,"href":"https:\/\/treelofts.com\/fr\/wp-json\/wp\/v2\/users\/5"}],"replies":[{"embeddable":true,"href":"https:\/\/treelofts.com\/fr\/wp-json\/wp\/v2\/comments?post=907"}],"version-history":[{"count":0,"href":"https:\/\/treelofts.com\/fr\/wp-json\/wp\/v2\/pages\/907\/revisions"}],"wp:attachment":[{"href":"https:\/\/treelofts.com\/fr\/wp-json\/wp\/v2\/media?parent=907"}],"curies":[{"name":"wp","href":"https:\/\/api.w.org\/{rel}","templated":true}]}}