{"id":924,"date":"2025-02-10T18:37:52","date_gmt":"2025-02-11T02:37:52","guid":{"rendered":"https:\/\/azh5n13ivf.onrocket.site\/?page_id=924"},"modified":"2025-02-12T23:53:36","modified_gmt":"2025-02-13T07:53:36","slug":"fixations","status":"publish","type":"page","link":"https:\/\/treelofts.com\/fr\/fixations\/","title":{"rendered":"Fixations"},"content":{"rendered":"<div class=\"banner has-hover\" id=\"banner-1204499653\">\n          <div class=\"banner-inner fill\">\n        <div class=\"banner-bg fill\" >\n            <img decoding=\"async\" width=\"899\" height=\"1199\" src=\"https:\/\/treelofts.com\/wp-content\/uploads\/2025\/02\/tree-house-1-1.jpeg\" class=\"bg attachment-original size-original\" alt=\"\" title=\"\">                        <div class=\"overlay\"><\/div>            \n                    <\/div>\n\t\t\n        <div class=\"banner-layers container\">\n            <div class=\"fill banner-link\"><\/div>            \n\n   <div id=\"text-box-139457196\" class=\"text-box banner-layer x50 md-x50 lg-x50 y50 md-y50 lg-y50 res-text\">\n                                <div class=\"text-box-content text dark\">\n              \n              <div class=\"text-inner text-center\">\n                  \n\n<h3>La cl\u00e9 d'une cabane s\u00fbre et solide<\/h3>\n<h1 class=\"uppercase\"><strong>Fixations<\/strong><\/h1>\n<p>Lors de la construction d'une cabane, les gens se concentrent g\u00e9n\u00e9ralement sur la conception, les mat\u00e9riaux et l'emplacement ; cependant, un petit d\u00e9tail - les attaches - est absolument essentiel pour maintenir l'ensemble. Ces petites mais puissantes pi\u00e8ces assurent la solidit\u00e9, la long\u00e9vit\u00e9 et la s\u00e9curit\u00e9 de votre cabane. Les bonnes fixations garantissent que votre construction peut supporter le poids, r\u00e9sister aux conditions environnementales et permettre le d\u00e9placement des arbres sans les endommager.<\/p>\n<a href=\"https:\/\/treelofts.com\/fr\/nous-contacter\/\" class=\"button primary is-underline\"  >\n\t\t<span>commencez votre voyage dans les arbres d\u00e8s aujourd'hui<\/span>\n\t<\/a>\n\n\n\n              <\/div>\n           <\/div>\n                            \n<style>\n#text-box-139457196 {\n  width: 88%;\n}\n#text-box-139457196 .text-box-content {\n  font-size: 100%;\n}\n<\/style>\n    <\/div>\n \n\n        <\/div>\n      <\/div>\n\n            \n<style>\n#banner-1204499653 {\n  padding-top: 682px;\n}\n#banner-1204499653 .overlay {\n  background-color: rgba(0,0,0,.5);\n}\n#banner-1204499653 .banner-bg img {\n  object-position: 59% 47%;\n}\n@media (min-width:550px) {\n  #banner-1204499653 {\n    padding-top: 789px;\n  }\n}\n<\/style>\n  <\/div>\n\n\n<div class=\"row\"  id=\"row-1217024093\">\n\n\n\t<div id=\"col-1497309648\" class=\"col small-12 large-12\"  >\n\t\t\t\t<div class=\"col-inner\"  >\n\t\t\t\n\t\t\t\n\n\t<div id=\"text-1257054914\" class=\"text\">\n\t\t\n\n<h2 data-start=\"885\" data-end=\"941\"><strong data-start=\"889\" data-end=\"939\">L'importance des fixations dans la construction d'une cabane<\/strong><\/h2>\n\t\t\n<style>\n#text-1257054914 {\n  font-size: 1.5rem;\n}\n<\/style>\n\t<\/div>\n\t\n<p>La construction d'une cabane dans un arbre n'est pas comparable \u00e0 celle d'un b\u00e2timent situ\u00e9 sur un terrain plat. Les arbres migrent, se d\u00e9veloppent et s'\u00e9tendent, c'est pourquoi votre cabane doit \u00eatre solidement ancr\u00e9e mais aussi suffisamment adaptable pour permettre les mouvements naturels. L'utilisation de fixations inadapt\u00e9es peut entra\u00eener une instabilit\u00e9 de la structure, des fixations mal fix\u00e9es, voire des dommages \u00e0 l'arbre lui-m\u00eame. Les fixations jouent un r\u00f4le essentiel dans :<\/p>\n<ul data-start=\"1329\" data-end=\"1670\">\n<li data-start=\"1329\" data-end=\"1426\"><strong data-start=\"1331\" data-end=\"1386\">Maintenir la structure solidement attach\u00e9e \u00e0 l'arbre<\/strong> sans per\u00e7age excessif ni dommages.<\/li>\n<li data-start=\"1427\" data-end=\"1510\"><strong data-start=\"1429\" data-end=\"1459\">R\u00e9partir le poids uniform\u00e9ment<\/strong>Les arbres sont donc plus r\u00e9sistants, ce qui r\u00e9duit la pression exerc\u00e9e sur une seule partie de l'arbre.<\/li>\n<li data-start=\"1511\" data-end=\"1587\"><strong data-start=\"1513\" data-end=\"1554\">Permettre la croissance et le mouvement des arbres<\/strong>garantissant ainsi une stabilit\u00e9 \u00e0 long terme.<\/li>\n<li data-start=\"1588\" data-end=\"1670\"><strong data-start=\"1590\" data-end=\"1633\">Pr\u00e9vention de la corrosion et de l'usure au fil du temps<\/strong>surtout dans des conditions ext\u00e9rieures.<\/li>\n<\/ul>\n\t<div id=\"gap-462621246\" class=\"gap-element clearfix\" style=\"display:block; height:auto;\">\n\t\t\n<style>\n#gap-462621246 {\n  padding-top: 30px;\n}\n<\/style>\n\t<\/div>\n\t\n\n\t<div id=\"text-2793845579\" class=\"text\">\n\t\t\n\n<h2 data-start=\"1817\" data-end=\"1874\"><strong data-start=\"1821\" data-end=\"1872\">Choisir les bonnes fixations pour votre cabane dans les arbres<\/strong><\/h2>\n\t\t\n<style>\n#text-2793845579 {\n  font-size: 1.5rem;\n}\n<\/style>\n\t<\/div>\n\t\n<p>Toutes les fixations ne sont pas identiques, c'est pourquoi il est tr\u00e8s important de choisir les bonnes dans la construction d'une cabane. Le type d'attaches que vous utilisez aura une incidence sur l'\u00e9tat de l'arbre au fil du temps et donc sur votre cabane.<\/p>\n<p>Les boulons de fixation pour cabanes (TABS) sont l'un des meilleurs choix pour fixer une cabane. Sp\u00e9cialement con\u00e7us pour la construction de cabanes, ces boulons r\u00e9sistants offrent une grande solidit\u00e9 sans compromettre l'int\u00e9grit\u00e9 de l'arbre. Les TAB permettent \u00e0 l'arbre de cicatriser autour d'eux, offrant ainsi un point de connexion plus s\u00fbr et plus durable que les vis ou les clous ordinaires, qui peuvent infliger de graves blessures \u00e0 l'arbre et l'affaiblir.<\/p>\n<p>Un autre facteur important est la diff\u00e9rence entre les vis et les clous. Bien que beaucoup pensent que les clous sont une solution rapide et simple, ils ne sont pas les meilleurs pour la construction d'une cabane dans un arbre. Au fur et \u00e0 mesure que l'arbre se balance, les clous risquent de se desserrer avec le temps ; ils n'ont pas non plus la m\u00eame force de pr\u00e9hension que les vis. Parce qu'elles restent en place, qu'elles r\u00e9partissent plus efficacement le poids et qu'elles contribuent \u00e0 r\u00e9duire les probl\u00e8mes d'entretien \u00e0 long terme, les tire-fonds de haute qualit\u00e9 ou les vis de construction constituent un choix bien sup\u00e9rieur.<\/p>\n<p>La substance de vos fixations compte \u00e9galement. Votre cabane sera \u00e0 l'ext\u00e9rieur, c'est pourquoi vous devez utiliser des boulons fabriqu\u00e9s dans des mat\u00e9riaux r\u00e9sistants \u00e0 la corrosion comme l'acier inoxydable ou l'acier galvanis\u00e9. Ces mat\u00e9riaux garantissent que vos fixations restent solides et s\u00fbres pendant des ann\u00e9es et aident \u00e0 \u00e9viter la rouille. Des fixations de mauvaise qualit\u00e9 peuvent entra\u00eener une d\u00e9gradation, ce qui affaiblit votre structure au fil du temps.<\/p>\n\t<div id=\"gap-1679574765\" class=\"gap-element clearfix\" style=\"display:block; height:auto;\">\n\t\t\n<style>\n#gap-1679574765 {\n  padding-top: 30px;\n}\n<\/style>\n\t<\/div>\n\t\n\n\t<div id=\"text-3167439870\" class=\"text\">\n\t\t\n\n<h2 data-start=\"3446\" data-end=\"3511\"><strong data-start=\"3450\" data-end=\"3509\">Fixations et mouvement des arbres - Concevoir pour la flexibilit\u00e9<\/strong><\/h2>\n\t\t\n<style>\n#text-3167439870 {\n  font-size: 1.5rem;\n}\n<\/style>\n\t<\/div>\n\t\n<p>Ignorer le mouvement des arbres est l'une des principales erreurs commises lors de la conception d'une cabane. Les cabanes sont attach\u00e9es \u00e0 des arbres vivants, en pleine croissance, qui se balancent au gr\u00e9 du vent, se d\u00e9veloppent avec le temps et se d\u00e9placent quelque peu au fil des saisons, contrairement aux b\u00e2timents conventionnels. Si vos fixations ne sont pas flexibles, votre cabane peut souffrir de fractures de tension, d'une d\u00e9faillance de la fixation, voire de dommages caus\u00e9s par l'arbre lui-m\u00eame.<\/p>\n<p>Une cabane doit \u00eatre s\u00fbre mais pas rigide, d'o\u00f9 l'importance des techniques de fixation flexibles. Nos conceptions garantissent que votre cabane peut se d\u00e9placer organiquement avec les arbres en incluant des supports flottants, des syst\u00e8mes de fixation coulissants et une r\u00e9partition d\u00e9lib\u00e9r\u00e9e de la charge. Ces m\u00e9thodes permettent de r\u00e9duire la charge sur les arbres et la construction, augmentant ainsi la s\u00e9curit\u00e9 et la durabilit\u00e9 de votre cabane pendant toute sa dur\u00e9e de vie.<\/p>\n\t<div id=\"gap-1394338420\" class=\"gap-element clearfix\" style=\"display:block; height:auto;\">\n\t\t\n<style>\n#gap-1394338420 {\n  padding-top: 30px;\n}\n<\/style>\n\t<\/div>\n\t\n\n\t<div id=\"text-1571137986\" class=\"text\">\n\t\t\n\n<h2 data-start=\"5352\" data-end=\"5412\"><strong data-start=\"5356\" data-end=\"5410\">Construire en toute confiance - Choisir les bonnes fixations<\/strong><\/h2>\n\t\t\n<style>\n#text-1571137986 {\n  font-size: 1.5rem;\n}\n<\/style>\n\t<\/div>\n\t\n<p>La solidit\u00e9 d'une cabane est limit\u00e9e par les fixations qui l'assemblent. Votre construction sera s\u00fbre, s\u00e9curis\u00e9e et durable si vous choisissez des mat\u00e9riaux r\u00e9sistants aux intemp\u00e9ries, des boulons et des vis de fixation appropri\u00e9s. Le choix de fixations de qualit\u00e9 sup\u00e9rieure fera toute la diff\u00e9rence dans la stabilit\u00e9, la dur\u00e9e de vie et la s\u00e9curit\u00e9 de votre cabane, que vous la construisiez vous-m\u00eame ou que vous fassiez appel \u00e0 un entrepreneur.<\/p>\n<p>Les conceptions soigneusement \u00e9labor\u00e9es par Treelofts \u00e9liminent les incertitudes li\u00e9es au choix des fixations, en vous offrant des instructions et des recommandations d\u00e9taill\u00e9es pour garantir la construction correcte de votre cabane dans les arbres.<\/p>\n<p><strong>Consultez nos mod\u00e8les d\u00e8s maintenant pour commencer l'aventure de votre cabane dans les arbres en utilisant les meilleurs mat\u00e9riaux pour cette t\u00e2che !<\/strong><\/p>\n\n\t\t<\/div>\n\t\t\t\t\t<\/div>\n\n\t\n\n\n<style>\n#row-1217024093 > .col > .col-inner {\n  padding: 60px 0px 60px 0px;\n}\n<\/style>\n<\/div>\n\n  <div class=\"banner has-hover\" id=\"banner-93881905\">\n          <div class=\"banner-inner fill\">\n        <div class=\"banner-bg fill\" >\n            <img decoding=\"async\" width=\"1024\" height=\"683\" src=\"https:\/\/treelofts.com\/wp-content\/uploads\/2025\/02\/Tree-House-39.jpg\" class=\"bg attachment-original size-original\" alt=\"\" title=\"\">                        <div class=\"overlay\"><\/div>            \n                    <\/div>\n\t\t\n        <div class=\"banner-layers container\">\n            <div class=\"fill banner-link\"><\/div>            \n\n   <div id=\"text-box-1135424270\" class=\"text-box banner-layer x50 md-x50 lg-x50 y50 md-y50 lg-y50 res-text\">\n                                <div class=\"text-box-content text dark\">\n              \n              <div class=\"text-inner text-center\">\n                  \n\n<p>Donnons vie \u00e0 votre vision<\/p>\n<h2><strong>Fabriquer des cabanes de r\u00eave depuis 2013<\/strong><\/h2>\n<a href=\"https:\/\/treelofts.com\/fr\/nous-contacter\/\" class=\"button white is-outline\"  >\n\t\t<span>commencez votre voyage dans les arbres d\u00e8s aujourd'hui<\/span>\n\t<\/a>\n\n\n\n              <\/div>\n           <\/div>\n                            \n<style>\n#text-box-1135424270 {\n  width: 60%;\n}\n#text-box-1135424270 .text-box-content {\n  font-size: 100%;\n}\n<\/style>\n    <\/div>\n \n\n        <\/div>\n      <\/div>\n\n            \n<style>\n#banner-93881905 {\n  padding-top: 350px;\n}\n#banner-93881905 .overlay {\n  background-color: rgba(0, 0, 0, 0.17);\n}\n#banner-93881905 .banner-bg img {\n  object-position: 47% 65%;\n}\n<\/style>\n  <\/div>\n\n\n<div class=\"woocommerce columns-4\"><\/div>\n\n<div class=\"row\"  id=\"row-1982527182\">\n\n\n\n<\/div>","protected":false},"excerpt":{"rendered":"","protected":false},"author":5,"featured_media":0,"parent":0,"menu_order":0,"comment_status":"closed","ping_status":"closed","template":"","meta":{"footnotes":""},"class_list":["post-924","page","type-page","status-publish","hentry"],"_links":{"self":[{"href":"https:\/\/treelofts.com\/fr\/wp-json\/wp\/v2\/pages\/924","targetHints":{"allow":["GET"]}}],"collection":[{"href":"https:\/\/treelofts.com\/fr\/wp-json\/wp\/v2\/pages"}],"about":[{"href":"https:\/\/treelofts.com\/fr\/wp-json\/wp\/v2\/types\/page"}],"author":[{"embeddable":true,"href":"https:\/\/treelofts.com\/fr\/wp-json\/wp\/v2\/users\/5"}],"replies":[{"embeddable":true,"href":"https:\/\/treelofts.com\/fr\/wp-json\/wp\/v2\/comments?post=924"}],"version-history":[{"count":0,"href":"https:\/\/treelofts.com\/fr\/wp-json\/wp\/v2\/pages\/924\/revisions"}],"wp:attachment":[{"href":"https:\/\/treelofts.com\/fr\/wp-json\/wp\/v2\/media?parent=924"}],"curies":[{"name":"wp","href":"https:\/\/api.w.org\/{rel}","templated":true}]}}