{"id":964,"date":"2025-02-10T19:03:58","date_gmt":"2025-02-11T03:03:58","guid":{"rendered":"https:\/\/azh5n13ivf.onrocket.site\/?page_id=964"},"modified":"2025-02-12T23:51:43","modified_gmt":"2025-02-13T07:51:43","slug":"construction-partielle","status":"publish","type":"page","link":"https:\/\/treelofts.com\/fr\/construction-partielle\/","title":{"rendered":"Construction partielle"},"content":{"rendered":"<div class=\"banner has-hover\" id=\"banner-1698263901\">\n          <div class=\"banner-inner fill\">\n        <div class=\"banner-bg fill\" >\n            <img decoding=\"async\" width=\"1024\" height=\"683\" src=\"https:\/\/treelofts.com\/wp-content\/uploads\/2025\/02\/Tree-House-45.jpg\" class=\"bg attachment-original size-original\" alt=\"Comment construire une cabane dans les arbres s\u00fbre, amusante et durable ?\" title=\"\">                        <div class=\"overlay\"><\/div>            \n                    <\/div>\n\t\t\n        <div class=\"banner-layers container\">\n            <div class=\"fill banner-link\"><\/div>            \n\n   <div id=\"text-box-1784762838\" class=\"text-box banner-layer x50 md-x50 lg-x50 y50 md-y50 lg-y50 res-text\">\n                                <div class=\"text-box-content text dark\">\n              \n              <div class=\"text-inner text-center\">\n                  \n\n<h3>Comment construire soi-m\u00eame une cabane dans un arbre<\/h3>\n<h1 class=\"uppercase\"><strong>Construction partielle<\/strong><\/h1>\n<p>Vous avez toujours r\u00eav\u00e9 d'une cabane dans les arbres - votre propre petit havre de paix nich\u00e9 dans les branches, un endroit pour vous d\u00e9tendre, jouer ou m\u00eame travailler. Mais la r\u00e9alit\u00e9 prend le dessus. Comment peut-on vraiment en cr\u00e9er une ? L'un d'entre vous est-il charpentier ? Est-ce que cela va durer \u00e9ternellement ? \u00cates-vous vraiment capable de le faire vous-m\u00eame ?<\/p>\n\n              <\/div>\n           <\/div>\n                            \n<style>\n#text-box-1784762838 {\n  width: 87%;\n}\n#text-box-1784762838 .text-box-content {\n  font-size: 100%;\n}\n<\/style>\n    <\/div>\n \n\n        <\/div>\n      <\/div>\n\n            \n<style>\n#banner-1698263901 {\n  padding-top: 763px;\n}\n#banner-1698263901 .overlay {\n  background-color: rgba(0,0,0,.5);\n}\n#banner-1698263901 .banner-bg img {\n  object-position: 37% 64%;\n}\n@media (min-width:550px) {\n  #banner-1698263901 {\n    padding-top: 800px;\n  }\n}\n<\/style>\n  <\/div>\n\n\n\n\t<section class=\"section\" id=\"section_1501403203\">\n\t\t<div class=\"section-bg fill\" >\n\t\t\t\t\t\t\t\t\t\n\t\t\t\n\n\t\t<\/div>\n\n\t\t\n\n\t\t<div class=\"section-content relative\">\n\t\t\t\n\n<div class=\"row row-collapse align-middle\" style=\"max-width:1300px\" id=\"row-1908500081\">\n\n\n\t<div id=\"col-318364749\" class=\"col small-12 large-12\"  >\n\t\t\t\t<div class=\"col-inner\" style=\"background-color:rgb(246, 246, 246);\" >\n\t\t\t\n\t\t\t\n\n<div class=\"row row-collapse align-middle\" style=\"max-width:1300px\" id=\"row-841918117\">\n\n\n\t<div id=\"col-519759299\" class=\"col medium-12 small-12 large-6\"  >\n\t\t\t\t<div class=\"col-inner\"  >\n\t\t\t\n\t\t\t\n\n\n  <div class=\"banner has-hover\" id=\"banner-732322569\">\n          <div class=\"banner-inner fill\">\n        <div class=\"banner-bg fill\" >\n            <img decoding=\"async\" width=\"640\" height=\"800\" src=\"https:\/\/treelofts.com\/wp-content\/uploads\/2025\/02\/Tree-House-19-640x800.jpg\" class=\"bg attachment-large size-large\" alt=\"\" title=\"\">                                    \n                    <\/div>\n\t\t\n        <div class=\"banner-layers container\">\n            <div class=\"fill banner-link\"><\/div>            \n\n   <div id=\"text-box-1472142157\" class=\"text-box banner-layer x50 md-x50 lg-x50 y50 md-y50 lg-y50 res-text\">\n                                <div class=\"text-box-content text dark\">\n              \n              <div class=\"text-inner text-center\">\n                  \n\n\n              <\/div>\n           <\/div>\n                            \n<style>\n#text-box-1472142157 {\n  width: 60%;\n}\n#text-box-1472142157 .text-box-content {\n  font-size: 100%;\n}\n@media (min-width:550px) {\n  #text-box-1472142157 {\n    width: 60%;\n  }\n}\n<\/style>\n    <\/div>\n \n\n        <\/div>\n      <\/div>\n\n            \n<style>\n#banner-732322569 {\n  padding-top: 300px;\n  background-color: rgb(255,255,255);\n}\n@media (min-width:550px) {\n  #banner-732322569 {\n    padding-top: 400px;\n  }\n}\n@media (min-width:850px) {\n  #banner-732322569 {\n    padding-top: 500px;\n  }\n}\n<\/style>\n  <\/div>\n\n\n\n\t\t<\/div>\n\t\t\t\t\t<\/div>\n\n\t\n\n\t<div id=\"col-1558671793\" class=\"col medium-12 small-12 large-6\"  >\n\t\t\t\t<div class=\"col-inner\" style=\"background-color:rgb(246, 246, 246);\" >\n\t\t\t\n\t\t\t\n\n<p>La bonne nouvelle, c'est que vous \u00eates tr\u00e8s libre de concevoir votre propre cabane. La construction d'une cabane dans un arbre peut \u00eatre l'une des t\u00e2ches de bricolage les plus satisfaisantes que vous puissiez entreprendre, avec une conception correcte, un peu de pr\u00e9paration et une petite dose de patience. Nous vous couvrons, que votre niveau d'implication dans le projet soit total ou limit\u00e9 \u00e0 la prise en charge de t\u00e2ches de construction sp\u00e9cifiques et au recours \u00e0 une assistance professionnelle pour les \u00e9tapes plus difficiles.<\/p>\n<p>Chez Treelofts, nous offrons des plans de cabanes bien con\u00e7us qui \u00e9liminent les devinettes. Bien que nous n'assurions pas l'installation sur site, nos instructions d\u00e9taill\u00e9es garantissent que vous (ou votre entrepreneur) disposez de toutes les connaissances n\u00e9cessaires pour cr\u00e9er une cabane \u00e9tonnante, solide et s\u00fbre.<\/p>\n<a href=\"https:\/\/treelofts.com\/fr\/nous-contacter\/\" class=\"button white is-outline\"  style=\"border-radius:10px;padding:10px 25px 10px 25px;\">\n\t\t<span>commencez votre voyage dans les arbres d\u00e8s aujourd'hui<\/span>\n\t<\/a>\n\n\n\n\t\t<\/div>\n\t\t\t\t\n<style>\n#col-1558671793 > .col-inner {\n  padding: 40px 30px 30px 30px;\n}\n@media (min-width:550px) {\n  #col-1558671793 > .col-inner {\n    padding: 50px 75px 50px 75px;\n  }\n}\n@media (min-width:850px) {\n  #col-1558671793 > .col-inner {\n    padding: 0px 75px 0px 75px;\n  }\n}\n<\/style>\n\t<\/div>\n\n\t\n\n<\/div>\n\n\t\t<\/div>\n\t\t\t\t\t<\/div>\n\n\t\n\n<\/div>\n\n\t\t<\/div>\n\n\t\t\n<style>\n#section_1501403203 {\n  padding-top: 60px;\n  padding-bottom: 60px;\n}\n<\/style>\n\t<\/section>\n\t\n<div class=\"row row-collapse row-full-width\"  id=\"row-426301716\">\n\n\n\t<div id=\"col-269987983\" class=\"col medium-6 small-12 large-6\"  >\n\t\t\t\t<div class=\"col-inner\"  >\n\t\t\t\n\t\t\t\n\n\n  <div class=\"banner has-hover\" id=\"banner-911540582\">\n          <div class=\"banner-inner fill\">\n        <div class=\"banner-bg fill\" >\n            <img decoding=\"async\" width=\"1024\" height=\"668\" src=\"https:\/\/treelofts.com\/wp-content\/uploads\/2025\/02\/Tree-House-113.jpg\" class=\"bg attachment-original size-original\" alt=\"\" title=\"\">                                    \n                    <\/div>\n\t\t\n        <div class=\"banner-layers container\">\n            <div class=\"fill banner-link\"><\/div>            \n\n   <div id=\"text-box-1828216113\" class=\"text-box banner-layer x50 md-x50 lg-x50 y50 md-y50 lg-y50 res-text\">\n                                <div class=\"text-box-content text dark\">\n              \n              <div class=\"text-inner text-center\">\n                  \n\n\n              <\/div>\n           <\/div>\n                            \n<style>\n#text-box-1828216113 {\n  width: 60%;\n}\n#text-box-1828216113 .text-box-content {\n  font-size: 100%;\n}\n<\/style>\n    <\/div>\n \n\n        <\/div>\n      <\/div>\n\n            \n<style>\n#banner-911540582 {\n  padding-top: 300px;\n  background-color: rgba(255, 255, 255, 0);\n}\n#banner-911540582 .banner-bg img {\n  object-position: 54% 59%;\n}\n@media (min-width:550px) {\n  #banner-911540582 {\n    padding-top: 350px;\n  }\n}\n@media (min-width:850px) {\n  #banner-911540582 {\n    padding-top: 749px;\n  }\n}\n<\/style>\n  <\/div>\n\n\n\n\t\t<\/div>\n\t\t\t\t\t<\/div>\n\n\t\n\n\t<div id=\"col-1398077212\" class=\"col medium-6 small-12 large-6\"  >\n\t\t\t\t<div class=\"col-inner\"  >\n\t\t\t\n\t\t\t\n\n\n\t<section class=\"section\" id=\"section_312290165\">\n\t\t<div class=\"section-bg fill\" >\n\t\t\t\t\t\t\t\t\t\n\t\t\t\n\n\t\t<\/div>\n\n\t\t\n\n\t\t<div class=\"section-content relative\">\n\t\t\t\n\n<div class=\"row align-center\"  id=\"row-985051515\">\n\n\n\t<div id=\"col-1157604586\" class=\"col medium-10 small-12 large-9\"  >\n\t\t\t\t<div class=\"col-inner text-center\"  >\n\t\t\t\n\t\t\t\n\n\t<div id=\"gap-982150964\" class=\"gap-element clearfix\" style=\"display:block; height:auto;\">\n\t\t\n<style>\n#gap-982150964 {\n  padding-top: 40px;\n}\n<\/style>\n\t<\/div>\n\t\n\n\t<div id=\"text-4035172381\" class=\"text\">\n\t\t\n\n<h2 style=\"text-align: left;\" data-start=\"1070\" data-end=\"1114\"><strong data-start=\"1074\" data-end=\"1112\">\u00c9tape 1 : Planifiez votre construction comme un pro<\/strong><\/h2>\n\t\t\n<style>\n#text-4035172381 {\n  font-size: 1.5rem;\n}\n<\/style>\n\t<\/div>\n\t\n<p style=\"text-align: left;\">Vous devez disposer d'un plan pr\u00e9cis avant de commencer \u00e0 percer des arbres ou \u00e0 couper du bois. C'est absolument vital ; cela vous permettra d'\u00e9conomiser de l'argent, du temps et de l'\u00e9nervement par la suite.<\/p>\n<p style=\"text-align: left;\">Choisissez d'abord le bon arbre. Tous les arbres ne se pr\u00eatent pas \u00e0 la construction d'une cabane. Il faut un arbre adulte, robuste, avec des racines solides et un tronc fort. Assurez-vous que les arbres entre lesquels vous construisez supportent le poids de la construction et qu'ils sont correctement espac\u00e9s.<\/p>\n<p style=\"text-align: left;\">Choisissez ensuite le design de votre cabane. Notre collection de plans professionnels s'\u00e9tend des cachettes de jardin aux sanctuaires \u00e0 plusieurs niveaux dans les arbres. Choisissez un mod\u00e8le adapt\u00e9 \u00e0 votre budget, \u00e0 vos besoins et \u00e0 votre niveau de comp\u00e9tence en mati\u00e8re de bricolage.<\/p>\n<p style=\"text-align: left;\">Rassemblez enfin vos outils et vos fournitures. Une cabane a besoin d'un bois solide et r\u00e9sistant aux intemp\u00e9ries, de fixations appropri\u00e9es, et en particulier de boulons adapt\u00e9s aux arbres, tels que les boulons de fixation pour cabane, ou TABs (Treehouse Attachment Bolts). Les plans de Treelofts contiennent des suggestions de mat\u00e9riaux destin\u00e9es \u00e0 simplifier l'approvisionnement.<\/p>\n<a href=\"https:\/\/treelofts.com\/fr\/nous-contacter\/\" class=\"button secondary\"  style=\"border-radius:99px;padding:5px 20px 5px 20px;\">\n\t\t<span>Contactez nous<\/span>\n\t<\/a>\n\n\n\n\t\t<\/div>\n\t\t\t\t\t<\/div>\n\n\t\n\n<\/div>\n\n\t\t<\/div>\n\n\t\t\n<style>\n#section_312290165 {\n  padding-top: 0px;\n  padding-bottom: 0px;\n  min-height: 300px;\n}\n@media (min-width:550px) {\n  #section_312290165 {\n    min-height: 350px;\n  }\n}\n@media (min-width:850px) {\n  #section_312290165 {\n    min-height: 425px;\n  }\n}\n<\/style>\n\t<\/section>\n\t\n\n\t\t<\/div>\n\t\t\t\t\t<\/div>\n\n\t\n\n<\/div>\n<div class=\"row row-collapse row-full-width\"  id=\"row-1494566534\">\n\n\n\t<div id=\"col-628634626\" class=\"col medium-6 small-12 large-6\"  >\n\t\t\t\t<div class=\"col-inner\"  >\n\t\t\t\n\t\t\t\n\n\n\t<section class=\"section\" id=\"section_877339726\">\n\t\t<div class=\"section-bg fill\" >\n\t\t\t\t\t\t\t\t\t\n\t\t\t\n\n\t\t<\/div>\n\n\t\t\n\n\t\t<div class=\"section-content relative\">\n\t\t\t\n\n<div class=\"row align-center\"  id=\"row-1343532146\">\n\n\n\t<div id=\"col-1550410213\" class=\"col medium-11 small-12 large-9\"  >\n\t\t\t\t<div class=\"col-inner text-center\"  >\n\t\t\t\n\t\t\t\n\n\t<div id=\"gap-940114129\" class=\"gap-element clearfix\" style=\"display:block; height:auto;\">\n\t\t\n<style>\n#gap-940114129 {\n  padding-top: 40px;\n}\n<\/style>\n\t<\/div>\n\t\n\n\t<div id=\"text-391761801\" class=\"text\">\n\t\t\n\n<h2 style=\"text-align: left;\" data-start=\"2093\" data-end=\"2146\"><strong data-start=\"2097\" data-end=\"2144\">\u00c9tape 2 : Commencer \u00e0 construire <br \/>- Un pas apr\u00e8s l'autre<\/strong><\/h2>\n\t\t\n<style>\n#text-391761801 {\n  font-size: 1.5rem;\n}\n<\/style>\n\t<\/div>\n\t\n<p style=\"text-align: left;\">La partie int\u00e9ressante est maintenant la construction ! Suivre nos plans d\u00e9taill\u00e9s ne n\u00e9cessite pas que vous soyez un constructeur professionnel. Vous pouvez construire votre cabane en \u00e9tapes raisonnables comme suit :<\/p>\n<ul style=\"text-align: left;\">\n<li data-start=\"2325\" data-end=\"2539\"><strong data-start=\"2328\" data-end=\"2354\">Installer la fondation<\/strong> - En cas de fixation \u00e0 un arbre, utiliser <strong data-start=\"2385\" data-end=\"2414\">boulons sans danger pour les arbres, comme les TAB<\/strong> au lieu de clous, qui peuvent affaiblir l'arbre. Si vous utilisez des \u00e9chasses, veillez \u00e0 ce qu'elles soient solidement ancr\u00e9es dans le sol.<\/li>\n<li data-start=\"2540\" data-end=\"2667\"><strong data-start=\"2543\" data-end=\"2568\">Construire le cadre du plancher<\/strong> - C'est votre base, alors prenez votre temps ! Utiliser <strong data-start=\"2613\" data-end=\"2639\">bois d'\u0153uvre solide et trait\u00e9<\/strong> et s'assurer qu'il est de niveau.<\/li>\n<li data-start=\"2668\" data-end=\"2828\"><strong data-start=\"2671\" data-end=\"2702\">Assembler les murs et le toit<\/strong> - Pr\u00e9-assembler les panneaux muraux au sol, puis les soulever pour les mettre en place. Utiliser <strong data-start=\"2776\" data-end=\"2800\">mat\u00e9riaux imperm\u00e9ables<\/strong> pour garder l'int\u00e9rieur sec.<\/li>\n<li data-start=\"2829\" data-end=\"2950\"><strong data-start=\"2832\" data-end=\"2853\">Ajouter les \u00e9l\u00e9ments amusants<\/strong> - Escaliers, \u00e9chelles, garde-corps, fen\u00eatres, trappes - c'est l\u00e0 que votre cr\u00e9ativit\u00e9 entre en jeu !<\/li>\n<\/ul>\n<p style=\"text-align: left;\">Vous pouvez g\u00e9rer l'ensemble de la construction vous-m\u00eame si vous \u00eates s\u00fbr de vous. Si ce n'est pas le cas, vous pouvez r\u00e9aliser vous-m\u00eame certaines t\u00e2ches techniques, comme l'ossature des murs ou le raccordement du syst\u00e8me de soutien principal, et faire appel \u00e0 un professionnel pour les autres.<\/p>\n<a href=\"https:\/\/treelofts.com\/fr\/nous-contacter\/\" class=\"button secondary\"  style=\"border-radius:99px;padding:5px 20px 5px 20px;\">\n\t\t<span>Contactez nous<\/span>\n\t<\/a>\n\n\n\n\t\t<\/div>\n\t\t\t\t\t<\/div>\n\n\t\n\n<\/div>\n\n\t\t<\/div>\n\n\t\t\n<style>\n#section_877339726 {\n  padding-top: 0px;\n  padding-bottom: 0px;\n  min-height: 300px;\n}\n@media (min-width:550px) {\n  #section_877339726 {\n    min-height: 350px;\n  }\n}\n@media (min-width:850px) {\n  #section_877339726 {\n    min-height: 425px;\n  }\n}\n<\/style>\n\t<\/section>\n\t\n\n\t\t<\/div>\n\t\t\t\t\t<\/div>\n\n\t\n\n\t<div id=\"col-842816426\" class=\"col medium-6 small-12 large-6 small-col-first\"  >\n\t\t\t\t<div class=\"col-inner\"  >\n\t\t\t\n\t\t\t\n\n\n  <div class=\"banner has-hover\" id=\"banner-1374948571\">\n          <div class=\"banner-inner fill\">\n        <div class=\"banner-bg fill\" >\n            <img decoding=\"async\" width=\"1024\" height=\"683\" src=\"https:\/\/treelofts.com\/wp-content\/uploads\/2025\/02\/Tree-House-119.jpg\" class=\"bg attachment-original size-original\" alt=\"\" title=\"\">                                    \n                    <\/div>\n\t\t\n        <div class=\"banner-layers container\">\n            <div class=\"fill banner-link\"><\/div>            \n\n   <div id=\"text-box-1650673647\" class=\"text-box banner-layer x50 md-x50 lg-x50 y50 md-y50 lg-y50 res-text\">\n                                <div class=\"text-box-content text dark\">\n              \n              <div class=\"text-inner text-center\">\n                  \n\n\n              <\/div>\n           <\/div>\n                            \n<style>\n#text-box-1650673647 {\n  width: 60%;\n}\n#text-box-1650673647 .text-box-content {\n  font-size: 100%;\n}\n<\/style>\n    <\/div>\n \n\n        <\/div>\n      <\/div>\n\n            \n<style>\n#banner-1374948571 {\n  padding-top: 300px;\n  background-color: rgba(255, 255, 255, 0);\n}\n#banner-1374948571 .banner-bg img {\n  object-position: 84% 48%;\n}\n@media (min-width:550px) {\n  #banner-1374948571 {\n    padding-top: 350px;\n  }\n}\n@media (min-width:850px) {\n  #banner-1374948571 {\n    padding-top: 804px;\n  }\n}\n<\/style>\n  <\/div>\n\n\n\n\t\t<\/div>\n\t\t\t\t\t<\/div>\n\n\t\n\n<\/div>\n<div class=\"row row-collapse row-full-width\"  id=\"row-1968149658\">\n\n\n\t<div id=\"col-495461325\" class=\"col medium-6 small-12 large-6\"  >\n\t\t\t\t<div class=\"col-inner\"  >\n\t\t\t\n\t\t\t\n\n\n  <div class=\"banner has-hover\" id=\"banner-828144252\">\n          <div class=\"banner-inner fill\">\n        <div class=\"banner-bg fill\" >\n            <img decoding=\"async\" width=\"1024\" height=\"678\" src=\"https:\/\/treelofts.com\/wp-content\/uploads\/2025\/02\/Tree-House-107.jpg\" class=\"bg attachment-original size-original\" alt=\"\" title=\"\">                                    \n                    <\/div>\n\t\t\n        <div class=\"banner-layers container\">\n            <div class=\"fill banner-link\"><\/div>            \n\n   <div id=\"text-box-1753826961\" class=\"text-box banner-layer x50 md-x50 lg-x50 y50 md-y50 lg-y50 res-text\">\n                                <div class=\"text-box-content text dark\">\n              \n              <div class=\"text-inner text-center\">\n                  \n\n\n              <\/div>\n           <\/div>\n                            \n<style>\n#text-box-1753826961 {\n  width: 60%;\n}\n#text-box-1753826961 .text-box-content {\n  font-size: 100%;\n}\n<\/style>\n    <\/div>\n \n\n        <\/div>\n      <\/div>\n\n            \n<style>\n#banner-828144252 {\n  padding-top: 300px;\n  background-color: rgba(255, 255, 255, 0);\n}\n#banner-828144252 .banner-bg img {\n  object-position: 52% 56%;\n}\n@media (min-width:550px) {\n  #banner-828144252 {\n    padding-top: 350px;\n  }\n}\n@media (min-width:850px) {\n  #banner-828144252 {\n    padding-top: 651px;\n  }\n}\n<\/style>\n  <\/div>\n\n\n\n\t\t<\/div>\n\t\t\t\t\t<\/div>\n\n\t\n\n\t<div id=\"col-1013660056\" class=\"col medium-6 small-12 large-6\"  >\n\t\t\t\t<div class=\"col-inner\"  >\n\t\t\t\n\t\t\t\n\n\n\t<section class=\"section\" id=\"section_732128328\">\n\t\t<div class=\"section-bg fill\" >\n\t\t\t\t\t\t\t\t\t\n\t\t\t\n\n\t\t<\/div>\n\n\t\t\n\n\t\t<div class=\"section-content relative\">\n\t\t\t\n\n<div class=\"row align-center\"  id=\"row-86834359\">\n\n\n\t<div id=\"col-1298363239\" class=\"col medium-10 small-12 large-9\"  >\n\t\t\t\t<div class=\"col-inner text-center\"  >\n\t\t\t\n\t\t\t\n\n\t<div id=\"gap-859782899\" class=\"gap-element clearfix\" style=\"display:block; height:auto;\">\n\t\t\n<style>\n#gap-859782899 {\n  padding-top: 40px;\n}\n<\/style>\n\t<\/div>\n\t\n\n\t<div id=\"text-4092665515\" class=\"text\">\n\t\t\n\n<h2 style=\"text-align: left;\" data-start=\"3178\" data-end=\"3226\"><strong data-start=\"3182\" data-end=\"3224\">\u00c9tape 3 : Assurer la s\u00e9curit\u00e9 et le respect des arbres<\/strong><\/h2>\n\t\t\n<style>\n#text-4092665515 {\n  font-size: 1.5rem;\n}\n<\/style>\n\t<\/div>\n\t\n<p style=\"text-align: left;\" data-start=\"3228\" data-end=\"3301\">M\u00eame si les cabanes sont tr\u00e8s amusantes, la s\u00e9curit\u00e9 doit toujours primer. Toujours :<\/p>\n<ul style=\"text-align: left;\" data-start=\"3302\" data-end=\"3629\">\n<li data-start=\"3302\" data-end=\"3395\"><strong data-start=\"3304\" data-end=\"3334\">Utiliser des fixations de haute qualit\u00e9<\/strong> qui permettent \u00e0 l'arbre de se d\u00e9placer naturellement sans l'endommager.<\/li>\n<li data-start=\"3396\" data-end=\"3461\"><strong data-start=\"3398\" data-end=\"3428\">R\u00e9partir correctement le poids<\/strong> pour \u00e9viter de stresser l'arbre.<\/li>\n<li data-start=\"3462\" data-end=\"3544\"><strong data-start=\"3464\" data-end=\"3487\">V\u00e9rifier la stabilit\u00e9<\/strong> avant que quiconque ne monte \u00e0 l'int\u00e9rieur de l'appareil, testez-le en le secouant bien !<\/li>\n<li data-start=\"3545\" data-end=\"3629\"><strong data-start=\"3547\" data-end=\"3587\">Ajouter des garde-corps et s\u00e9curiser les points d'entr\u00e9e<\/strong> pour assurer la s\u00e9curit\u00e9 de tous, en particulier des enfants.<\/li>\n<\/ul>\n<p style=\"text-align: left;\">N'oubliez pas que les arbres changent avec le temps ; veillez donc \u00e0 leur laisser suffisamment d'espace pour se d\u00e9placer. Une cabane doit \u00eatre un prolongement logique de l'arbre plut\u00f4t qu'une charge pour lui.<\/p>\n<a href=\"https:\/\/treelofts.com\/fr\/nous-contacter\/\" class=\"button secondary\"  style=\"border-radius:99px;padding:5px 20px 5px 20px;\">\n\t\t<span>Contactez nous<\/span>\n\t<\/a>\n\n\n\n\t\t<\/div>\n\t\t\t\t\t<\/div>\n\n\t\n\n<\/div>\n\n\t\t<\/div>\n\n\t\t\n<style>\n#section_732128328 {\n  padding-top: 0px;\n  padding-bottom: 0px;\n  min-height: 300px;\n}\n@media (min-width:550px) {\n  #section_732128328 {\n    min-height: 350px;\n  }\n}\n@media (min-width:850px) {\n  #section_732128328 {\n    min-height: 425px;\n  }\n}\n<\/style>\n\t<\/section>\n\t\n\n\t\t<\/div>\n\t\t\t\t\t<\/div>\n\n\t\n\n<\/div>\n<div class=\"row\"  id=\"row-1564038315\">\n\n\n\t<div id=\"col-1153636481\" class=\"col small-12 large-12\"  >\n\t\t\t\t<div class=\"col-inner\"  >\n\t\t\t\n\t\t\t\n\n<p>La cr\u00e9ation de votre propre cabane est un \u00e9v\u00e9nement unique en son genre. Le secret consiste \u00e0 adopter la bonne strat\u00e9gie et la bonne attitude, que votre objectif soit de vous occuper de certains aspects ou de faire tout le travail.<\/p>\n<p>Les plans de Treelofts, con\u00e7us par des experts, vous permettent de ne pas avoir \u00e0 vous d\u00e9brouiller tout seul. Nos plans \u00e9liminent les conjectures du processus et vous fournissent un manuel clair, simple et facile \u00e0 suivre pour cr\u00e9er votre \u00e9chapp\u00e9e id\u00e9ale dans les arbres.<\/p>\n<p><strong>Pr\u00eat \u00e0 commencer la construction ? D\u00e9couvrez d\u00e8s maintenant nos id\u00e9es de cabanes pour r\u00e9aliser votre propre r\u00eave de bricolage !<\/strong><\/p>\n\n\t\t<\/div>\n\t\t\t\t\n<style>\n#col-1153636481 > .col-inner {\n  padding: 50px 0px 0px 0px;\n}\n<\/style>\n\t<\/div>\n\n\t\n\n<\/div>\n\n  <div class=\"banner has-hover\" id=\"banner-1204284811\">\n          <div class=\"banner-inner fill\">\n        <div class=\"banner-bg fill\" >\n            <img decoding=\"async\" width=\"1024\" height=\"845\" src=\"https:\/\/treelofts.com\/wp-content\/uploads\/2025\/02\/Tree-House-63.jpg\" class=\"bg attachment-original size-original\" alt=\"\" title=\"\">                        <div class=\"overlay\"><\/div>            \n                    <\/div>\n\t\t\n        <div class=\"banner-layers container\">\n            <div class=\"fill banner-link\"><\/div>            \n\n   <div id=\"text-box-2142214911\" class=\"text-box banner-layer x50 md-x50 lg-x50 y50 md-y50 lg-y50 res-text\">\n                                <div class=\"text-box-content text dark\">\n              \n              <div class=\"text-inner text-center\">\n                  \n\n<p>Donnons vie \u00e0 votre vision<\/p>\n<h2><strong>Fabriquer des cabanes de r\u00eave depuis 2013<\/strong><\/h2>\n<a href=\"https:\/\/treelofts.com\/fr\/nous-contacter\/\" class=\"button white is-outline\"  >\n\t\t<span>commencez votre voyage dans les arbres d\u00e8s aujourd'hui<\/span>\n\t<\/a>\n\n\n\n              <\/div>\n           <\/div>\n                            \n<style>\n#text-box-2142214911 {\n  width: 60%;\n}\n#text-box-2142214911 .text-box-content {\n  font-size: 100%;\n}\n<\/style>\n    <\/div>\n \n\n        <\/div>\n      <\/div>\n\n            \n<style>\n#banner-1204284811 {\n  padding-top: 350px;\n}\n#banner-1204284811 .overlay {\n  background-color: rgba(0, 0, 0, 0.17);\n}\n#banner-1204284811 .banner-bg img {\n  object-position: 62% 48%;\n}\n<\/style>\n  <\/div>\n\n\n<div class=\"woocommerce columns-4\"><\/div>\n\n<div class=\"row\"  id=\"row-1226671162\">\n\n\n\n<\/div>","protected":false},"excerpt":{"rendered":"","protected":false},"author":5,"featured_media":0,"parent":0,"menu_order":0,"comment_status":"closed","ping_status":"closed","template":"","meta":{"footnotes":""},"class_list":["post-964","page","type-page","status-publish","hentry"],"_links":{"self":[{"href":"https:\/\/treelofts.com\/fr\/wp-json\/wp\/v2\/pages\/964","targetHints":{"allow":["GET"]}}],"collection":[{"href":"https:\/\/treelofts.com\/fr\/wp-json\/wp\/v2\/pages"}],"about":[{"href":"https:\/\/treelofts.com\/fr\/wp-json\/wp\/v2\/types\/page"}],"author":[{"embeddable":true,"href":"https:\/\/treelofts.com\/fr\/wp-json\/wp\/v2\/users\/5"}],"replies":[{"embeddable":true,"href":"https:\/\/treelofts.com\/fr\/wp-json\/wp\/v2\/comments?post=964"}],"version-history":[{"count":0,"href":"https:\/\/treelofts.com\/fr\/wp-json\/wp\/v2\/pages\/964\/revisions"}],"wp:attachment":[{"href":"https:\/\/treelofts.com\/fr\/wp-json\/wp\/v2\/media?parent=964"}],"curies":[{"name":"wp","href":"https:\/\/api.w.org\/{rel}","templated":true}]}}