{"id":977,"date":"2025-02-10T19:35:43","date_gmt":"2025-02-11T03:35:43","guid":{"rendered":"https:\/\/azh5n13ivf.onrocket.site\/?page_id=977"},"modified":"2025-02-12T23:55:30","modified_gmt":"2025-02-13T07:55:30","slug":"reparation-de-la-cabane","status":"publish","type":"page","link":"https:\/\/treelofts.com\/fr\/reparation-de-la-cabane\/","title":{"rendered":"R\u00e9paration de la cabane"},"content":{"rendered":"<div class=\"banner has-hover\" id=\"banner-2083982360\">\n          <div class=\"banner-inner fill\">\n        <div class=\"banner-bg fill\" >\n            <img decoding=\"async\" width=\"916\" height=\"1221\" src=\"https:\/\/treelofts.com\/wp-content\/uploads\/2025\/02\/tree-house-3.webp\" class=\"bg attachment-original size-original\" alt=\"\" title=\"\">                        <div class=\"overlay\"><\/div>            \n                    <\/div>\n\t\t\n        <div class=\"banner-layers container\">\n            <div class=\"fill banner-link\"><\/div>            \n\n   <div id=\"text-box-141370129\" class=\"text-box banner-layer x50 md-x50 lg-x50 y50 md-y50 lg-y50 res-text\">\n                                <div class=\"text-box-content text dark\">\n              \n              <div class=\"text-inner text-center\">\n                  \n\n<h3>R\u00e9soudre les probl\u00e8mes courants des cabanes dans les arbres<\/h3>\n<h1><strong>R\u00e9paration de la cabane<\/strong><\/h1>\n<p>Votre cabane a connu quelques saisons - ou peut-\u00eatre plusieurs d\u00e9cennies - et elle pr\u00e9sente aujourd'hui des signes d'usure. Ne paniquez pas. Les cabanes dans les arbres ont besoin d'\u00eatre entretenues pour \u00eatre s\u00fbres, robustes et pr\u00eates pour l'aventure, comme n'importe quelle autre construction. Nous pouvons vous aider, qu'il s'agisse d'un plancher instable, d'un toit qui fuit ou d'une cabane autrefois parfaite qui s'incline de fa\u00e7on surprenante !<\/p>\n\n              <\/div>\n           <\/div>\n                            \n<style>\n#text-box-141370129 {\n  width: 83%;\n}\n#text-box-141370129 .text-box-content {\n  font-size: 100%;\n}\n<\/style>\n    <\/div>\n \n\n        <\/div>\n      <\/div>\n\n            \n<style>\n#banner-2083982360 {\n  padding-top: 692px;\n}\n#banner-2083982360 .overlay {\n  background-color: rgba(0,0,0,.5);\n}\n#banner-2083982360 .banner-bg img {\n  object-position: 24% 48%;\n}\n@media (min-width:550px) {\n  #banner-2083982360 {\n    padding-top: 800px;\n  }\n}\n<\/style>\n  <\/div>\n\n\n\n\t<section class=\"section\" id=\"section_1911043667\">\n\t\t<div class=\"section-bg fill\" >\n\t\t\t\t\t\t\t\t\t\n\t\t\t\n\n\t\t<\/div>\n\n\t\t\n\n\t\t<div class=\"section-content relative\">\n\t\t\t\n\n<div class=\"row row-collapse align-middle\" style=\"max-width:1300px\" id=\"row-1906147500\">\n\n\n\t<div id=\"col-408650691\" class=\"col small-12 large-12\"  >\n\t\t\t\t<div class=\"col-inner\" style=\"background-color:rgb(246, 246, 246);\" >\n\t\t\t\n\t\t\t\n\n<div class=\"row row-collapse align-middle\" style=\"max-width:1300px\" id=\"row-2002005469\">\n\n\n\t<div id=\"col-953759237\" class=\"col medium-12 small-12 large-6\"  >\n\t\t\t\t<div class=\"col-inner\"  >\n\t\t\t\n\t\t\t\n\n\n  <div class=\"banner has-hover\" id=\"banner-1952302121\">\n          <div class=\"banner-inner fill\">\n        <div class=\"banner-bg fill\" >\n            <img decoding=\"async\" width=\"1020\" height=\"765\" src=\"https:\/\/treelofts.com\/wp-content\/uploads\/2025\/02\/Tree-House-59.jpg\" class=\"bg attachment-large size-large\" alt=\"\" title=\"\">                                    \n                    <\/div>\n\t\t\n        <div class=\"banner-layers container\">\n            <div class=\"fill banner-link\"><\/div>            \n\n   <div id=\"text-box-1869665381\" class=\"text-box banner-layer x50 md-x50 lg-x50 y50 md-y50 lg-y50 res-text\">\n                                <div class=\"text-box-content text dark\">\n              \n              <div class=\"text-inner text-center\">\n                  \n\n\n              <\/div>\n           <\/div>\n                            \n<style>\n#text-box-1869665381 {\n  width: 60%;\n}\n#text-box-1869665381 .text-box-content {\n  font-size: 100%;\n}\n@media (min-width:550px) {\n  #text-box-1869665381 {\n    width: 60%;\n  }\n}\n<\/style>\n    <\/div>\n \n\n        <\/div>\n      <\/div>\n\n            \n<style>\n#banner-1952302121 {\n  padding-top: 300px;\n  background-color: rgb(255,255,255);\n}\n#banner-1952302121 .banner-bg img {\n  object-position: 9% 92%;\n}\n@media (min-width:550px) {\n  #banner-1952302121 {\n    padding-top: 400px;\n  }\n}\n@media (min-width:850px) {\n  #banner-1952302121 {\n    padding-top: 614px;\n  }\n}\n<\/style>\n  <\/div>\n\n\n\n\t\t<\/div>\n\t\t\t\t\t<\/div>\n\n\t\n\n\t<div id=\"col-1711655006\" class=\"col medium-12 small-12 large-6\"  >\n\t\t\t\t<div class=\"col-inner\" style=\"background-color:rgb(246, 246, 246);\" >\n\t\t\t\n\t\t\t\n\n\t<div id=\"text-2224312339\" class=\"text\">\n\t\t\n\n<h2 data-start=\"831\" data-end=\"872\"><strong data-start=\"835\" data-end=\"870\">Pourquoi les cabanes doivent-elles \u00eatre r\u00e9par\u00e9es ?<\/strong><\/h2>\n\t\t\n<style>\n#text-2224312339 {\n  font-size: 1.5rem;\n}\n<\/style>\n\t<\/div>\n\t\n<p>Contrairement \u00e0 une construction classique dans une arri\u00e8re-cour, une cabane dans les arbres est reli\u00e9e \u00e0 un arbre vivant et en mouvement plut\u00f4t que d'\u00eatre construite sur le sol. Les cabanes dans les arbres sont donc soumises aux changements de saison, aux intemp\u00e9ries et \u00e0 la croissance naturelle des arbres sous leur support. Ces \u00e9l\u00e9ments peuvent \u00e9ventuellement provoquer des fissures, un rel\u00e2chement ou tout simplement une usure de certaines pi\u00e8ces.<\/p>\n<p>La bonne nouvelle, c'est que quelques r\u00e9parations de base peuvent g\u00e9n\u00e9ralement r\u00e9soudre la plupart des probl\u00e8mes li\u00e9s \u00e0 une cabane. Un entretien de routine permettra \u00e0 votre cabane de rester robuste pendant des ann\u00e9es, qu'il s'agisse de resserrer les fixations, de remplacer les planches pourries ou de colmater les fuites.<\/p>\n<a href=\"https:\/\/treelofts.com\/fr\/nous-contacter\/\" class=\"button white is-outline\"  style=\"border-radius:10px;padding:10px 25px 10px 25px;\">\n\t\t<span>D\u00e9couvrez d\u00e8s aujourd'hui nos mod\u00e8les de cabanes dans les arbres<\/span>\n\t<\/a>\n\n\n\n\t\t<\/div>\n\t\t\t\t\n<style>\n#col-1711655006 > .col-inner {\n  padding: 40px 30px 30px 30px;\n}\n@media (min-width:550px) {\n  #col-1711655006 > .col-inner {\n    padding: 50px 75px 50px 75px;\n  }\n}\n@media (min-width:850px) {\n  #col-1711655006 > .col-inner {\n    padding: 50px 75px 50px 75px;\n  }\n}\n<\/style>\n\t<\/div>\n\n\t\n\n<\/div>\n\n\t\t<\/div>\n\t\t\t\t\t<\/div>\n\n\t\n\n<\/div>\n\t<div id=\"gap-540011228\" class=\"gap-element clearfix\" style=\"display:block; height:auto;\">\n\t\t\n<style>\n#gap-540011228 {\n  padding-top: 60px;\n}\n<\/style>\n\t<\/div>\n\t\n\n<div class=\"row\"  id=\"row-147081279\">\n\n\n\t<div id=\"col-171770631\" class=\"col small-12 large-12\"  >\n\t\t\t\t<div class=\"col-inner\"  >\n\t\t\t\n\t\t\t\n\n\t<div id=\"text-1371237408\" class=\"text\">\n\t\t\n\n<h2 data-start=\"1452\" data-end=\"1507\"><strong data-start=\"1456\" data-end=\"1505\">Probl\u00e8mes courants dans les cabanes et comment les r\u00e9soudre<\/strong><\/h2>\n\t\t\n<style>\n#text-1371237408 {\n  font-size: 1.5rem;\n}\n<\/style>\n\t<\/div>\n\t\n<h3 data-start=\"55\" data-end=\"96\"><strong data-start=\"59\" data-end=\"94\">Construction bancale ou instable<\/strong><\/h3>\n<p data-start=\"97\" data-end=\"286\">Il est temps d'examiner les points de fixation et le syst\u00e8me de support si votre cabane commence \u00e0 se balancer plus qu'elle ne le devrait. Bien qu'un certain mouvement soit naturel, un mouvement trop important peut indiquer.. :<\/p>\n<ul data-start=\"288\" data-end=\"646\">\n<li data-start=\"288\" data-end=\"362\">Pour r\u00e9tablir la stabilit\u00e9, serrez ou remplacez les boulons et fixations us\u00e9s.<\/li>\n<li data-start=\"363\" data-end=\"512\"><strong data-start=\"365\" data-end=\"393\">Interf\u00e9rence avec la croissance des arbres<\/strong>: Si l'arbre a pouss\u00e9 autour d'une poutre de soutien, il peut \u00eatre n\u00e9cessaire de modifier la construction ou d'utiliser des entretoises flottantes.<\/li>\n<li data-start=\"513\" data-end=\"646\"><strong data-start=\"515\" data-end=\"541\">Instabilit\u00e9 des fondations<\/strong>: Assurez-vous que les supports au sol ou les pilotis utilis\u00e9s dans votre cabane sont correctement fix\u00e9s et n'ont pas boug\u00e9.<\/li>\n<\/ul>\n<h3 data-start=\"747\" data-end=\"781\"><strong data-start=\"751\" data-end=\"779\">Plancher pourri ou d\u00e9coll\u00e9<\/strong><\/h3>\n<p data-start=\"782\" data-end=\"957\">Les mouvements des arbres, les changements de temps et l'activit\u00e9 des pieds usent consid\u00e9rablement le plancher de votre cabane. Avec le temps, les planches peuvent se d\u00e9tacher, se fracturer ou m\u00eame pourrir. R\u00e9par\u00e9 par :<\/p>\n<ul data-start=\"959\" data-end=\"1158\">\n<li data-start=\"959\" data-end=\"1016\">Si les lames de plancher sont desserr\u00e9es, il faut les resserrer ou les remplacer.<\/li>\n<li data-start=\"1017\" data-end=\"1082\">Remplacez le bois pourri par du bois qui r\u00e9siste aux intemp\u00e9ries.<\/li>\n<li data-start=\"1083\" data-end=\"1158\">Scellez le bois \u00e0 l'aide d'un produit de scellement r\u00e9sistant aux intemp\u00e9ries afin d'\u00e9viter que l'humidit\u00e9 ne l'endommage davantage.<\/li>\n<\/ul>\n<h3 data-start=\"1264\" data-end=\"1300\"><strong data-start=\"1268\" data-end=\"1298\">Toit qui fuit ou d\u00e9g\u00e2ts des eaux<\/strong><\/h3>\n<p data-start=\"1301\" data-end=\"1425\">Une fuite mineure dans une cabane peut rapidement causer des probl\u00e8mes importants. Si vous constatez des fuites ou des d\u00e9g\u00e2ts d'eau \u00e0 l'int\u00e9rieur, r\u00e9agissez imm\u00e9diatement :<\/p>\n<ul data-start=\"1427\" data-end=\"1660\">\n<li data-start=\"1427\" data-end=\"1498\">Recherchez et remplacez les mat\u00e9riaux de couverture cass\u00e9s ou manquants si n\u00e9cessaire.<\/li>\n<li data-start=\"1499\" data-end=\"1577\">Pour renforcer la toiture et \u00e9viter les fuites, il faut l'\u00e9tanch\u00e9ifier.<\/li>\n<li data-start=\"1578\" data-end=\"1660\">Modifiez l'angle du toit pour am\u00e9liorer le drainage ou installez de minuscules canaux de drainage.<\/li>\n<\/ul>\n<h3 data-start=\"1755\" data-end=\"1789\"><strong data-start=\"1759\" data-end=\"1787\">Fixations rouill\u00e9es ou desserr\u00e9es<\/strong><\/h3>\n<p data-start=\"1790\" data-end=\"1962\">L'ossature de votre cabane, les fixations maintiennent tout fermement en place. Les mouvements de l'arbre et l'exposition \u00e0 l'environnement au fil du temps entra\u00eenent la corrosion ou le desserrage des vis et des \u00e9crous.<\/p>\n<ul data-start=\"1964\" data-end=\"2275\">\n<li data-start=\"1964\" data-end=\"2046\">Des attaches galvanis\u00e9es ou en acier inoxydable remplaceront les boulons ou vis corrod\u00e9s.<\/li>\n<li data-start=\"2047\" data-end=\"2126\">V\u00e9rifiez souvent les points d'attache pour vous assurer que rien n'a chang\u00e9 ou ne s'est affaibli.<\/li>\n<li data-start=\"2127\" data-end=\"2275\">Pour une r\u00e9sistance et une flexibilit\u00e9 accrues, pensez \u00e0 utiliser des fixations con\u00e7ues pour les cabanes, notamment les TABS (Treehouse Attachment Bolts).<\/li>\n<\/ul>\n<h3 data-start=\"2349\" data-end=\"2385\"><strong data-start=\"2353\" data-end=\"2383\">Influence du d\u00e9veloppement des arbres<\/strong><\/h3>\n<p data-start=\"2386\" data-end=\"2572\">M\u00eame avec une cabane attach\u00e9e \u00e0 eux, les arbres ne s'arr\u00eatent jamais de grandir ! Avec le temps, les branches peuvent se rebeller contre votre syst\u00e8me, les troncs peuvent grandir, les points d'attache pr\u00e9c\u00e9dents peuvent devenir trop serr\u00e9s.<\/p>\n<ul data-start=\"2574\" data-end=\"2815\">\n<li data-start=\"2574\" data-end=\"2635\">Si un arbre a pouss\u00e9 autour des sites d'attachement, changez-les.<\/li>\n<li data-start=\"2636\" data-end=\"2701\">Pour \u00e9viter les dommages structurels, \u00e9laguez doucement les branches g\u00eanantes.<\/li>\n<li data-start=\"2702\" data-end=\"2815\">Utilisez des fixations souples (supports coulissants) pour laisser l'arbre se d\u00e9velopper naturellement sans mettre en danger votre cabane.<\/li>\n<\/ul>\n\t<div id=\"gap-1935369042\" class=\"gap-element clearfix\" style=\"display:block; height:auto;\">\n\t\t\n<style>\n#gap-1935369042 {\n  padding-top: 30px;\n}\n<\/style>\n\t<\/div>\n\t\n\n\t<div id=\"text-2099130994\" class=\"text\">\n\t\t\n\n<h2 data-start=\"4444\" data-end=\"4492\"><strong data-start=\"4448\" data-end=\"4490\">Guide de r\u00e9paration des cabanes \u00e9tape par \u00e9tape<\/strong><\/h2>\n\t\t\n<style>\n#text-2099130994 {\n  font-size: 1.5rem;\n}\n<\/style>\n\t<\/div>\n\t\n<ol data-start=\"4494\" data-end=\"5086\">\n<li data-start=\"4494\" data-end=\"4597\"><strong data-start=\"4497\" data-end=\"4522\">Inspecter la structure<\/strong> - Recherchez les points faibles, les planches d\u00e9coll\u00e9es, les signes de pourriture ou les fixations endommag\u00e9es.<\/li>\n<li data-start=\"4598\" data-end=\"4696\"><strong data-start=\"4601\" data-end=\"4623\">\u00c9tablir un ordre de priorit\u00e9 pour les r\u00e9parations<\/strong> - R\u00e9glez d'abord les probl\u00e8mes urgents, tels que l'instabilit\u00e9 structurelle ou les fuites importantes.<\/li>\n<li data-start=\"4697\" data-end=\"4851\"><strong data-start=\"4700\" data-end=\"4740\">Rassembler les bons outils et mat\u00e9riaux<\/strong> - Utilisation <strong data-start=\"4747\" data-end=\"4825\">bois r\u00e9sistant aux intemp\u00e9ries, fixations \u00e0 l'\u00e9preuve de la corrosion et mastics d'\u00e9tanch\u00e9it\u00e9<\/strong> pour des fixations durables.<\/li>\n<li data-start=\"4852\" data-end=\"4970\"><strong data-start=\"4855\" data-end=\"4881\">Effectuer les r\u00e9parations par \u00e9tapes<\/strong> - Commencer par <strong data-start=\"4895\" data-end=\"4920\">soutiens fondamentaux<\/strong>Il faut ensuite passer au rev\u00eatement de sol, aux murs et \u00e0 la toiture.<\/li>\n<li data-start=\"4971\" data-end=\"5086\"><strong data-start=\"4974\" data-end=\"5001\">Effectuer un dernier contr\u00f4le de s\u00e9curit\u00e9<\/strong> - Avant de monter \u00e0 l'int\u00e9rieur, testez la structure en la secouant pour vous assurer que tout est stable.<\/li>\n<\/ol>\n\t<div id=\"gap-272575947\" class=\"gap-element clearfix\" style=\"display:block; height:auto;\">\n\t\t\n<style>\n#gap-272575947 {\n  padding-top: 30px;\n}\n<\/style>\n\t<\/div>\n\t\n\n<p>Votre cabane est un lieu unique, riche en souvenirs et en aventures, et pas seulement un projet de construction. Elle peut rester un endroit s\u00fbr et int\u00e9ressant pendant des d\u00e9cennies avec un peu d'entretien, de soins et de r\u00e9parations correctes.<\/p>\n<p>Nos conceptions de cabanes finement con\u00e7ues chez Treelofts pr\u00e9sentent une int\u00e9grit\u00e9 structurelle et des recommandations de durabilit\u00e9 \u00e0 long terme. Nous pouvons vous aider \u00e0 construire de nouvelles cabanes ou \u00e0 r\u00e9parer une ancienne cabane. <strong>Consultez d\u00e8s maintenant nos id\u00e9es de cabanes dans les arbres et r\u00e9alisez votre escapade dans les arbres !<\/strong><\/p>\n\n\t\t<\/div>\n\t\t\t\t\t<\/div>\n\n\t\n\n<\/div>\n\n\t\t<\/div>\n\n\t\t\n<style>\n#section_1911043667 {\n  padding-top: 60px;\n  padding-bottom: 60px;\n}\n<\/style>\n\t<\/section>\n\t\n\n  <div class=\"banner has-hover\" id=\"banner-1259104508\">\n          <div class=\"banner-inner fill\">\n        <div class=\"banner-bg fill\" >\n            <img decoding=\"async\" width=\"683\" height=\"1024\" src=\"https:\/\/treelofts.com\/wp-content\/uploads\/2025\/02\/Tree-House-47.jpg\" class=\"bg attachment-original size-original\" alt=\"\" title=\"\">                        <div class=\"overlay\"><\/div>            \n                    <\/div>\n\t\t\n        <div class=\"banner-layers container\">\n            <div class=\"fill banner-link\"><\/div>            \n\n   <div id=\"text-box-931252239\" class=\"text-box banner-layer x50 md-x50 lg-x50 y50 md-y50 lg-y50 res-text\">\n                                <div class=\"text-box-content text dark\">\n              \n              <div class=\"text-inner text-center\">\n                  \n\n<p>Donnons vie \u00e0 votre vision<\/p>\n<h2><strong>Fabriquer des cabanes de r\u00eave depuis 2013<\/strong><\/h2>\n<a href=\"https:\/\/treelofts.com\/fr\/nous-contacter\/\" class=\"button white is-outline\"  >\n\t\t<span>commencez votre voyage dans les arbres d\u00e8s aujourd'hui<\/span>\n\t<\/a>\n\n\n\n              <\/div>\n           <\/div>\n                            \n<style>\n#text-box-931252239 {\n  width: 60%;\n}\n#text-box-931252239 .text-box-content {\n  font-size: 100%;\n}\n<\/style>\n    <\/div>\n \n\n        <\/div>\n      <\/div>\n\n            \n<style>\n#banner-1259104508 {\n  padding-top: 350px;\n}\n#banner-1259104508 .overlay {\n  background-color: rgba(0, 0, 0, 0.17);\n}\n#banner-1259104508 .banner-bg img {\n  object-position: 47% 57%;\n}\n<\/style>\n  <\/div>\n\n\n<div class=\"woocommerce columns-4\"><\/div>\n\n<div class=\"row\"  id=\"row-100148330\">\n\n\n\n<\/div>","protected":false},"excerpt":{"rendered":"","protected":false},"author":5,"featured_media":0,"parent":0,"menu_order":0,"comment_status":"closed","ping_status":"closed","template":"","meta":{"footnotes":""},"class_list":["post-977","page","type-page","status-publish","hentry"],"_links":{"self":[{"href":"https:\/\/treelofts.com\/fr\/wp-json\/wp\/v2\/pages\/977","targetHints":{"allow":["GET"]}}],"collection":[{"href":"https:\/\/treelofts.com\/fr\/wp-json\/wp\/v2\/pages"}],"about":[{"href":"https:\/\/treelofts.com\/fr\/wp-json\/wp\/v2\/types\/page"}],"author":[{"embeddable":true,"href":"https:\/\/treelofts.com\/fr\/wp-json\/wp\/v2\/users\/5"}],"replies":[{"embeddable":true,"href":"https:\/\/treelofts.com\/fr\/wp-json\/wp\/v2\/comments?post=977"}],"version-history":[{"count":0,"href":"https:\/\/treelofts.com\/fr\/wp-json\/wp\/v2\/pages\/977\/revisions"}],"wp:attachment":[{"href":"https:\/\/treelofts.com\/fr\/wp-json\/wp\/v2\/media?parent=977"}],"curies":[{"name":"wp","href":"https:\/\/api.w.org\/{rel}","templated":true}]}}