{"id":988,"date":"2025-02-10T19:56:25","date_gmt":"2025-02-11T03:56:25","guid":{"rendered":"https:\/\/azh5n13ivf.onrocket.site\/?page_id=988"},"modified":"2025-02-12T23:58:23","modified_gmt":"2025-02-13T07:58:23","slug":"services-de-conseil","status":"publish","type":"page","link":"https:\/\/treelofts.com\/fr\/services-de-conseil\/","title":{"rendered":"Services de conseil"},"content":{"rendered":"<div class=\"banner has-hover\" id=\"banner-1254897267\">\n          <div class=\"banner-inner fill\">\n        <div class=\"banner-bg fill\" >\n            <img decoding=\"async\" width=\"1000\" height=\"1500\" src=\"https:\/\/treelofts.com\/wp-content\/uploads\/2025\/02\/charles-deluvio-rRWiVQzLm7k-unsplash.jpg\" class=\"bg attachment-original size-original\" alt=\"\" title=\"\">                        <div class=\"overlay\"><\/div>            \n                    <\/div>\n\t\t\n        <div class=\"banner-layers container\">\n            <div class=\"fill banner-link\"><\/div>            \n\n   <div id=\"text-box-1784673279\" class=\"text-box banner-layer x50 md-x50 lg-x50 y50 md-y50 lg-y50 res-text\">\n                                <div class=\"text-box-content text dark\">\n              \n              <div class=\"text-inner text-center\">\n                  \n\n<h3>Conseils d'experts pour la cabane de vos r\u00eaves<\/h3>\n<h1 class=\"uppercase\"><strong>Services de conseil<\/strong><\/h1>\n<p>Bien que la construction d'une cabane dans un arbre soit une aventure passionnante, soyons honn\u00eates : il ne suffit pas de marteler quelques planches sur un arbre et de d\u00e9clarer que c'est fini ! Les conseils d'un expert peuvent faire toute la diff\u00e9rence, que vous partiez de z\u00e9ro, que vous r\u00e9noviez une vieille construction ou que vous ayez simplement besoin d'un concept solide avant de commencer. Nous sommes l\u00e0 pour vous aider.<\/p>\n\n              <\/div>\n           <\/div>\n                            \n<style>\n#text-box-1784673279 {\n  width: 82%;\n}\n#text-box-1784673279 .text-box-content {\n  font-size: 100%;\n}\n<\/style>\n    <\/div>\n \n\n        <\/div>\n      <\/div>\n\n            \n<style>\n#banner-1254897267 {\n  padding-top: 669px;\n}\n#banner-1254897267 .overlay {\n  background-color: rgba(0,0,0,.5);\n}\n#banner-1254897267 .banner-bg img {\n  object-position: 59% 55%;\n}\n@media (min-width:550px) {\n  #banner-1254897267 {\n    padding-top: 800px;\n  }\n}\n<\/style>\n  <\/div>\n\n\n<div class=\"row\"  id=\"row-1359279394\">\n\n\n\t<div id=\"col-422069002\" class=\"col small-12 large-12\"  >\n\t\t\t\t<div class=\"col-inner\"  >\n\t\t\t\n\t\t\t\n\n\t<div id=\"text-2256367344\" class=\"text\">\n\t\t\n\n<h2 data-start=\"664\" data-end=\"708\"><strong data-start=\"668\" data-end=\"706\">Ce que couvrent nos services de conseil<\/strong><\/h2>\n\t\t\n<style>\n#text-2256367344 {\n  font-size: 1.5rem;\n}\n<\/style>\n\t<\/div>\n\t\n<p>Vous apportez le r\u00eave, nous offrons les outils bas\u00e9s sur la connaissance. Pour vous pr\u00e9parer au succ\u00e8s, nos services de consultation abordent tous les \u00e9l\u00e9ments importants de la construction d'une cabane :<\/p>\n<p><strong>Planification de la conception de la cabane<\/strong><br \/>Vous ne savez pas par o\u00f9 commencer. Nous vous aiderons \u00e0 d\u00e9terminer la taille, la conception et la construction id\u00e9ales pour votre cabane. Que vous r\u00eaviez d'une cabane \u00e0 plusieurs niveaux ou d'un petit jardin, nous veillerons \u00e0 ce que votre vision soit raisonnable et r\u00e9alisable.<\/p>\n<p><strong>Choisir le bon arbre<\/strong><br \/>La force de votre cabane est tout simplement celle de l'arbre sur lequel elle est construite. Nous vous aiderons \u00e0 choisir un (ou plusieurs) arbre(s) robuste(s) et sain(s) qui conviendra(ont) \u00e0 votre structure pour les ann\u00e9es \u00e0 venir.<\/p>\n<p><strong>Recommandations concernant les mat\u00e9riaux et les fixations<\/strong><br \/>Des fixations respectueuses des arbres au bois r\u00e9sistant aux intemp\u00e9ries, nous vous aiderons \u00e0 s\u00e9lectionner les composants id\u00e9aux pour garantir la solidit\u00e9 et la dur\u00e9e de vie de votre cabane. Les outils ad\u00e9quats pour la t\u00e2che \u00e0 accomplir - plus de devinettes.<\/p>\n<p><strong>Conseils d'installation pour les bricoleurs<\/strong><br \/>Vous avez choisi la voie du bricolage ? Nous vous guidons \u00e0 travers les \u00e9tapes cl\u00e9s de la construction d'une cabane, en vous proposant des id\u00e9es qui vous \u00e9pargneront du temps, des efforts et des erreurs inutiles. Nos conseils vous garantissent de bien comprendre la proc\u00e9dure et de prendre des d\u00e9cisions judicieuses, m\u00eame si vous faites appel \u00e0 un entrepreneur.<\/p>\n<p><strong>Conseils en mati\u00e8re de s\u00e9curit\u00e9 et de structure<\/strong><br \/>Une cabane doit \u00eatre \u00e0 la fois s\u00fbre et divertissante. Nous vous aiderons \u00e0 \u00e9viter les erreurs typiques afin que votre construction soit solide, \u00e9quilibr\u00e9e et r\u00e9sistante aux intemp\u00e9ries.<\/p>\n\n\t\t<\/div>\n\t\t\t\t\n<style>\n#col-422069002 > .col-inner {\n  padding: 50px 0px 0px 0px;\n}\n@media (min-width:550px) {\n  #col-422069002 > .col-inner {\n    padding: 50px 0px 0px 0px;\n  }\n}\n<\/style>\n\t<\/div>\n\n\t\n\n<\/div>\n\n\t<section class=\"section\" id=\"section_2024735307\">\n\t\t<div class=\"section-bg fill\" >\n\t\t\t\t\t\t\t\t\t\n\t\t\t\n\n\t\t<\/div>\n\n\t\t\n\n\t\t<div class=\"section-content relative\">\n\t\t\t\n\n<div class=\"row row-collapse align-middle\" style=\"max-width:1300px\" id=\"row-1804912864\">\n\n\n\t<div id=\"col-1208205534\" class=\"col small-12 large-12\"  >\n\t\t\t\t<div class=\"col-inner\" style=\"background-color:rgb(246, 246, 246);\" >\n\t\t\t\n\t\t\t\n\n<div class=\"row row-collapse align-middle\" style=\"max-width:1300px\" id=\"row-78105384\">\n\n\n\t<div id=\"col-179402195\" class=\"col medium-12 small-12 large-6\"  >\n\t\t\t\t<div class=\"col-inner\"  >\n\t\t\t\n\t\t\t\n\n\n  <div class=\"banner has-hover\" id=\"banner-2092471218\">\n          <div class=\"banner-inner fill\">\n        <div class=\"banner-bg fill\" >\n            <img decoding=\"async\" width=\"913\" height=\"1217\" src=\"https:\/\/treelofts.com\/wp-content\/uploads\/2025\/02\/Dream-Treehouse-6.webp\" class=\"bg attachment-original size-original\" alt=\"\" title=\"\">                                    \n                    <\/div>\n\t\t\n        <div class=\"banner-layers container\">\n            <div class=\"fill banner-link\"><\/div>            \n\n   <div id=\"text-box-1479032179\" class=\"text-box banner-layer x50 md-x50 lg-x50 y50 md-y50 lg-y50 res-text\">\n                                <div class=\"text-box-content text dark\">\n              \n              <div class=\"text-inner text-center\">\n                  \n\n\n              <\/div>\n           <\/div>\n                            \n<style>\n#text-box-1479032179 {\n  width: 60%;\n}\n#text-box-1479032179 .text-box-content {\n  font-size: 100%;\n}\n@media (min-width:550px) {\n  #text-box-1479032179 {\n    width: 60%;\n  }\n}\n<\/style>\n    <\/div>\n \n\n        <\/div>\n      <\/div>\n\n            \n<style>\n#banner-2092471218 {\n  padding-top: 300px;\n  background-color: rgb(255,255,255);\n}\n#banner-2092471218 .banner-bg img {\n  object-position: 54% 49%;\n}\n@media (min-width:550px) {\n  #banner-2092471218 {\n    padding-top: 400px;\n  }\n}\n@media (min-width:850px) {\n  #banner-2092471218 {\n    padding-top: 684px;\n  }\n}\n<\/style>\n  <\/div>\n\n\n\n\t\t<\/div>\n\t\t\t\t\t<\/div>\n\n\t\n\n\t<div id=\"col-823138593\" class=\"col medium-12 small-12 large-6\"  >\n\t\t\t\t<div class=\"col-inner\" style=\"background-color:rgb(246, 246, 246);\" >\n\t\t\t\n\t\t\t\n\n\t<div id=\"text-3421330267\" class=\"text\">\n\t\t\n\n<h2 data-start=\"2232\" data-end=\"2287\"><strong data-start=\"2236\" data-end=\"2285\">Qui peut b\u00e9n\u00e9ficier de nos services de conseil ?<\/strong><\/h2>\n\t\t\n<style>\n#text-3421330267 {\n  font-size: 1.5rem;\n}\n<\/style>\n\t<\/div>\n\t\n<p>Compte tenu de vos projets de cabanes, vous avez sans doute besoin d'un accompagnement professionnel ! Nos services de conseil conviennent parfaitement \u00e0 :<\/p>\n<ul>\n<li><strong>Constructeurs bricoleurs<\/strong> - Si vous travaillez personnellement sur ce projet mais que vous avez besoin d'\u00eatre guid\u00e9, nous vous aiderons \u00e0 planifier correctement et \u00e0 construire en toute confiance.<\/li>\n<li><strong>S\u00e9lection des entrepreneurs par les propri\u00e9taires<\/strong> - Savoir ce qu'il faut anticiper et ce qu'il faut demander vous sera d'une grande aide, m\u00eame si quelqu'un d'autre fait le gros du travail.<\/li>\n<li><strong>Propri\u00e9taires de cabanes cherchant \u00e0 am\u00e9liorer ou \u00e0 r\u00e9parer leur maison<\/strong> - Vous avez une vieille cabane instable ? Nous vous aiderons \u00e0 l'\u00e9valuer, \u00e0 la renforcer et \u00e0 la rendre plus performante que par le pass\u00e9 !<\/li>\n<\/ul>\n<a href=\"https:\/\/treelofts.com\/fr\/nous-contacter\/\" class=\"button white is-outline\"  style=\"border-radius:10px;padding:10px 25px 10px 25px;\">\n\t\t<span>Contactez nous<\/span>\n\t<\/a>\n\n\n\n\t\t<\/div>\n\t\t\t\t\n<style>\n#col-823138593 > .col-inner {\n  padding: 40px 30px 30px 30px;\n}\n@media (min-width:550px) {\n  #col-823138593 > .col-inner {\n    padding: 50px 75px 50px 75px;\n  }\n}\n@media (min-width:850px) {\n  #col-823138593 > .col-inner {\n    padding: 50px 75px 50px 75px;\n  }\n}\n<\/style>\n\t<\/div>\n\n\t\n\n<\/div>\n\n\t\t<\/div>\n\t\t\t\t\t<\/div>\n\n\t\n\n<\/div>\n\n\t\t<\/div>\n\n\t\t\n<style>\n#section_2024735307 {\n  padding-top: 50px;\n  padding-bottom: 50px;\n}\n@media (min-width:550px) {\n  #section_2024735307 {\n    padding-top: 60px;\n    padding-bottom: 60px;\n  }\n}\n<\/style>\n\t<\/section>\n\t\n\n  <div class=\"banner has-hover\" id=\"banner-1333745620\">\n          <div class=\"banner-inner fill\">\n        <div class=\"banner-bg fill\" >\n            <img decoding=\"async\" width=\"1015\" height=\"1024\" src=\"https:\/\/treelofts.com\/wp-content\/uploads\/2025\/02\/Tree-House-17.jpg\" class=\"bg attachment-original size-original\" alt=\"\" title=\"\">                        <div class=\"overlay\"><\/div>            \n                    <\/div>\n\t\t\n        <div class=\"banner-layers container\">\n            <div class=\"fill banner-link\"><\/div>            \n\n   <div id=\"text-box-618220255\" class=\"text-box banner-layer x50 md-x50 lg-x50 y50 md-y50 lg-y50 res-text\">\n                                <div class=\"text-box-content text dark\">\n              \n              <div class=\"text-inner text-center\">\n                  \n\n<p>Donnons vie \u00e0 votre vision<\/p>\n<h2><strong>Fabriquer des cabanes de r\u00eave depuis 2013<\/strong><\/h2>\n<a href=\"https:\/\/treelofts.com\/fr\/nous-contacter\/\" class=\"button white is-outline\"  >\n\t\t<span>commencez votre voyage dans les arbres d\u00e8s aujourd'hui<\/span>\n\t<\/a>\n\n\n\n              <\/div>\n           <\/div>\n                            \n<style>\n#text-box-618220255 {\n  width: 60%;\n}\n#text-box-618220255 .text-box-content {\n  font-size: 100%;\n}\n<\/style>\n    <\/div>\n \n\n        <\/div>\n      <\/div>\n\n            \n<style>\n#banner-1333745620 {\n  padding-top: 350px;\n}\n#banner-1333745620 .overlay {\n  background-color: rgba(0, 0, 0, 0.17);\n}\n#banner-1333745620 .banner-bg img {\n  object-position: 61% 43%;\n}\n<\/style>\n  <\/div>\n\n\n<div class=\"woocommerce columns-4\"><\/div>\n\n<div class=\"row\"  id=\"row-1147100750\">\n\n\n\n<\/div>","protected":false},"excerpt":{"rendered":"","protected":false},"author":5,"featured_media":0,"parent":0,"menu_order":0,"comment_status":"closed","ping_status":"closed","template":"","meta":{"footnotes":""},"class_list":["post-988","page","type-page","status-publish","hentry"],"_links":{"self":[{"href":"https:\/\/treelofts.com\/fr\/wp-json\/wp\/v2\/pages\/988","targetHints":{"allow":["GET"]}}],"collection":[{"href":"https:\/\/treelofts.com\/fr\/wp-json\/wp\/v2\/pages"}],"about":[{"href":"https:\/\/treelofts.com\/fr\/wp-json\/wp\/v2\/types\/page"}],"author":[{"embeddable":true,"href":"https:\/\/treelofts.com\/fr\/wp-json\/wp\/v2\/users\/5"}],"replies":[{"embeddable":true,"href":"https:\/\/treelofts.com\/fr\/wp-json\/wp\/v2\/comments?post=988"}],"version-history":[{"count":0,"href":"https:\/\/treelofts.com\/fr\/wp-json\/wp\/v2\/pages\/988\/revisions"}],"wp:attachment":[{"href":"https:\/\/treelofts.com\/fr\/wp-json\/wp\/v2\/media?parent=988"}],"curies":[{"name":"wp","href":"https:\/\/api.w.org\/{rel}","templated":true}]}}