{"id":996,"date":"2025-02-10T20:29:23","date_gmt":"2025-02-11T04:29:23","guid":{"rendered":"https:\/\/azh5n13ivf.onrocket.site\/?page_id=996"},"modified":"2025-02-13T00:02:21","modified_gmt":"2025-02-13T08:02:21","slug":"nouvelles-diapositives","status":"publish","type":"page","link":"https:\/\/treelofts.com\/fr\/nouvelles-diapositives\/","title":{"rendered":"Nouvelles diapositives"},"content":{"rendered":"<div class=\"banner has-hover\" id=\"banner-98697415\">\n          <div class=\"banner-inner fill\">\n        <div class=\"banner-bg fill\" >\n            <img decoding=\"async\" width=\"1020\" height=\"584\" src=\"https:\/\/treelofts.com\/wp-content\/uploads\/2025\/02\/Tree-House-1.jpg\" class=\"bg attachment-large size-large\" alt=\"\" title=\"\">                        <div class=\"overlay\"><\/div>            \n                    <\/div>\n\t\t\n        <div class=\"banner-layers container\">\n            <div class=\"fill banner-link\"><\/div>            \n\n   <div id=\"text-box-1697296778\" class=\"text-box banner-layer x50 md-x50 lg-x50 y50 md-y50 lg-y50 res-text\">\n                                <div class=\"text-box-content text dark\">\n              \n              <div class=\"text-inner text-center\">\n                  \n\n<h3>Ajoutez une touche de fun \u00e0 votre cabane !<\/h3>\n<h1><strong>NOUVEAU <\/strong><strong data-start=\"681\" data-end=\"719\">DIAPORAMA<\/strong><\/h1>\n<p>Une cabane est d\u00e9j\u00e0 un endroit fantastique pour l'aventure, mais imaginez si vous pouviez \u00e9viter les marches et glisser \u00e0 la place ! Que vous souhaitiez une descente rapide et exaltante ou une chute agr\u00e9able et tourbillonnante, l'ajout d'un toboggan \u00e0 votre cabane est le moyen id\u00e9al d'augmenter votre plaisir en plein air.<\/p>\n\n              <\/div>\n           <\/div>\n                            \n<style>\n#text-box-1697296778 {\n  width: 85%;\n}\n#text-box-1697296778 .text-box-content {\n  font-size: 100%;\n}\n<\/style>\n    <\/div>\n \n\n        <\/div>\n      <\/div>\n\n            \n<style>\n#banner-98697415 {\n  padding-top: 679px;\n}\n#banner-98697415 .overlay {\n  background-color: rgba(0,0,0,.5);\n}\n#banner-98697415 .banner-bg img {\n  object-position: 76% 100%;\n}\n@media (min-width:550px) {\n  #banner-98697415 {\n    padding-top: 800px;\n  }\n}\n<\/style>\n  <\/div>\n\n\n\n\t<section class=\"section\" id=\"section_1106046243\">\n\t\t<div class=\"section-bg fill\" >\n\t\t\t\t\t\t\t\t\t\n\t\t\t\n\n\t\t<\/div>\n\n\t\t\n\n\t\t<div class=\"section-content relative\">\n\t\t\t\n\n<div class=\"row row-collapse align-middle\" style=\"max-width:1300px\" id=\"row-1726091742\">\n\n\n\t<div id=\"col-910752014\" class=\"col small-12 large-12\"  >\n\t\t\t\t<div class=\"col-inner\" style=\"background-color:rgb(246, 246, 246);\" >\n\t\t\t\n\t\t\t\n\n<div class=\"row row-collapse align-middle\" style=\"max-width:1300px\" id=\"row-2136654141\">\n\n\n\t<div id=\"col-1354218266\" class=\"col medium-12 small-12 large-6\"  >\n\t\t\t\t<div class=\"col-inner\"  >\n\t\t\t\n\t\t\t\n\n\n  <div class=\"banner has-hover\" id=\"banner-1845084386\">\n          <div class=\"banner-inner fill\">\n        <div class=\"banner-bg fill\" >\n            <img decoding=\"async\" width=\"1024\" height=\"683\" src=\"https:\/\/treelofts.com\/wp-content\/uploads\/2025\/02\/Tree-House-37.jpg\" class=\"bg attachment-original size-original\" alt=\"\" title=\"\">                                    \n                    <\/div>\n\t\t\n        <div class=\"banner-layers container\">\n            <div class=\"fill banner-link\"><\/div>            \n\n   <div id=\"text-box-1792013107\" class=\"text-box banner-layer x50 md-x50 lg-x50 y50 md-y50 lg-y50 res-text\">\n                                <div class=\"text-box-content text dark\">\n              \n              <div class=\"text-inner text-center\">\n                  \n\n\n              <\/div>\n           <\/div>\n                            \n<style>\n#text-box-1792013107 {\n  width: 60%;\n}\n#text-box-1792013107 .text-box-content {\n  font-size: 100%;\n}\n@media (min-width:550px) {\n  #text-box-1792013107 {\n    width: 60%;\n  }\n}\n<\/style>\n    <\/div>\n \n\n        <\/div>\n      <\/div>\n\n            \n<style>\n#banner-1845084386 {\n  padding-top: 300px;\n  background-color: rgb(255,255,255);\n}\n#banner-1845084386 .banner-bg img {\n  object-position: 50% 60%;\n}\n@media (min-width:550px) {\n  #banner-1845084386 {\n    padding-top: 400px;\n  }\n}\n@media (min-width:850px) {\n  #banner-1845084386 {\n    padding-top: 621px;\n  }\n}\n<\/style>\n  <\/div>\n\n\n\n\t\t<\/div>\n\t\t\t\t\t<\/div>\n\n\t\n\n\t<div id=\"col-901122957\" class=\"col medium-12 small-12 large-6\"  >\n\t\t\t\t<div class=\"col-inner\" style=\"background-color:rgb(246, 246, 246);\" >\n\t\t\t\n\t\t\t\n\n\t<div id=\"text-3244030650\" class=\"text\">\n\t\t\n\n<h2 data-start=\"677\" data-end=\"721\"><strong data-start=\"681\" data-end=\"719\">Pourquoi ajouter un toboggan \u00e0 votre cabane ?<\/strong><\/h2>\n\t\t\n<style>\n#text-3244030650 {\n  font-size: 1.5rem;\n}\n<\/style>\n\t<\/div>\n\t\n<ul>\n<li data-start=\"850\" data-end=\"940\"><strong data-start=\"852\" data-end=\"875\">Am\u00e9lioration instantan\u00e9e de l'amusement<\/strong> - Descendre les escaliers en courant ? Ennuyeux. Descendre avec style ? Incroyable !<\/li>\n<li data-start=\"941\" data-end=\"1055\"><strong data-start=\"943\" data-end=\"967\">L'aventure \u00e0 chaque fois<\/strong> - Un toboggan donne \u00e0 chaque descente de la cabane l'impression d'une escapade pleine d'action.<\/li>\n<li data-start=\"1056\" data-end=\"1177\"><strong data-start=\"1058\" data-end=\"1076\">Plus s\u00fbr pour les enfants<\/strong> - Fini les \u00e9chelles branlantes, les toboggans permettent aux jeunes aventuriers de descendre en douceur et en toute s\u00e9curit\u00e9.<\/li>\n<li data-start=\"1178\" data-end=\"1301\"><strong data-start=\"1180\" data-end=\"1201\">Plus d'options de jeu<\/strong> - Pourquoi rester assis dans sa cabane quand on peut grimper, explorer et glisser pour s'amuser \u00e0 l'infini ?<\/li>\n<\/ul>\n<p>Un toboggan ajoute encore plus d'excitation, que votre cabane soit destin\u00e9e au jeu imaginatif, aux loisirs ou \u00e0 une escapade dans l'arri\u00e8re-cour !<\/p>\n<a href=\"https:\/\/treelofts.com\/fr\/nous-contacter\/\" class=\"button white is-outline\"  style=\"border-radius:10px;padding:10px 25px 10px 25px;\">\n\t\t<span>commencez votre voyage dans les arbres d\u00e8s aujourd'hui<\/span>\n\t<\/a>\n\n\n\n\t\t<\/div>\n\t\t\t\t\n<style>\n#col-901122957 > .col-inner {\n  padding: 40px 30px 30px 30px;\n}\n@media (min-width:550px) {\n  #col-901122957 > .col-inner {\n    padding: 50px 75px 50px 75px;\n  }\n}\n@media (min-width:850px) {\n  #col-901122957 > .col-inner {\n    padding: 50px 75px 50px 75px;\n  }\n}\n<\/style>\n\t<\/div>\n\n\t\n\n<\/div>\n\n\t\t<\/div>\n\t\t\t\t\t<\/div>\n\n\t\n\n<\/div>\n\t<div id=\"gap-1359248741\" class=\"gap-element clearfix\" style=\"display:block; height:auto;\">\n\t\t\n<style>\n#gap-1359248741 {\n  padding-top: 60px;\n}\n<\/style>\n\t<\/div>\n\t\n\n<div class=\"row\"  id=\"row-2083690526\">\n\n\n\t<div id=\"col-1413224590\" class=\"col small-12 large-12\"  >\n\t\t\t\t<div class=\"col-inner\"  >\n\t\t\t\n\t\t\t\n\n\t<div id=\"text-2239899166\" class=\"text\">\n\t\t\n\n<h2 data-start=\"1449\" data-end=\"1502\"><strong data-start=\"1453\" data-end=\"1500\">Choisir le bon toboggan pour votre cabane<\/strong><\/h2>\n\t\t\n<style>\n#text-2239899166 {\n  font-size: 1.5rem;\n}\n<\/style>\n\t<\/div>\n\t\n<p>Tous les toboggans ne sont pas identiques ! La hauteur de votre cabane, l'espace disponible et le niveau d'excitation souhait\u00e9 d\u00e9termineront le bon toboggan. Voici quelques choix auxquels vous pouvez r\u00e9fl\u00e9chir :<\/p>\n<p><strong>1. Diapositives droites - Simple et rapide<\/strong><br \/>Un toboggan droit traditionnel monte rapidement et puissamment. Id\u00e9al pour les cabanes plus hautes, ce mod\u00e8le vous permet de glisser directement vers le sol en quelques secondes.<\/p>\n<p><strong>2. Toboggans en spirale - Virevolter, tourner et s'amuser davantage<\/strong><br \/>Vous souhaitez donner un peu d'\u00e9lan \u00e0 votre voyage ? Un toboggan en spirale vous permet de descendre en tourbillonnant pour un voyage int\u00e9ressant et plus long. Parfait pour les petites cabanes, mais tr\u00e8s amusant !<\/p>\n<p><strong>3. Toboggans ondul\u00e9s - doux et ludiques<\/strong><br \/>Un toboggan ondul\u00e9 donne plus de mouvement sans trop de vitesse pour une descente plus douce et plus roulante, parfaite pour les enfants de tous \u00e2ges !<\/p>\n<p><strong>4. Toboggans \u00e0 tubes - ferm\u00e9s pour plus de sensations fortes<\/strong><br \/>Si vous aimez les toboggans rapides sous forme ferm\u00e9e, un toboggan tubulaire vous procure un sentiment d'excitation suppl\u00e9mentaire et une petite surprise lorsque vous descendez de votre cabane.<\/p>\n<p><strong>5. Diapositives bricol\u00e9es ou pr\u00e9fabriqu\u00e9es<\/strong><br \/>Vous \u00eates bricoleur ? Cr\u00e9ez votre propre toboggan \u00e0 l'aide d'une surface ajust\u00e9e sur mesure ou de panneaux de bois dur lisses. Vous avez besoin d'une solution rapide et fiable ? Choisissez parmi les glissi\u00e8res pr\u00e9fabriqu\u00e9es en m\u00e9tal, en fibre de verre ou en plastique r\u00e9sistant aux intemp\u00e9ries.<\/p>\n\t<div id=\"gap-997481047\" class=\"gap-element clearfix\" style=\"display:block; height:auto;\">\n\t\t\n<style>\n#gap-997481047 {\n  padding-top: 30px;\n}\n<\/style>\n\t<\/div>\n\t\n\n\t<div id=\"text-2042182176\" class=\"text\">\n\t\t\n\n<h2 data-start=\"2804\" data-end=\"2838\"><strong data-start=\"2808\" data-end=\"2836\">L'installation simplifi\u00e9e<\/strong><\/h2>\n\t\t\n<style>\n#text-2042182176 {\n  font-size: 1.5rem;\n}\n<\/style>\n\t<\/div>\n\t\n<p>Nous avons des conseils \u00e0 vous donner pour que la proc\u00e9dure se d\u00e9roule sans heurt et sans stress, m\u00eame si nous n'assurons pas l'installation sur place :<\/p>\n<ul>\n<li><strong>Designs conviviaux pour les bricoleurs<\/strong> - Avec le syst\u00e8me de support ad\u00e9quat, de nombreuses glissi\u00e8res sont faciles \u00e0 monter.<\/li>\n<li><strong>V\u00e9rifier la pente<\/strong> - Veillez \u00e0 ce que votre toboggan ne soit ni trop raide ni trop plat - vous voulez de la vitesse, mais aussi du contr\u00f4le.<\/li>\n<li><strong>Fixer la base<\/strong> - Un tapis d'atterrissage souple, du paillis ou de l'herbe au fond rend la promenade plus s\u00fbre.<\/li>\n<li><strong>Envisager l'am\u00e9lioration des toboggans aquatiques<\/strong> - Vous voulez encore plus de plaisir ? Pour une touche de fra\u00eecheur estivale, ajoutez de l'eau !<\/li>\n<\/ul>\n<p>Si vous n'\u00eates pas s\u00fbr de l'installation, vous pouvez toujours consulter un entrepreneur local pour la fixer solidement \u00e0 votre cabane.<\/p>\n\t<div id=\"gap-279839251\" class=\"gap-element clearfix\" style=\"display:block; height:auto;\">\n\t\t\n<style>\n#gap-279839251 {\n  padding-top: 30px;\n}\n<\/style>\n\t<\/div>\n\t\n\n<p>Une cabane est un univers d'imagination, d'aventure et de sensations fortes, et pas seulement une construction physique. L'ajout d'un toboggan en fait la meilleure retraite en plein air qui soit ! Cette am\u00e9lioration garantit des heures de plaisir ininterrompu, quel que soit le type de toboggan - droit, en spirale ou ondul\u00e9.<\/p>\n<p>Chez Treelofts, nous vous aidons \u00e0 s\u00e9lectionner le toboggan id\u00e9al en fonction de la hauteur, de la conception et du degr\u00e9 d'aventure de votre cabane.<strong> D\u00e9couvrez d\u00e8s \u00e0 pr\u00e9sent nos suggestions pour que votre cabane atteigne un niveau de plaisir sans pr\u00e9c\u00e9dent.<\/strong><\/p>\n\n\t\t<\/div>\n\t\t\t\t\t<\/div>\n\n\t\n\n<\/div>\n\n\t\t<\/div>\n\n\t\t\n<style>\n#section_1106046243 {\n  padding-top: 60px;\n  padding-bottom: 60px;\n}\n<\/style>\n\t<\/section>\n\t\n\n  <div class=\"banner has-hover\" id=\"banner-1489523729\">\n          <div class=\"banner-inner fill\">\n        <div class=\"banner-bg fill\" >\n            <img decoding=\"async\" width=\"1020\" height=\"728\" src=\"https:\/\/treelofts.com\/wp-content\/uploads\/2025\/02\/Tree-House-41.jpg\" class=\"bg attachment-large size-large\" alt=\"\" title=\"\">                        <div class=\"overlay\"><\/div>            \n                    <\/div>\n\t\t\n        <div class=\"banner-layers container\">\n            <div class=\"fill banner-link\"><\/div>            \n\n   <div id=\"text-box-1746978275\" class=\"text-box banner-layer x50 md-x50 lg-x50 y50 md-y50 lg-y50 res-text\">\n                                <div class=\"text-box-content text dark\">\n              \n              <div class=\"text-inner text-center\">\n                  \n\n<p>Donnons vie \u00e0 votre vision<\/p>\n<h2><strong>Fabriquer des cabanes de r\u00eave depuis 2013<\/strong><\/h2>\n<a href=\"https:\/\/treelofts.com\/fr\/nous-contacter\/\" class=\"button white is-outline\"  >\n\t\t<span>commencez votre voyage dans les arbres d\u00e8s aujourd'hui<\/span>\n\t<\/a>\n\n\n\n              <\/div>\n           <\/div>\n                            \n<style>\n#text-box-1746978275 {\n  width: 60%;\n}\n#text-box-1746978275 .text-box-content {\n  font-size: 100%;\n}\n<\/style>\n    <\/div>\n \n\n        <\/div>\n      <\/div>\n\n            \n<style>\n#banner-1489523729 {\n  padding-top: 350px;\n}\n#banner-1489523729 .overlay {\n  background-color: rgba(0, 0, 0, 0.17);\n}\n#banner-1489523729 .banner-bg img {\n  object-position: 49% 53%;\n}\n<\/style>\n  <\/div>\n\n\n<div class=\"woocommerce columns-4\"><\/div>\n\n<div class=\"row\"  id=\"row-1529409796\">\n\n\n\n<\/div>","protected":false},"excerpt":{"rendered":"","protected":false},"author":5,"featured_media":0,"parent":0,"menu_order":0,"comment_status":"closed","ping_status":"closed","template":"","meta":{"footnotes":""},"class_list":["post-996","page","type-page","status-publish","hentry"],"_links":{"self":[{"href":"https:\/\/treelofts.com\/fr\/wp-json\/wp\/v2\/pages\/996","targetHints":{"allow":["GET"]}}],"collection":[{"href":"https:\/\/treelofts.com\/fr\/wp-json\/wp\/v2\/pages"}],"about":[{"href":"https:\/\/treelofts.com\/fr\/wp-json\/wp\/v2\/types\/page"}],"author":[{"embeddable":true,"href":"https:\/\/treelofts.com\/fr\/wp-json\/wp\/v2\/users\/5"}],"replies":[{"embeddable":true,"href":"https:\/\/treelofts.com\/fr\/wp-json\/wp\/v2\/comments?post=996"}],"version-history":[{"count":0,"href":"https:\/\/treelofts.com\/fr\/wp-json\/wp\/v2\/pages\/996\/revisions"}],"wp:attachment":[{"href":"https:\/\/treelofts.com\/fr\/wp-json\/wp\/v2\/media?parent=996"}],"curies":[{"name":"wp","href":"https:\/\/api.w.org\/{rel}","templated":true}]}}